{"id":113,"date":"2016-07-02T18:40:37","date_gmt":"2016-07-02T17:40:37","guid":{"rendered":"http:\/\/leslectures.demarie.fr\/?page_id=113"},"modified":"2016-07-03T09:32:58","modified_gmt":"2016-07-03T08:32:58","slug":"le-coma-des-mortels-maxime-chattam","status":"publish","type":"page","link":"http:\/\/leslectures.demarie.fr\/?page_id=113","title":{"rendered":"Le Coma des Mortels [Maxime Chattam]"},"content":{"rendered":"<p style=\"text-align: center;\">Le Coma des Mortels &#8211; Maxime Chattam (\u00e9ditions Albin Michel)<\/p>\n<p>&nbsp;<\/p>\n<p>&nbsp;<\/p>\n<p><img decoding=\"async\" loading=\"lazy\" class=\" wp-image-114 aligncenter\" alt=\"41ixEELWEYL._SX195_\" src=\"http:\/\/leslectures.demarie.fr\/wp-content\/uploads\/2016\/07\/41ixEELWEYL._SX195_.jpg\" width=\"176\" height=\"257\" \/><\/p>\n<p>Extrait du r\u00e9sum\u00e9 :<\/p>\n<p><em>&laquo;&nbsp;Qui est Pierre ? Et d\u2019ailleurs, se nomme-t-il vraiment Pierre ?<\/em><br \/>\n<em>Un r\u00eaveur ? Un affabulateur ? Un assassin ?<\/em><br \/>\n<em>Une chose est certaine, on meurt beaucoup autour de lui.<\/em><br \/>\n<em>Et rarement de mort naturelle.&nbsp;&raquo;<\/em><\/p>\n<p>Et bien, voil\u00e0 un roman qui change du thriller ou du fantastique ! Pour tout dire, on ne s&rsquo;attend pas \u00e0 \u00e7a de la part de Maxime Chattam et j&rsquo;ai \u00e9t\u00e9 vraiment agr\u00e9ablement surprise.\u00a0 J&rsquo;avais ador\u00e9 Que ta volont\u00e9 soit faite, par son esprit Stephen King, je suis une grande lectrice de ses autres \u0153uvres, mais j&rsquo;ai appr\u00e9ci\u00e9 ce changement de ton et de m\u00e9thode.<\/p>\n<p style=\"text-align: justify;\">On passe dans un style narratif tout \u00e0 fait diff\u00e9rent, interne. On ne quitte pas l&rsquo;esprit de Pierre, pas une seconde. Le personnage est \u00e0 la fois d\u00e9rangeant et attachant. On retrouve des appels au lecteur, ou en tous cas au narrataire et le personnage-narrateur s&rsquo;amuse avec celui qui suit ses aventures. On commence par la fin et les chapitres vont par ordre d\u00e9croissant. On a l&rsquo;impression de se retrouver dans le Nouveau-Roman, qui cherchait \u00e0 d\u00e9construire ce qu&rsquo;\u00e9tait le roman. Les normes sont boulevers\u00e9es et si c&rsquo;est surprenant au d\u00e9but de la lecture, on s&rsquo;habitue vite au fil des pages et on ne pr\u00eate plus attention \u00e0 tous ces changements.<\/p>\n<p style=\"text-align: justify;\">C&rsquo;est un roman hors genre, un peu comme on pourrait r\u00e9ussir \u00e0 ne pas classer Am\u00e9lie Nothomb ou Jean Teul\u00e9. On trouve une histoire d\u00e9cal\u00e9e avec un h\u00e9ros \u00e9trange, un vrai aimant \u00e0 ennuis ! Le style est fluide, pas trop alambiqu\u00e9, mais recherch\u00e9 et stylistiquement tr\u00e8s int\u00e9ressant. Enfin, si le ton peut para\u00eetre cynique, c&rsquo;est surtout un humour noir \u00e0 la fois l\u00e9ger et trash, qui fait sourire le lecteur, l&rsquo;effet est donc r\u00e9ussi. L&rsquo;auteur s&rsquo;\u00e9loigne de ce qu&rsquo;il a l&rsquo;habitude de faire et pour moi c&rsquo;est une grande r\u00e9ussite !<\/p>\n<p style=\"text-align: justify;\">&laquo;&nbsp;<em>L\u00e0, maintenant, ce que vous allez prendre en pleine t\u00eate, c&rsquo;est l\u00e0 vie, rien que \u00e7a. Poreuse, poisseuse, partielle et partiale.<\/em><\/p>\n<p style=\"text-align: justify;\"><em>La mienne. Elle va se m\u00ealer \u00e0 la v\u00f4tre, vous allez l&rsquo;assimiler peu \u00e0 peu, comme un long baiser, vous en retirerez quelque chose qui va vous suivre ensuite dans votre existence, qui va se r\u00e9pandre dans votre cervelle et qui pourrait bien, soyez-en conscients, modifier \u00e0 jamais ce que vous \u00eates. Parce que les mots, une fois qu&rsquo;on les a lus, on ne peut pas revenir en arri\u00e8re, \u00e7a se plante dans la mati\u00e8re grise, les mots sont les racines des arbres de nos pens\u00e9es, et nul ne peut savoir jusqu&rsquo;o\u00f9 ils vont grandir, et si un arbre ne donnera pas, un jour, une for\u00eat.<\/em>&laquo;&nbsp;<\/p>\n<p style=\"text-align: justify;\">Donc si vous cherchez une lecture pour l&rsquo;\u00e9t\u00e9, je vous le conseille sans soucis, pour quelques heures de plaisir \u00e0 l&rsquo;horizon !<\/p>\n<p style=\"text-align: justify;\"><span style=\"text-decoration: underline;\"><strong>Conseils de lecture :<\/strong><\/span><\/p>\n<p style=\"text-align: justify;\"><em><strong>-Mangez-le si vous voulez (Jean Teul\u00e9) :<\/strong>\u00a0<\/em>Une histoire atroce qu&rsquo;on lit le sourire aux l\u00e8vres&#8230; Jean Teul\u00e9 nous fait rire sur un fait divers terrible, un m\u00e9lange de cynisme et de r\u00e9alit\u00e9, le tout saupoudr\u00e9 d&rsquo;humour.<\/p>\n<p style=\"text-align: justify;\"><span style=\"text-decoration: underline;\">R\u00e9sum\u00e9 :<\/span> &laquo;&nbsp;<em>Nul n&rsquo;est \u00e0 l&rsquo;abri de l&rsquo;abominable.\u00a0<\/em><br \/>\n<em>Nous sommes tous capables du pire!<\/em><br \/>\n<em>Le mardi 16 ao\u00fbt 1870, Alain de Mon\u00e9ys, jeune P\u00e9rigourdin intelligent et aimable, sort du domicile de ses parents pour se rendre \u00e0 la foire de Hautefaye, le village voisin.<\/em><br \/>\n<em>Il arrive \u00e0 destination \u00e0 quatorze heures. Deux heures plus tard, la foule devenue folle l&rsquo;aura lynch\u00e9, tortur\u00e9, br\u00fbl\u00e9 vif et m\u00eame mang\u00e9.<\/em><br \/>\n<em>Pourquoi une telle horreur est-possible?\u00a0<\/em><br \/>\n<em>Comment une foule paisible peut-elle \u00eatre saisie en quelques minutes par une fr\u00e9n\u00e9sie aussi barbare?<\/em><br \/>\n<em>Jean Teul\u00e9 a reconstitu\u00e9 avec une pr\u00e9cision redoutable chaque \u00e9tape de cet atroce chemin de croix qui constitue l&rsquo;une des anecdotes les plus honteuses de l&rsquo;histoire du XIXe si\u00e8cle en France.<\/em>&laquo;&nbsp;<\/p>\n<p style=\"text-align: justify;\"><em><strong>-Le crime du comte Neville (Am\u00e9lie Nothomb) :<\/strong><\/em>\u00a0Cette ann\u00e9e, Am\u00e9lie Nothomb fait sa rentr\u00e9e avec un conte de f\u00e9es virant \u00e0 la trag\u00e9die grecque. &laquo;&nbsp;Le crime du comte Neville&nbsp;&raquo; raconte l&rsquo;histoire d&rsquo;une jeune ch\u00e2telaine mal dans sa peau, qui cherche \u00e0 se faire assassiner par son p\u00e8re, pour aider ce dernier \u00e0 r\u00e9aliser sans dommages la pr\u00e9diction d&rsquo;une voyante rencontr\u00e9e \u00e0 l&rsquo;issue d&rsquo;une fugue qui n&rsquo;en est pas une. (Babelio)<\/p>\n<p style=\"text-align: justify;\"><span style=\"text-decoration: underline;\">R\u00e9sum\u00e9 :<\/span> <em>\u00abCe qui est monstrueux n&rsquo;est pas n\u00e9cessairement indigne.\u00bb Am\u00e9lie Nothomb<\/em><\/p>\n","protected":false},"excerpt":{"rendered":"<p>Le Coma des Mortels &#8211; Maxime Chattam (\u00e9ditions Albin Michel) &nbsp; &nbsp; Extrait du r\u00e9sum\u00e9 : &laquo;&nbsp;Qui est Pierre ? Et d\u2019ailleurs, se nomme-t-il vraiment Pierre ? Un r\u00eaveur ? Un affabulateur ? Un assassin ? Une chose est certaine, on meurt beaucoup autour de lui. Et rarement de mort naturelle.&nbsp;&raquo; Et bien, voil\u00e0 un [&hellip;]<\/p>\n","protected":false},"author":1,"featured_media":0,"parent":7,"menu_order":0,"comment_status":"open","ping_status":"open","template":"","meta":[],"_links":{"self":[{"href":"http:\/\/leslectures.demarie.fr\/index.php?rest_route=\/wp\/v2\/pages\/113"}],"collection":[{"href":"http:\/\/leslectures.demarie.fr\/index.php?rest_route=\/wp\/v2\/pages"}],"about":[{"href":"http:\/\/leslectures.demarie.fr\/index.php?rest_route=\/wp\/v2\/types\/page"}],"author":[{"embeddable":true,"href":"http:\/\/leslectures.demarie.fr\/index.php?rest_route=\/wp\/v2\/users\/1"}],"replies":[{"embeddable":true,"href":"http:\/\/leslectures.demarie.fr\/index.php?rest_route=%2Fwp%2Fv2%2Fcomments&post=113"}],"version-history":[{"count":4,"href":"http:\/\/leslectures.demarie.fr\/index.php?rest_route=\/wp\/v2\/pages\/113\/revisions"}],"predecessor-version":[{"id":120,"href":"http:\/\/leslectures.demarie.fr\/index.php?rest_route=\/wp\/v2\/pages\/113\/revisions\/120"}],"up":[{"embeddable":true,"href":"http:\/\/leslectures.demarie.fr\/index.php?rest_route=\/wp\/v2\/pages\/7"}],"wp:attachment":[{"href":"http:\/\/leslectures.demarie.fr\/index.php?rest_route=%2Fwp%2Fv2%2Fmedia&parent=113"}],"curies":[{"name":"wp","href":"https:\/\/api.w.org\/{rel}","templated":true}]}}