{"id":124,"date":"2015-11-17T09:40:26","date_gmt":"2015-11-17T08:40:26","guid":{"rendered":"http:\/\/leslectures.demarie.fr\/?page_id=124"},"modified":"2021-01-18T20:24:05","modified_gmt":"2021-01-18T19:24:05","slug":"hommage","status":"publish","type":"page","link":"http:\/\/leslectures.demarie.fr\/?page_id=124","title":{"rendered":"Hommage"},"content":{"rendered":"<p>13 novembre 2015<\/p>\n<p style=\"text-align: justify;\">La France a saign\u00e9. Elle a \u00e9t\u00e9 touch\u00e9e au c\u0153ur. Des actes d&rsquo;une barbarie innommable ont \u00e9t\u00e9 commis. Ces actes ont apport\u00e9 avec eux la mort, la souffrance, la col\u00e8re et la peur. Oui malgr\u00e9 tout ce qui se dit, malgr\u00e9 toute la bravoure dont on a pu \u00eatre t\u00e9moins ces derniers jours, ces derni\u00e8res semaines, ces derniers mois, j&rsquo;ai peur. J&rsquo;ai peur, pour l&rsquo;humanit\u00e9, victime chaque jour d&rsquo;un peu plus de violence et de haine. Peur pour la libert\u00e9, condamn\u00e9e par des \u00eatres qui renient ce qu&rsquo;est l&rsquo;\u00eatre humain. Peur pour l&rsquo;innocence de nos enfants, qui est mise, si t\u00f4t, \u00e0 rude \u00e9preuve. Peur pour la vie de mes proches et de leurs proches. Cependant, je n&rsquo;ai pas honte d&rsquo;avouer ma peur et je la nomme.<\/p>\n<p style=\"text-align: justify;\">Car je crois qu&rsquo;aujourd&rsquo;hui, il ne faut plus avoir peur de nommer les choses, de mettre des mots sur ce que l&rsquo;on ressent. Il m&rsquo;a fallu plusieurs jours avant de r\u00e9ussir \u00e0 trouver ces mots, \u00e0 d\u00e9crire ce qui comprime mon c\u0153ur depuis vendredi. Mais nommer les choses permet de prendre du recul sur ses ressentis et de mieux les appr\u00e9hender, mieux les comprendre et mieux vivre avec. Oui c&rsquo;est la guerre. Ce n&rsquo;est pas nouveau, mais vendredi \u00e7a a pris un sens encore plus concret et plus violent pour l&rsquo;ensemble des citoyens fran\u00e7ais.<\/p>\n<p style=\"text-align: justify;\">Parce que Monsieur ou Madame tout le monde \u00e9tait vis\u00e9, n&rsquo;importe qui sans distinction, n&rsquo;importe qui, qui aurait pu \u00eatre vous ou moi. Oui il y a eu des morts, des bless\u00e9s, des personnes qui seront sans doute marqu\u00e9es \u00e0 vie, qui feront des cauchemars encore, nuit apr\u00e8s nuit, qui sursauteront au moindre bruit un peu fort. Mais malgr\u00e9 tout cela, les gens se rel\u00e8vent, pansent leurs blessures, physiques et morales, font leur deuil, port\u00e9s par la solidarit\u00e9 qui caract\u00e9rise une nation unie dans l&rsquo;\u00e9preuve. Solidarit\u00e9 \u00e9galement \u00e0 l&rsquo;\u00e9gard de l&rsquo;Egypte, du Liban, de la Turquie, la Tunisie et du Kenya, frapp\u00e9s d&rsquo;au moins autant de violence et de barbarie, ainsi que les citoyens syriens qui subissent cette guerre quotidiennement, au plus pr\u00e8s de l&rsquo;horreur.<\/p>\n<p style=\"text-align: justify;\">Surtout, n&rsquo;oubliez pas : le pouvoir des mots est infini et la parole est le v\u00e9hicule de l&rsquo;Homme : parole porteuse d&rsquo;esth\u00e9tisme, d&rsquo;art, de culture, de libert\u00e9, d&rsquo;amour, d&rsquo;amiti\u00e9, de foi, de croyances, d&rsquo;espoirs. Alors parlez, \u00e9crivez, v\u00e9hiculez, vivez par ces mots qui continueront d&rsquo;\u00eatre vecteur de vie, repr\u00e9sentation dans ce que nous sommes et de ce que l&rsquo;on ne pourra jamais nous enlever.<\/p>\n<p style=\"text-align: justify;\">Le temps d&rsquo;une nuit, la France est tomb\u00e9e \u00e0 genoux, pers\u00e9cut\u00e9e par la folie meurtri\u00e8re de n\u00e9gationnistes de l&rsquo;humanit\u00e9. Ces monstres qui ne cherchent qu&rsquo;\u00e0 annihiler tout ce qui est l&rsquo;Homme, en s&rsquo;attaquant aux symboles de ce qui fait de nous un peuple libre et heureux : la culture, la musique, la libert\u00e9 d&rsquo;expression, la joie d&rsquo;\u00eatre entre amis, d&rsquo;\u00e9changer, de se retrouver, de d\u00e9guster du bon vin, d&rsquo;appr\u00e9cier de la bi\u00e8re, de s&rsquo;engueuler, de r\u00e2ler, de s&rsquo;aimer.<\/p>\n<p style=\"text-align: justify;\">Mais la France se rel\u00e8ve, et si chacun peut avoir peur seul, ensemble, la France n&rsquo;a pas peur de s&rsquo;affirmer comme libre et combattante pour garder cette libert\u00e9. La France est belle, la France est unie, la France est solidaire, la France est debout.<\/p>\n","protected":false},"excerpt":{"rendered":"<p>13 novembre 2015 La France a saign\u00e9. Elle a \u00e9t\u00e9 touch\u00e9e au c\u0153ur. Des actes d&rsquo;une barbarie innommable ont \u00e9t\u00e9 commis. Ces actes ont apport\u00e9 avec eux la mort, la souffrance, la col\u00e8re et la peur. Oui malgr\u00e9 tout ce qui se dit, malgr\u00e9 toute la bravoure dont on a pu \u00eatre t\u00e9moins ces derniers [&hellip;]<\/p>\n","protected":false},"author":1,"featured_media":0,"parent":11,"menu_order":0,"comment_status":"open","ping_status":"open","template":"","meta":[],"_links":{"self":[{"href":"http:\/\/leslectures.demarie.fr\/index.php?rest_route=\/wp\/v2\/pages\/124"}],"collection":[{"href":"http:\/\/leslectures.demarie.fr\/index.php?rest_route=\/wp\/v2\/pages"}],"about":[{"href":"http:\/\/leslectures.demarie.fr\/index.php?rest_route=\/wp\/v2\/types\/page"}],"author":[{"embeddable":true,"href":"http:\/\/leslectures.demarie.fr\/index.php?rest_route=\/wp\/v2\/users\/1"}],"replies":[{"embeddable":true,"href":"http:\/\/leslectures.demarie.fr\/index.php?rest_route=%2Fwp%2Fv2%2Fcomments&post=124"}],"version-history":[{"count":2,"href":"http:\/\/leslectures.demarie.fr\/index.php?rest_route=\/wp\/v2\/pages\/124\/revisions"}],"predecessor-version":[{"id":226,"href":"http:\/\/leslectures.demarie.fr\/index.php?rest_route=\/wp\/v2\/pages\/124\/revisions\/226"}],"up":[{"embeddable":true,"href":"http:\/\/leslectures.demarie.fr\/index.php?rest_route=\/wp\/v2\/pages\/11"}],"wp:attachment":[{"href":"http:\/\/leslectures.demarie.fr\/index.php?rest_route=%2Fwp%2Fv2%2Fmedia&parent=124"}],"curies":[{"name":"wp","href":"https:\/\/api.w.org\/{rel}","templated":true}]}}