{"id":195,"date":"2020-11-12T17:13:10","date_gmt":"2020-11-12T16:13:10","guid":{"rendered":"http:\/\/leslectures.demarie.fr\/?page_id=195"},"modified":"2020-11-12T17:13:10","modified_gmt":"2020-11-12T16:13:10","slug":"melancolie-dautomne","status":"publish","type":"page","link":"http:\/\/leslectures.demarie.fr\/?page_id=195","title":{"rendered":"M\u00e9lancolie d&rsquo;automne"},"content":{"rendered":"\n<p>Toi le jour qui\nse meurt dans un doux cr\u00e9puscule&nbsp;!<\/p>\n\n\n\n<p>Paysage \u00e9clair\u00e9 des\nrayons flamboyants,<\/p>\n\n\n\n<p>Ondulant sous l\u2019\u00e9clat\ndu soleil d\u00e9clinant,<\/p>\n\n\n\n<p>Emport\u00e9 par le vent, le passant d\u00e9ambule.<\/p>\n\n\n\n<div style=\"height:20px\" aria-hidden=\"true\" class=\"wp-block-spacer\"><\/div>\n\n\n\n<p>Les teintes\nmordor\u00e9es de la fin de l\u2019automne<\/p>\n\n\n\n<p>Habillent d\u2019un\nton chaud les arbres diaphanes,<\/p>\n\n\n\n<p>Dernier soubresaut\ndu pr\u00e9sent qui se fane&nbsp;;<\/p>\n\n\n\n<p>Un instant languissant loin du froid monotone.<\/p>\n\n\n\n<div style=\"height:26px\" aria-hidden=\"true\" class=\"wp-block-spacer\"><\/div>\n\n\n\n<p>Dans ce Spleen vesp\u00e9ral\nr\u00e9sonne la musique,<\/p>\n\n\n\n<p>Autre temps lancinant\nqui se veut nostalgique<\/p>\n\n\n\n<p>Il remplit les c\u0153urs purs de tristes m\u00e9lodies.<\/p>\n\n\n\n<div style=\"height:20px\" aria-hidden=\"true\" class=\"wp-block-spacer\"><\/div>\n\n\n\n<p>Ils pleurent transport\u00e9s,\ncar les doigts pianotent<\/p>\n\n\n\n<p>Jouent un air apais\u00e9&nbsp;;\nles feuilles virevoltent,<\/p>\n\n\n\n<p>Proposent \u00e0 l\u2019hiver\nune danse infinie.<\/p>\n","protected":false},"excerpt":{"rendered":"<p>Toi le jour qui se meurt dans un doux cr\u00e9puscule&nbsp;! Paysage \u00e9clair\u00e9 des rayons flamboyants, Ondulant sous l\u2019\u00e9clat du soleil d\u00e9clinant, Emport\u00e9 par le vent, le passant d\u00e9ambule. Les teintes mordor\u00e9es de la fin de l\u2019automne Habillent d\u2019un ton chaud les arbres diaphanes, Dernier soubresaut du pr\u00e9sent qui se fane&nbsp;; Un instant languissant loin du [&hellip;]<\/p>\n","protected":false},"author":1,"featured_media":0,"parent":31,"menu_order":0,"comment_status":"closed","ping_status":"closed","template":"","meta":[],"_links":{"self":[{"href":"http:\/\/leslectures.demarie.fr\/index.php?rest_route=\/wp\/v2\/pages\/195"}],"collection":[{"href":"http:\/\/leslectures.demarie.fr\/index.php?rest_route=\/wp\/v2\/pages"}],"about":[{"href":"http:\/\/leslectures.demarie.fr\/index.php?rest_route=\/wp\/v2\/types\/page"}],"author":[{"embeddable":true,"href":"http:\/\/leslectures.demarie.fr\/index.php?rest_route=\/wp\/v2\/users\/1"}],"replies":[{"embeddable":true,"href":"http:\/\/leslectures.demarie.fr\/index.php?rest_route=%2Fwp%2Fv2%2Fcomments&post=195"}],"version-history":[{"count":3,"href":"http:\/\/leslectures.demarie.fr\/index.php?rest_route=\/wp\/v2\/pages\/195\/revisions"}],"predecessor-version":[{"id":198,"href":"http:\/\/leslectures.demarie.fr\/index.php?rest_route=\/wp\/v2\/pages\/195\/revisions\/198"}],"up":[{"embeddable":true,"href":"http:\/\/leslectures.demarie.fr\/index.php?rest_route=\/wp\/v2\/pages\/31"}],"wp:attachment":[{"href":"http:\/\/leslectures.demarie.fr\/index.php?rest_route=%2Fwp%2Fv2%2Fmedia&parent=195"}],"curies":[{"name":"wp","href":"https:\/\/api.w.org\/{rel}","templated":true}]}}