{"id":204,"date":"2020-11-22T11:55:32","date_gmt":"2020-11-22T10:55:32","guid":{"rendered":"http:\/\/leslectures.demarie.fr\/?page_id=204"},"modified":"2021-06-02T16:15:55","modified_gmt":"2021-06-02T15:15:55","slug":"perigrination-a-laube","status":"publish","type":"page","link":"http:\/\/leslectures.demarie.fr\/?page_id=204","title":{"rendered":"P\u00e9rigrinations \u00e0 l&rsquo;aube"},"content":{"rendered":"\n<figure class=\"wp-block-image\"><img decoding=\"async\" src=\"https:\/\/lisefortincreativite.files.wordpress.com\/2018\/05\/lf-805-montagnes-automne-huile-sur-toile-12-x-24.jpg\" alt=\"\"\/><\/figure>\n\n\n\n<p>Assise au c\u0153ur de la for\u00eat\nautomnale, elle contemplait les couleurs mordor\u00e9es de la for\u00eat baign\u00e9e dans la\nlueur flamboyante du soleil levant. Les teintes vermeilles et marron\u00e9es se\nm\u00ealaient au jaune \u00e9clatant des feuilles qui doucement se mourraient. \u00c7a et l\u00e0\nr\u00e9sistaient quelques pointes de vert clair, contrastant avec l\u2019\u00e9meraude profond\ndes sapins. Dans le ciel bleu p\u00e2le de l\u2019aurore s\u2019\u00e9talaient de petits moutons\nrose orang\u00e9 \u00e9clair\u00e9s par les rayons timides de l\u2019astre du jour qui \u00e9mergeait de\nson sommeil. <\/p>\n\n\n\n<p class=\"text-align: justify;\">Dans une volont\u00e9 de graver dans\nson \u00eatre cet instant magique, elle ferma les yeux et inspira \u00e0 plein poumons.\nElle sentait la petite brise fra\u00eeche qui venait vivifier l\u2019air sec et piquant\nde l\u2019aube, celui qui vous fait sentir toute la puret\u00e9 environnante. Elle\nsentait la froideur du rocher sur lequel elle \u00e9tait pos\u00e9e. Elle entendait le\nbruissement doux des feuilles, le p\u00e9piement joyeux des oiseaux, les craquements\ndes petits rongeurs qui devaient filer \u00e0 toute allure, le bruit clair du petit\nruisseau qui coulait en contrebas. Elle vivait l\u2019\u00e9veil d\u2019une nature encore\nengourdie par la nuit. <\/p>\n\n\n\n<p class=\"text-align: justify;\">Rouvrant les paupi\u00e8res, elle\ntomba nez \u00e0 nez avec un renard. La petite b\u00eate rousse la regardait mi-curieuse,\nmi-m\u00e9fiante. Elle soutint son regard, sans bouger. Dans ses yeux, elle voyait\nla force brute de la terre, l\u2019instinct sauvage animal fondu dans la douceur de\nl\u2019\u00eatre qu\u2019on apprivoise avec du temps et de la patience. Il semblait \u00e0 la fois\npuissant et vuln\u00e9rable, dans son ancrage au monde et sa curiosit\u00e9 d\u2019en sortir. <\/p>\n\n\n\n<p class=\"text-align: justify;\">Soudain un craquement le fit\nd\u00e9taler. Elle sortit alors le nez de son \u00e9charpe et souffla sur le th\u00e9 br\u00fblant\nqui r\u00e9chauffait ses mains raidies par le froid matinal. Son livre \u00e9tait pos\u00e9 \u00e0\nc\u00f4t\u00e9 d\u2019elle, ouvert sur la pierre. Les pas se rapprochaient et une voix grave\net chaude se vit entendre tandis qu\u2019une main se posait sur son \u00e9paule.<\/p>\n\n\n\n<p>-Qu\u2019est-ce que tu lis&nbsp;?<\/p>\n\n\n\n<p>-Le monde. Je lis le monde.<\/p>\n","protected":false},"excerpt":{"rendered":"<p>Assise au c\u0153ur de la for\u00eat automnale, elle contemplait les couleurs mordor\u00e9es de la for\u00eat baign\u00e9e dans la lueur flamboyante du soleil levant. Les teintes vermeilles et marron\u00e9es se m\u00ealaient au jaune \u00e9clatant des feuilles qui doucement se mourraient. \u00c7a et l\u00e0 r\u00e9sistaient quelques pointes de vert clair, contrastant avec l\u2019\u00e9meraude profond des sapins. Dans [&hellip;]<\/p>\n","protected":false},"author":1,"featured_media":0,"parent":251,"menu_order":0,"comment_status":"closed","ping_status":"closed","template":"","meta":[],"_links":{"self":[{"href":"http:\/\/leslectures.demarie.fr\/index.php?rest_route=\/wp\/v2\/pages\/204"}],"collection":[{"href":"http:\/\/leslectures.demarie.fr\/index.php?rest_route=\/wp\/v2\/pages"}],"about":[{"href":"http:\/\/leslectures.demarie.fr\/index.php?rest_route=\/wp\/v2\/types\/page"}],"author":[{"embeddable":true,"href":"http:\/\/leslectures.demarie.fr\/index.php?rest_route=\/wp\/v2\/users\/1"}],"replies":[{"embeddable":true,"href":"http:\/\/leslectures.demarie.fr\/index.php?rest_route=%2Fwp%2Fv2%2Fcomments&post=204"}],"version-history":[{"count":3,"href":"http:\/\/leslectures.demarie.fr\/index.php?rest_route=\/wp\/v2\/pages\/204\/revisions"}],"predecessor-version":[{"id":230,"href":"http:\/\/leslectures.demarie.fr\/index.php?rest_route=\/wp\/v2\/pages\/204\/revisions\/230"}],"up":[{"embeddable":true,"href":"http:\/\/leslectures.demarie.fr\/index.php?rest_route=\/wp\/v2\/pages\/251"}],"wp:attachment":[{"href":"http:\/\/leslectures.demarie.fr\/index.php?rest_route=%2Fwp%2Fv2%2Fmedia&parent=204"}],"curies":[{"name":"wp","href":"https:\/\/api.w.org\/{rel}","templated":true}]}}