{"id":23,"date":"2014-06-19T10:14:59","date_gmt":"2014-06-19T09:14:59","guid":{"rendered":"http:\/\/leslectures.demarie.fr\/?page_id=23"},"modified":"2014-06-20T09:56:58","modified_gmt":"2014-06-20T08:56:58","slug":"lost-in-jerusalem-katia-chapoutier","status":"publish","type":"page","link":"http:\/\/leslectures.demarie.fr\/?page_id=23","title":{"rendered":"Lost in J\u00e9rusalem [Katia Chapoutier]"},"content":{"rendered":"<p align=\"center\"><b>Lost in J\u00e9rusalem \u2013 Katia Chapoutier (\u00e9ditions Le Passeur)<\/b><\/p>\n<p align=\"center\"><img decoding=\"async\" alt=\"\" src=\"https:\/\/encrypted-tbn3.gstatic.com\/images?q=tbn:ANd9GcSVdNxJ0uttFfjGc8A-FaAm5RMCwWziQ4-sSJeHkP1Qr0vQedCv1Q\" \/><\/p>\n<p style=\"text-align: justify;\">Extrait du r\u00e9sum\u00e9\u00a0: \u00ab\u00a0<i>Prenez une jeune femme normale, parisienne, blogueuse, r\u00e9alisatrice, m\u00e8re de famille, amante et amie. Curieuse du monde et des autres, mais pas particuli\u00e8rement cal\u00e9e en histoire des religions et encore moins en sciences politiques.<br \/>\n<\/i><i>Pr\u00e9parez-lui une petite valise rose Barbie et l\u00e2chez-la dans J\u00e9rusalem\u2026<\/i>\u00a0\u00bb<\/p>\n<p style=\"text-align: justify;\">Il semble que ces premi\u00e8res phrases de quatri\u00e8me de couverture repr\u00e9sentent tr\u00e8s bien l\u2019esprit g\u00e9n\u00e9ral du livre. L\u2019auteure d\u00e9barque, au propre comme au figur\u00e9, \u00e0 J\u00e9rusalem. Avec ses a priori, ses clich\u00e9s, ses attentes. Comme toute personne qui, comme vous et moi, partirait en voyage. Une ouverture d\u2019esprit pr\u00e9sente, mais avec sa propre culture qui interf\u00e8re forc\u00e9ment. Elle est anim\u00e9e par une envie de d\u00e9couvertes et de rencontres qui ouvre de nombreuses perspectives.<\/p>\n<p style=\"text-align: justify;\">Le lecteur d\u00e9couvre J\u00e9rusalem en m\u00eame temps qu\u2019elle et pas seulement d\u2019un point de vue touristique. Les relations humaines sont primordiales et ce sont elles qui permettent la visite de lieux parfois insolites. On se rend aussi compte peu \u00e0 peu de la complexit\u00e9 de la situation politique, de la place omnipr\u00e9sente des religions dans la vie de cette ville particuli\u00e8re. Les journ\u00e9es sont rythm\u00e9es par le sabbat, le ramadan, les messes, l\u2019appel \u00e0 la pri\u00e8re\u2026 On est \u00e0 un v\u00e9ritable carrefour des populations et des croyances.<\/p>\n<p style=\"text-align: justify;\">Katia Chapoutier est touchante dans sa mani\u00e8re de raconter ses diverses exp\u00e9riences \u00e0 J\u00e9rusalem, sans embellir ou chercher \u00e0 alt\u00e9rer la r\u00e9alit\u00e9 des propos entendus ou \u00e9changes avec autrui. La diff\u00e9rence des regards port\u00e9s sur elle selon ses voyages sont aussi int\u00e9ressants. En effet, dans cette ville qui para\u00eet fig\u00e9e par le temps, les normes ne sont pas les m\u00eames. L\u2019auteure est confront\u00e9e \u00e0 ces codes qui ne lui sont pas familiers, aux regards qu\u2019on lui porte, li\u00e9s \u00e0 l\u2019image et la place de la femme dans ce lieu pourtant h\u00e9t\u00e9roclite. Sans tomber dans les clich\u00e9s, on sent bien que les traitements qu\u2019elle subit varient avec sa situation de voyage (en couple avec son compagnon, seule, enceinte, avec sa petite fille\u2026).<\/p>\n<p style=\"text-align: justify;\">Au fil de la lecture, on rencontre non seulement des lieux hors du commun, mais aussi des personnes de qualit\u00e9. L\u2019aventure humaine est forte et si on croise juifs, musulmans, catholiques, orthodoxes, ou ath\u00e9es, les clich\u00e9s que le lecteur peut avoir tombent en m\u00eame temps que ceux de l\u2019auteure. On y voit des parcours de vie originaux et profonds, avec des t\u00e9moignages plein de sensibilit\u00e9 et de r\u00e9flexions qui interrogent.<\/p>\n<p style=\"text-align: justify;\">C\u2019est \u00e9galement un r\u00e9gal stylistique, pas de grands mots, des phrases simples, sans tournures alambiqu\u00e9es. Une \u00e9criture l\u00e9g\u00e8re et agr\u00e9able. Bref, un livre accessible \u00e0 tous, qui vous invite \u00e0 rire, sourire, r\u00e9fl\u00e9chir, r\u00eaver et voyager.<\/p>\n<p style=\"text-align: justify;\"><b><span style=\"text-decoration: underline;\">Conseils de lecture\u00a0: <\/span><\/b><\/p>\n<p style=\"text-align: justify;\">\u00a0Si vous avez aim\u00e9 cet article, vous aimerez\u00a0:<\/p>\n<p style=\"text-align: justify;\">\u00a0&#8211;<em><strong>L\u2019Alchimiste<\/strong><\/em> (Paolo Coelho)\u00a0: Conte Philosophique, 1988. C\u2019est l\u2019histoire d\u2019un jeune homme qui, par une sorte de parcours d\u2019initiation, fait de nombreuses rencontres et s\u2019ouvre au monde ext\u00e9rieur.<\/p>\n<p style=\"text-align: justify;\"><span style=\"text-decoration: underline;\">R\u00e9sum\u00e9\u00a0:<\/span> \u00ab\u00a0<i>Santiago, un jeune berger andalou, part \u00e0 la recherche d&rsquo;un tr\u00e9sor enfoui au pied des Pyramides. Lorsqu&rsquo;il rencontre l&rsquo;Alchimiste dans le d\u00e9sert, celui-ci lui apprend \u00e0 \u00e9couter son coeur, \u00e0 lire les signes du destin et, par-dessus tout, \u00e0 aller au bout de son r\u00eave. Merveilleux conte philosophique destin\u00e9 \u00e0 l&rsquo;enfant qui sommeille en chaque \u00eatre, ce livre a d\u00e9j\u00e0 marqu\u00e9 une g\u00e9n\u00e9ration de lecteurs.<\/i>\u00a0\u00bb.<\/p>\n<p style=\"text-align: justify;\"><em>&#8211;<strong>Mille jours \u00e0 Venise<\/strong><\/em> (Marlena de Blasi)\u00a0: Une femme d\u2019\u00e2ge m\u00fbr quitte les Etats-Unis pour venir s\u2019installer \u00e0 Venise. On d\u00e9couvre alors une ville de charme, de myst\u00e8res, mais aussi d\u2019obscurit\u00e9 et de tristesse.<\/p>\n<p style=\"text-align: justify;\"><span style=\"text-decoration: underline;\">R\u00e9sum\u00e9\u00a0:<\/span> \u00ab\u00a0<i>Ceci n&rsquo;est pas un conte, c&rsquo;est une histoire vraie. L&rsquo;enthousiaste et d\u00e9sarmante Marlena, boulevers\u00e9e par sa rencontre avec un \u00ab bel \u00e9tranger \u00bb, liquide en quelques semaines tout ce qu&rsquo;elle avait en Am\u00e9rique, une jolie maison, un charmant restaurant, une brillante carri\u00e8re de critique gastronomique, pour aller vivre avec lui \u00e0 Venise. Les obstacles \u00e0 surmonter sont nombreux : la langue qu&rsquo;elle ne parle pas, l&rsquo;appartement sinistre de son mari, la solitude, l&rsquo;ennui. Mais Marlena est pleine de ressources. Elle nous entra\u00eene dans le r\u00e9cit plein d&rsquo;humour de ses d\u00e9couvertes et de ses m\u00e9comptes, puis de son bonheur \u00e0 se sentir peu \u00e0 peu accept\u00e9e. Jusqu&rsquo;au jour o\u00f9 l&rsquo;impr\u00e9visible Fernando lui r\u00e9serve une \u00e9trange surprise&#8230;<\/i>\u00a0\u00bb.<\/p>\n","protected":false},"excerpt":{"rendered":"<p>Lost in J\u00e9rusalem \u2013 Katia Chapoutier (\u00e9ditions Le Passeur) Extrait du r\u00e9sum\u00e9\u00a0: \u00ab\u00a0Prenez une jeune femme normale, parisienne, blogueuse, r\u00e9alisatrice, m\u00e8re de famille, amante et amie. Curieuse du monde et des autres, mais pas particuli\u00e8rement cal\u00e9e en histoire des religions et encore moins en sciences politiques. Pr\u00e9parez-lui une petite valise rose Barbie et l\u00e2chez-la dans [&hellip;]<\/p>\n","protected":false},"author":1,"featured_media":0,"parent":7,"menu_order":0,"comment_status":"open","ping_status":"open","template":"","meta":[],"_links":{"self":[{"href":"http:\/\/leslectures.demarie.fr\/index.php?rest_route=\/wp\/v2\/pages\/23"}],"collection":[{"href":"http:\/\/leslectures.demarie.fr\/index.php?rest_route=\/wp\/v2\/pages"}],"about":[{"href":"http:\/\/leslectures.demarie.fr\/index.php?rest_route=\/wp\/v2\/types\/page"}],"author":[{"embeddable":true,"href":"http:\/\/leslectures.demarie.fr\/index.php?rest_route=\/wp\/v2\/users\/1"}],"replies":[{"embeddable":true,"href":"http:\/\/leslectures.demarie.fr\/index.php?rest_route=%2Fwp%2Fv2%2Fcomments&post=23"}],"version-history":[{"count":4,"href":"http:\/\/leslectures.demarie.fr\/index.php?rest_route=\/wp\/v2\/pages\/23\/revisions"}],"predecessor-version":[{"id":166,"href":"http:\/\/leslectures.demarie.fr\/index.php?rest_route=\/wp\/v2\/pages\/23\/revisions\/166"}],"up":[{"embeddable":true,"href":"http:\/\/leslectures.demarie.fr\/index.php?rest_route=\/wp\/v2\/pages\/7"}],"wp:attachment":[{"href":"http:\/\/leslectures.demarie.fr\/index.php?rest_route=%2Fwp%2Fv2%2Fmedia&parent=23"}],"curies":[{"name":"wp","href":"https:\/\/api.w.org\/{rel}","templated":true}]}}