{"id":297,"date":"2021-06-21T21:45:55","date_gmt":"2021-06-21T20:45:55","guid":{"rendered":"http:\/\/leslectures.demarie.fr\/?page_id=297"},"modified":"2021-06-21T21:45:55","modified_gmt":"2021-06-21T20:45:55","slug":"noel-sur-les-rails","status":"publish","type":"page","link":"http:\/\/leslectures.demarie.fr\/?page_id=297","title":{"rendered":"No\u00ebl sur les rails"},"content":{"rendered":"\n<p style=\"text-align:right\"><em>A mes enfants, \u00e0 l\u2019amour\ninconditionnel.<\/em><\/p>\n\n\n\n<p>Faustine ouvrait de grands yeux \u00e9merveill\u00e9s.\nPour la premi\u00e8re fois de sa vie, qui lui paraissait d\u00e9j\u00e0 immense, elle allait\nprendre le nouveau m\u00e9tro pour se rendre \u00e0 l\u2019\u00e9cole. Pour s\u00fbr, ses copains\nseraient fiers. Elle se voyait d\u00e9j\u00e0, dans la cour de r\u00e9cr\u00e9ation, expliquer \u00e0\nManon et Augustin comment elle et son doudou lapin \u00e9taient mont\u00e9s dans le grand\ntrain, et qu\u2019ils n\u2019avaient pas eu peur. Elle tr\u00e9pignait d\u2019impatience.<\/p>\n\n\n\n<p>-Maman, maman&nbsp;! Dis, maman, on peut\ns\u2019assoir tout au bout, s\u2019il te pla\u00eet&nbsp;? Comme \u00e7a doudou lapin pourra\nconduire&nbsp;!<\/p>\n\n\n\n<p>Un sourire tendre et amus\u00e9 \u00e9claira le doux visage\nde la femme qui lui tenait la main. Elle acquies\u00e7a, arrachant un cri de\nravissement \u00e0 la petite fille.<\/p>\n\n\n\n<p>La masse de boucles noires indisciplin\u00e9es\ntirait la main de sa m\u00e8re d\u2019un pas d\u00e9cid\u00e9 jusqu\u2019\u00e0 l\u2019avant du quai et se posa,\nles mains sur les hanches, devant les portes automatiques, pr\u00eate \u00e0 sauter dans\nla rame et prendre d\u2019assaut le si\u00e8ge sacr\u00e9 qui lui permettrait de devenir,\nl\u2019espace de quelques stations, la conductrice de la ligne b.<\/p>\n\n\n\n<p>Soudain, le bruit annonciateur de l\u2019arriv\u00e9e\nimminente du m\u00e9tro se fit entendre et Faustine ne put s\u2019emp\u00eacher de sautiller\nsur place&nbsp;:<\/p>\n\n\n\n<p>-Maman&nbsp;! Il arrive, il arrive&nbsp;!<\/p>\n\n\n\n<p>La jeune femme ne put s\u2019emp\u00eacher de rire devant\nl\u2019impatience candide de sa fille, dont la fascination faisait d\u2019ailleurs\nsourire l\u2019ensemble des personnes pr\u00e9sentes autour d\u2019elles. Enfin la rame\narriva, flambant neuve. <\/p>\n\n\n\n<p>Les portes automatiques s\u2019ouvrirent et\ninstantan\u00e9ment, la fillette s\u2019engouffra dans le compartiment, entra\u00eenant sa m\u00e8re\ndans son sillage. Elle courait presque pour s\u2019assoir sur le si\u00e8ge du\ntout-devant, qui fort heureusement, \u00e9tait libre. Une fois assises, elle se mit\n\u00e0 genoux sur sa m\u00e8re et agrippa la barre en collant son petit nez \u00e0 la fen\u00eatre.<\/p>\n\n\n\n<p>-Mais. Maman&nbsp;! C\u2019est tout noir.<\/p>\n\n\n\n<p>-Sois patiente ma ch\u00e9rie, il faut attendre\nqu\u2019on d\u00e9marre.<\/p>\n\n\n\n<p>La sonnerie retentit, les portes se ferm\u00e8rent\net la petite secousse famili\u00e8re du d\u00e9marrage se fit sentir, entra\u00eenant avec\nelle un retentissant&nbsp;: <\/p>\n\n\n\n<p>&#8211; C\u2019est partiiiiii. <\/p>\n\n\n\n<p>Faustine s\u2019\u00e9tait lev\u00e9e pour mieux conduire le\ntrain, tenant fermement doudou lapin contre elle. Alors qu\u2019elle plissait les\nyeux pour essayer de distinguer quelque chose dans ce noir abyssal, un minuscule\npoint lumineux apparut, puis grossit, grossit, jusqu\u2019\u00e0 ce que jaillisse la rame\n\u00e0 la lumi\u00e8re du jour. <\/p>\n\n\n\n<p>-Maman&nbsp;! On est dans le ciel&nbsp;!<\/p>\n\n\n\n<p>Le m\u00e9tro a\u00e9rien surplombait le paysage, offrant\nen ce froid matin d\u2019hiver un magnifique lever de soleil, qui \u00e9clairait la ville\nscintillante de gel\u00e9e blanche. La petite fille ne disait plus rien, subjugu\u00e9e\npar ce qui se d\u00e9roulait sous son regard \u00e9bahi. Elle se tenait des deux mains \u00e0\nla barre, sur la pointe des pieds, comme pour mieux s\u2019immerger dans l\u2019aventure\nimaginaire qu\u2019elle \u00e9tait en train de se construire. Ce fut ainsi durant trois\nstations, puis le m\u00e9tro s\u2019arr\u00eata \u00e0 leur destination.<\/p>\n\n\n\n<p>-Faustine, on va descendre.<\/p>\n\n\n\n<p>-Manon et Augustin vont pas me croire\nmaman&nbsp;!<\/p>\n\n\n\n<p>-Je suis s\u00fbre que si, tu leur raconteras bien.<\/p>\n\n\n\n<p>-Oh que oui&nbsp;!<\/p>\n\n\n\n<p>Et la petite brune \u00e9tait d\u00e9j\u00e0 en train\nd\u2019expliquer \u00e0 sa maman comment elle allait \u00e9pater ses copains et, toute \u00e0 son\nenchantement, elle ne remarqua pas le doudou lapin qui restait tristement au\nsol, ni le myst\u00e9rieux inconnu qui se pencha, un peu essouffl\u00e9 pour le ramasser.\nMais trop tard.<\/p>\n\n\n\n<p style=\"text-align:center\">***<\/p>\n\n\n\n<p>Le lendemain. M\u00eame station. M\u00eame heure. Faustine\nne rigolait plus du tout. Elle serrait fort la main de sa maman et avait les\nyeux rougis d\u2019avoir sans doute trop pleur\u00e9. Elle finit par demander timidement.<\/p>\n\n\n\n<p>-Dis maman, tu crois qu\u2019il sera toujours l\u00e0,\ndoudou lapin&nbsp;?<\/p>\n\n\n\n<p>-Je l\u2019esp\u00e8re ma puce. On va voir. <\/p>\n\n\n\n<p>-Bah, quand m\u00eame, il serait pas parti sans moi.\nDis. <\/p>\n\n\n\n<p>-Non, je suis s\u00fbre que non. <\/p>\n\n\n\n<p>Faustine \u00e9tait malgr\u00e9 tout un peu inqui\u00e8te. Et\nsi doudou lapin s\u2019\u00e9tait fait enlever&nbsp;? Elle casserait sa tirelire-cochon\npour payer la ran\u00e7on, c\u2019est s\u00fbr. Elle attendait le m\u00e9tro avec une impatience\nm\u00eal\u00e9e d\u2019appr\u00e9hension. Ce dernier ne se fit pas attendre longtemps. Faustine se\nrua \u00e0 la place de la veille et regarda partout autour d\u2019elle, avant de lever un\nvisage d\u00e9compos\u00e9 vers sa maman. Pas de doudou lapin. On \u00e9tait proches de la\ncatastrophe cataclysmique pour les tympans de l\u2019ensemble de la rame. Mais une\nvoix bourrue se fit entendre soudain&nbsp;:<\/p>\n\n\n\n<p>-Ce n\u2019est pas \u00e7a que tu cherches, petite&nbsp;?<\/p>\n\n\n\n<p>Et l\u00e0, doudou lapin qui flottait dans l\u2019air.\nEnfin presque. Doudou lapin tenu par une grande et grosse main, au bout d\u2019un\nbras. Mais pour l\u2019instant, Faustine elle, ne voyait que<\/p>\n\n\n\n<p>-Doudou lapin&nbsp;! &nbsp;<\/p>\n\n\n\n<p>Elle l\u2019attrapa et le serra fort contre elle et\nregarda sa m\u00e8re&nbsp;:<\/p>\n\n\n\n<p>-T\u2019as vu, il n\u2019est pas parti&nbsp;!<\/p>\n\n\n\n<p>-Oui, gr\u00e2ce \u00e0 ce gentil monsieur. Qu\u2019est-ce\nqu\u2019on dit Faustine&nbsp;?<\/p>\n\n\n\n<p>-Merci gentil monsieur&nbsp;!<\/p>\n\n\n\n<p>Celui-ci glissa un clin d\u2019\u0153il \u00e0 la jeune femme,\npendant que la fillette voyait enfin l\u2019homme qui leur faisait face. Un\n\u00ab&nbsp;oh&nbsp;\u00bb muet s\u2019afficha sur son visage. D\u2019abord il \u00e9tait vieux. Et tout\nrid\u00e9. Un peu gros quand m\u00eame, mais \u00e7a lui donnait un air gentil. Et Il avait un\ngrande et longue barbe toute blanche. Faustine n\u2019en revenait pas.<\/p>\n\n\n\n<p>-Mais t\u2019es le p\u00e8re No\u00ebl&nbsp;?! Mais pourquoi\ntu prends le m\u00e9tro&nbsp;? Et pourquoi t\u2019es pas habill\u00e9 en rouge&nbsp;?<\/p>\n\n\n\n<p>-Faustine&nbsp;!<\/p>\n\n\n\n<p>L\u2019homme \u00e9clata d\u2019un rire franc, chaud et\nspontan\u00e9&nbsp;: <\/p>\n\n\n\n<p>-Tu m\u2019as d\u00e9masqu\u00e9. <\/p>\n\n\n\n<p>Il se pencha en avant pour parler \u00e0 voix basse,\ncomme pour confier un secret&nbsp;:<\/p>\n\n\n\n<p>-Ecoute Faustine, ne le dis \u00e0 personne, mon\ntra\u00eeneau est cass\u00e9, alors en attendant je prends le m\u00e9tro. <\/p>\n\n\n\n<p>&nbsp;-Et du\ncoup tu t\u2019habilles pas en rouge pour pas que les gens te reconnaissent c\u2019est \u00e7a&nbsp;?<\/p>\n\n\n\n<p>-Tout \u00e0 fait petite fille. <\/p>\n\n\n\n<p>La fillette hocha la t\u00eate d\u2019un air grave, de\ncelui qui montre qu\u2019elle ne rigolait pas avec \u00e7a. Mais c\u2019\u00e9tait d\u00e9j\u00e0 l\u2019heure de\ndescendre pour aller \u00e0 l\u2019\u00e9cole. Faustine s\u2019approcha de l\u2019inconnu et lui\nchuchota&nbsp;:<\/p>\n\n\n\n<p>-A demain, P\u00e8re No\u00ebl.<\/p>\n\n\n\n<p>-A demain, Faustine.<\/p>\n\n\n\n<p style=\"text-align:center\">***<\/p>\n\n\n\n<p>A nouveau le lendemain. M\u00eame lieu, m\u00eame heure.\nLes jours se suivent mais ne se ressemblent pas. C\u2019\u00e9tait une Faustine\nrayonnante qui se tenait d\u00e9sormais \u00e0 la place qu\u2019elle consid\u00e9rait comme la\nsienne, pr\u00eate \u00e0 retrouver cette personne d\u2019importance, que tous les enfants de\nla terre lui auraient jalous\u00e9e. Elle avait dress\u00e9 dans sa t\u00eate une liste de\nquestions immens\u00e9ment longue, qui ne manquerait pas de combler plusieurs\nvoyages \u00e0 coup s\u00fbr. Elle voulait tout savoir. Comment c\u2019\u00e9tait sa maison.\nComment s\u2019appelaient ses rennes. O\u00f9 ils habitaient les petits lutins. Comment\n\u00e9tait sa fabrique \u00e0 jouets. Comment il faisait pour livrer les cadeaux dans les\nmaisons o\u00f9 il n\u2019y avait pas de chemin\u00e9e, et autres questions existentielles.\nElle arriva au fauteuil f\u00e9tiche et s\u2019exclama&nbsp;:<\/p>\n\n\n\n<p>-Bonjour P\u00e8re No\u00ebl&nbsp;!<\/p>\n\n\n\n<p>Aussit\u00f4t, penaude, elle porta une main \u00e0 sa\nbouche, en regardant autour d\u2019elle, heureusement personne ne semblait avoir\nrelev\u00e9. Soulag\u00e9e, elle rel\u00e2cha sa respiration.<\/p>\n\n\n\n<p>-Bonjour petite Faustine.<\/p>\n\n\n\n<p>-Je t\u2019ai fait un dessin&nbsp;! Parce que tu as\nsauv\u00e9 doudou lapin. Il m\u2019a aid\u00e9.<\/p>\n\n\n\n<p>Et la fillette passa le trajet \u00e0 d\u00e9tailler le\nmagnifique dessin du village du P\u00e8re No\u00ebl, n\u2019omettant pas au passage de\ndemander des pr\u00e9cisions. Attendrie, sa m\u00e8re la regardait faire. Alors qu\u2019une\nquinte de toux secouait la poitrine du vieux monsieur, Faustine fron\u00e7a les\nsourcils&nbsp;:<\/p>\n\n\n\n<p>-Dis P\u00e8re No\u00ebl, t\u2019es pas malade&nbsp;? Sinon\ncomment tu vas faire pour distribuer les cadeaux&nbsp;?<\/p>\n\n\n\n<p>-Ne t\u2019inqui\u00e8te pas fillette, ce n\u2019est pas un\nrhume qui va arr\u00eater le vieux P\u00e8re No\u00ebl. <\/p>\n\n\n\n<p>Et bient\u00f4t ce fut l\u2019heure fatidique de la\ndescente de la rame. <\/p>\n\n\n\n<p>Plusieurs jours pass\u00e8rent ainsi, l\u2019\u00e9cole\nlaissant place au centre de loisir, qui se trouvait par chance, au m\u00eame\nendroit. Faustine continuait donc de voir le P\u00e8re No\u00ebl chaque matin, avec\nbonheur et exaltation. Elle avait eu une id\u00e9e et en avait parl\u00e9 \u00e0 sa maman.\nCelle-ci n\u2019avait pu qu\u2019approuver sa fille et l\u2019avait aid\u00e9e \u00e0 r\u00e9aliser son projet.\n<\/p>\n\n\n\n<p style=\"text-align:center\">***<\/p>\n\n\n\n<p>24 d\u00e9cembre. M\u00eame heure. M\u00eame station. Faustine\nportait fi\u00e8rement un paquet envelopp\u00e9 dans ses petits bras. Elle guettait\nl\u2019arriv\u00e9e imminente du m\u00e9tro avec encore plus d\u2019impatience que d\u2019habitude.\nSouffle d\u2019air, bruit sourd, phares, freinage. La fillette courut \u00e0 leur place\nhabituelle et s\u2019arr\u00eata horrifi\u00e9e. Le si\u00e8ge \u00e9tait vide. Vide. Il n\u2019\u00e9tait pas l\u00e0.\nElle tourna son petit visage d\u00e9confit vers sa maman, son paquet toujours dans\nles bras. <\/p>\n\n\n\n<p>-Maman, il est o\u00f9 le P\u00e8re No\u00ebl, dis, il est\no\u00f9&nbsp;?<\/p>\n\n\n\n<p>Sa l\u00e8vre se mit \u00e0 trembloter, ses narines\ns\u2019\u00e9cart\u00e8rent et ses yeux devinrent brillants. La jeune femme prit sa petite\nfille sur les genoux et la serra tendrement contre elle en lui caressant les\ncheveux&nbsp;:<\/p>\n\n\n\n<p>-Ne t\u2019en fais pas ma ch\u00e9rie. Il doit sans doute\n\u00eatre occup\u00e9 \u00e0 pr\u00e9parer le grand voyage de ce soir. <\/p>\n\n\n\n<p>-Mais comment je vais faire pour lui donner mon\ncadeau&nbsp;? hoqueta Faustine.<\/p>\n\n\n\n<p>-J\u2019ai une id\u00e9e, r\u00e9pondit malicieuse sa m\u00e8re.<\/p>\n\n\n\n<p style=\"text-align:center\">***<\/p>\n\n\n\n<p>25 d\u00e9cembre. T\u00f4t le matin. Au pied du sapin,\nchez Faustine. <\/p>\n\n\n\n<p>-Maman, maman&nbsp;! Viens voir&nbsp;!<\/p>\n\n\n\n<p>A c\u00f4t\u00e9 de l\u2019assiette de biscuits dont il ne\nrestait que des miettes et du verre de lait vide, se trouvait un ticket de\nm\u00e9tro o\u00f9 il \u00e9tait marqu\u00e9&nbsp;:<\/p>\n\n\n\n<p>\u00ab&nbsp;<em>Merci pour l\u2019\u00e9charpe et le bonnet.<\/em><\/p>\n\n\n\n<p><em>Je vais pouvoir finir ma tourn\u00e9e au chaud.<\/em><\/p>\n\n\n\n<p><em>Joyeux No\u00ebl Faustine et \u00e0 l\u2019ann\u00e9e\nprochaine&nbsp;!<\/em>&nbsp;\u00bb.<\/p>\n","protected":false},"excerpt":{"rendered":"<p>A mes enfants, \u00e0 l\u2019amour inconditionnel. Faustine ouvrait de grands yeux \u00e9merveill\u00e9s. Pour la premi\u00e8re fois de sa vie, qui lui paraissait d\u00e9j\u00e0 immense, elle allait prendre le nouveau m\u00e9tro pour se rendre \u00e0 l\u2019\u00e9cole. Pour s\u00fbr, ses copains seraient fiers. Elle se voyait d\u00e9j\u00e0, dans la cour de r\u00e9cr\u00e9ation, expliquer \u00e0 Manon et Augustin [&hellip;]<\/p>\n","protected":false},"author":1,"featured_media":0,"parent":29,"menu_order":0,"comment_status":"closed","ping_status":"closed","template":"","meta":[],"_links":{"self":[{"href":"http:\/\/leslectures.demarie.fr\/index.php?rest_route=\/wp\/v2\/pages\/297"}],"collection":[{"href":"http:\/\/leslectures.demarie.fr\/index.php?rest_route=\/wp\/v2\/pages"}],"about":[{"href":"http:\/\/leslectures.demarie.fr\/index.php?rest_route=\/wp\/v2\/types\/page"}],"author":[{"embeddable":true,"href":"http:\/\/leslectures.demarie.fr\/index.php?rest_route=\/wp\/v2\/users\/1"}],"replies":[{"embeddable":true,"href":"http:\/\/leslectures.demarie.fr\/index.php?rest_route=%2Fwp%2Fv2%2Fcomments&post=297"}],"version-history":[{"count":1,"href":"http:\/\/leslectures.demarie.fr\/index.php?rest_route=\/wp\/v2\/pages\/297\/revisions"}],"predecessor-version":[{"id":298,"href":"http:\/\/leslectures.demarie.fr\/index.php?rest_route=\/wp\/v2\/pages\/297\/revisions\/298"}],"up":[{"embeddable":true,"href":"http:\/\/leslectures.demarie.fr\/index.php?rest_route=\/wp\/v2\/pages\/29"}],"wp:attachment":[{"href":"http:\/\/leslectures.demarie.fr\/index.php?rest_route=%2Fwp%2Fv2%2Fmedia&parent=297"}],"curies":[{"name":"wp","href":"https:\/\/api.w.org\/{rel}","templated":true}]}}