{"id":367,"date":"2022-06-25T21:58:15","date_gmt":"2022-06-25T20:58:15","guid":{"rendered":"http:\/\/leslectures.demarie.fr\/?page_id=367"},"modified":"2022-06-25T22:05:30","modified_gmt":"2022-06-25T21:05:30","slug":"au-bout-du-chemin","status":"publish","type":"page","link":"http:\/\/leslectures.demarie.fr\/?page_id=367","title":{"rendered":"Au bout du chemin"},"content":{"rendered":"\n<div class=\"wp-block-image\"><figure class=\"aligncenter is-resized\"><img decoding=\"async\" loading=\"lazy\" src=\"https:\/\/images.saatchiart.com\/saatchi\/420513\/art\/4398517\/3468357-HSC00001-7.jpg\" alt=\"\" width=\"255\" height=\"317\"\/><figcaption> <br>Old Couple Walking&nbsp;Painting<br><a href=\"https:\/\/www.saatchiart.com\/jamescoates\">James Coates<\/a><br>United Kingdom<br>Painting, Oil on Canvas<br>Size:&nbsp;20.3 W x 25.4 H x 0.3 D cm <\/figcaption><\/figure><\/div>\n\n\n\n<p style=\"text-align:right\"><em>Je t\u2019aime, parce que tu es\ncomme tu es.<\/em> (Andr\u00e9 Stern)<\/p>\n\n\n\n<div style=\"height:20px\" aria-hidden=\"true\" class=\"wp-block-spacer\"><\/div>\n\n\n\n<p>Baign\u00e9s dans la lumi\u00e8re dor\u00e9e qui\ninonde les champs de bl\u00e9s<\/p>\n\n\n\n<p>Ils se balancent au gr\u00e9 vent,\nleurs mains entrelac\u00e9es<\/p>\n\n\n\n<p>Marqu\u00e9es des rides du temps<\/p>\n\n\n\n<p>Leur peau t\u00e2ch\u00e9e par les hivers et\nles printemps<\/p>\n\n\n\n<div style=\"height:20px\" aria-hidden=\"true\" class=\"wp-block-spacer\"><\/div>\n\n\n\n<p>Du silence r\u00e9sonnant au creux de\nleur c\u0153ur<\/p>\n\n\n\n<p>T\u00e9moigne leur amour solide et\ndiscret<\/p>\n\n\n\n<p>Ils ont tout partag\u00e9 ensemble et\nsans peur<\/p>\n\n\n\n<p>Des mots superflus, il ne reste\nque le secret<\/p>\n\n\n\n<div style=\"height:20px\" aria-hidden=\"true\" class=\"wp-block-spacer\"><\/div>\n\n\n\n<p>Ils sont l\u2019autre de l\u2019un, ils sont\n\u00e9vidents<\/p>\n\n\n\n<p>Ils sont amis, amants,\npartenaires, confidents<\/p>\n\n\n\n<p>Ils ont march\u00e9 tous deux sur le\nchemin de vie<\/p>\n\n\n\n<p>Construit sur le ciment immuable\nqui les a unis<\/p>\n\n\n\n<div style=\"height:20px\" aria-hidden=\"true\" class=\"wp-block-spacer\"><\/div>\n\n\n\n<p>Avec lui, elle a pu avancer forte\net debout <\/p>\n\n\n\n<p>Sur le chemin qui se tra\u00e7ait,\njusqu\u2019au bout<\/p>\n\n\n\n<p>Avec elle, ses lendemains se sont teint\u00e9s\nde couleurs<\/p>\n\n\n\n<p>Dessinant un tableau tachet\u00e9 de\nbonheur<\/p>\n\n\n\n<p>Avec lui, le soleil brillait et\nqu\u2019importe<\/p>\n\n\n\n<p>L\u2019heure, la saison, la neige et\nles feuilles mortes<\/p>\n\n\n\n<p>Avec elle, seuls d\u2019imperceptibles\ngestes t\u00e9moignaient<\/p>\n\n\n\n<p>Des \u00e9changes clandestins riches de\nleur humanit\u00e9<\/p>\n\n\n\n<div style=\"height:20px\" aria-hidden=\"true\" class=\"wp-block-spacer\"><\/div>\n\n\n\n<p>Avec lui, elle a eu confiance<\/p>\n\n\n\n<p>Avec elle, sa peur a perdu son\nsens<\/p>\n\n\n\n<p>Avec lui, toujours elle rit<\/p>\n\n\n\n<p>Avec elle, toujours il vit<\/p>\n\n\n\n<div style=\"height:20px\" aria-hidden=\"true\" class=\"wp-block-spacer\"><\/div>\n\n\n\n<p>Leurs rires sont un son doux et\nrassurant<\/p>\n\n\n\n<p>Leurs sourires rayonnent,\nchaleureux et bienveillants<\/p>\n\n\n\n<p>C\u2019est tout ce qu\u2019ils se donnent,\ncette beaut\u00e9 qui les traverse<\/p>\n\n\n\n<p>Les transcende, les renverse et\nles bouleverse<\/p>\n\n\n\n<div style=\"height:20px\" aria-hidden=\"true\" class=\"wp-block-spacer\"><\/div>\n\n\n\n<p>Leurs regards les rendent uniques,\npr\u00e9cieux, libres et transport\u00e9s<\/p>\n\n\n\n<p>Ils respirent le calme, la\npuissance, la s\u00e9r\u00e9nit\u00e9<\/p>\n\n\n\n<p>Irradient l&rsquo;apaisement, l&rsquo;\u00e9motion,\nla sensibilit\u00e9<\/p>\n\n\n\n<p>Brillent de leur respect, leur\nestime et leur complicit\u00e9<\/p>\n\n\n\n<div style=\"height:20px\" aria-hidden=\"true\" class=\"wp-block-spacer\"><\/div>\n\n\n\n<p>Ils s\u2019aiment en conscience<\/p>\n\n\n\n<p>Ils s\u2019aiment en abondance<\/p>\n\n\n\n<p>Ils s\u2019aiment \u00e0 l\u2019infini <\/p>\n\n\n\n<p>Ils s\u2019aiment, l\u2019histoire d\u2019une vie <\/p>\n","protected":false},"excerpt":{"rendered":"<p>Je t\u2019aime, parce que tu es comme tu es. (Andr\u00e9 Stern) Baign\u00e9s dans la lumi\u00e8re dor\u00e9e qui inonde les champs de bl\u00e9s Ils se balancent au gr\u00e9 vent, leurs mains entrelac\u00e9es Marqu\u00e9es des rides du temps Leur peau t\u00e2ch\u00e9e par les hivers et les printemps Du silence r\u00e9sonnant au creux de leur c\u0153ur T\u00e9moigne leur [&hellip;]<\/p>\n","protected":false},"author":1,"featured_media":0,"parent":31,"menu_order":0,"comment_status":"closed","ping_status":"closed","template":"","meta":[],"_links":{"self":[{"href":"http:\/\/leslectures.demarie.fr\/index.php?rest_route=\/wp\/v2\/pages\/367"}],"collection":[{"href":"http:\/\/leslectures.demarie.fr\/index.php?rest_route=\/wp\/v2\/pages"}],"about":[{"href":"http:\/\/leslectures.demarie.fr\/index.php?rest_route=\/wp\/v2\/types\/page"}],"author":[{"embeddable":true,"href":"http:\/\/leslectures.demarie.fr\/index.php?rest_route=\/wp\/v2\/users\/1"}],"replies":[{"embeddable":true,"href":"http:\/\/leslectures.demarie.fr\/index.php?rest_route=%2Fwp%2Fv2%2Fcomments&post=367"}],"version-history":[{"count":2,"href":"http:\/\/leslectures.demarie.fr\/index.php?rest_route=\/wp\/v2\/pages\/367\/revisions"}],"predecessor-version":[{"id":373,"href":"http:\/\/leslectures.demarie.fr\/index.php?rest_route=\/wp\/v2\/pages\/367\/revisions\/373"}],"up":[{"embeddable":true,"href":"http:\/\/leslectures.demarie.fr\/index.php?rest_route=\/wp\/v2\/pages\/31"}],"wp:attachment":[{"href":"http:\/\/leslectures.demarie.fr\/index.php?rest_route=%2Fwp%2Fv2%2Fmedia&parent=367"}],"curies":[{"name":"wp","href":"https:\/\/api.w.org\/{rel}","templated":true}]}}