{"id":104,"date":"2015-07-10T16:47:17","date_gmt":"2015-07-10T15:47:17","guid":{"rendered":"http:\/\/leslectures.demarie.fr\/?page_id=104"},"modified":"2015-07-10T16:47:17","modified_gmt":"2015-07-10T15:47:17","slug":"charly-9-jean-teule","status":"publish","type":"page","link":"https:\/\/leslectures.demarie.fr\/?page_id=104","title":{"rendered":"Charly 9 [Jean Teul\u00e9]"},"content":{"rendered":"<p style=\"text-align: center;\"><strong>Charly 9 &#8211; Jean Teul\u00e9 (Editions Julliard)<\/strong><\/p>\n<p style=\"text-align: center;\"><img decoding=\"async\" loading=\"lazy\" class=\"aligncenter\" alt=\"\" src=\"http:\/\/extranet.editis.com\/it-yonixweb\/IMAGES\/JUL\/P3\/9782260018247.jpg\" width=\"209\" height=\"336\" \/><\/p>\n<blockquote>\n<p style=\"text-align: justify;\"><em>&laquo;&nbsp;Un h\u00e9ritier du tr\u00f4ne doit apprendre son arbre g\u00e9n\u00e9alogique et les hauts faits de ses a\u00efeux. Alors moi, quand mon fils m&rsquo;aurait demand\u00e9 : &laquo;&nbsp;Et vous, qu&rsquo;avez-vous accompli comme exploit, papa ?&nbsp;&raquo; qu&rsquo;est-ce que je lui aurais r\u00e9pondu ? &laquo;&nbsp;La Saint-Barth\u00e9lemy&nbsp;&raquo;.&nbsp;&raquo;<\/em><\/p>\n<p style=\"text-align: justify;\"><strong>R\u00e9sum\u00e9 :<\/strong> &laquo;&nbsp;<em>Charles IX fut de tous nos rois de France l&rsquo;un des plus calamiteux. A 22 ans, pour faire plaisir \u00e0 sa m\u00e8re, il ordonna le massacre de la Saint Barth\u00e9lemy qui \u00e9pouvanta l&rsquo;Europe enti\u00e8re. Abasourdi par l&rsquo;\u00e9normit\u00e9 de son crime, il sombra dans la folie. Courant le lapin et le cerf dans les salles du Louvre, fabriquant de la fausse monnaie pour remplir les caisses d\u00e9sesp\u00e9r\u00e9ment vides du royaume, il accumula les initiatives d\u00e9sastreuses.Transpirant le sang par tous les pores de son pauvre corps d\u00e9charn\u00e9, Charles IX mourut \u00e0 23 ans, ha\u00ef de tous. Pourtant, il avait un bon fond.<\/em>&laquo;&nbsp;<\/p>\n<\/blockquote>\n<p style=\"text-align: justify;\">C&rsquo;est un nouveau d\u00e9lice litt\u00e9raire que nous offre Jean Teul\u00e9 \u00e0 travers l&rsquo;histoire compl\u00e8tement abracadabrante d&rsquo;un monarque totalement d\u00e9cal\u00e9. On d\u00e9couvre un pan de la triste histoire de France sous un tout nouveau jour, dans une intimit\u00e9 \u00e0 la fois glauque et po\u00e9tique. C&rsquo;est d&rsquo;ailleurs l\u00e0 tout l&rsquo;art de ce formidable auteur : lier les faits les plus noirs de l&rsquo;\u00e2me humaine \u00e0 la beaut\u00e9 lyrique de la langue fran\u00e7aise. Un r\u00e9gal \u00e0 chaque phrase.<\/p>\n<p style=\"text-align: justify;\"><strong>Quelques liens d&rsquo;articles :<\/strong><\/p>\n<p style=\"text-align: justify;\"><a href=\"http:\/\/www.liberation.fr\/livres\/2011\/04\/02\/charles-ix-un-ovni-renomme-charly_726263\">Lib\u00e9ration<\/a><\/p>\n<p style=\"text-align: justify;\"><a href=\"http:\/\/www.critiqueslibres.com\/i.php\/vcrit\/26133\">Critiques libres<\/a><\/p>\n<p style=\"text-align: justify;\"><a href=\"http:\/\/www.laruellebleue.com\/6088\/charly-9-jean-teule-julliard\/\">La Ruelle Bleue<\/a><\/p>\n","protected":false},"excerpt":{"rendered":"<p>Charly 9 &#8211; Jean Teul\u00e9 (Editions Julliard) &laquo;&nbsp;Un h\u00e9ritier du tr\u00f4ne doit apprendre son arbre g\u00e9n\u00e9alogique et les hauts faits de ses a\u00efeux. Alors moi, quand mon fils m&rsquo;aurait demand\u00e9 : &laquo;&nbsp;Et vous, qu&rsquo;avez-vous accompli comme exploit, papa ?&nbsp;&raquo; qu&rsquo;est-ce que je lui aurais r\u00e9pondu ? &laquo;&nbsp;La Saint-Barth\u00e9lemy&nbsp;&raquo;.&nbsp;&raquo; R\u00e9sum\u00e9 : &laquo;&nbsp;Charles IX fut de tous [&hellip;]<\/p>\n","protected":false},"author":1,"featured_media":0,"parent":9,"menu_order":0,"comment_status":"open","ping_status":"open","template":"","meta":[],"_links":{"self":[{"href":"https:\/\/leslectures.demarie.fr\/index.php?rest_route=\/wp\/v2\/pages\/104"}],"collection":[{"href":"https:\/\/leslectures.demarie.fr\/index.php?rest_route=\/wp\/v2\/pages"}],"about":[{"href":"https:\/\/leslectures.demarie.fr\/index.php?rest_route=\/wp\/v2\/types\/page"}],"author":[{"embeddable":true,"href":"https:\/\/leslectures.demarie.fr\/index.php?rest_route=\/wp\/v2\/users\/1"}],"replies":[{"embeddable":true,"href":"https:\/\/leslectures.demarie.fr\/index.php?rest_route=%2Fwp%2Fv2%2Fcomments&post=104"}],"version-history":[{"count":1,"href":"https:\/\/leslectures.demarie.fr\/index.php?rest_route=\/wp\/v2\/pages\/104\/revisions"}],"predecessor-version":[{"id":105,"href":"https:\/\/leslectures.demarie.fr\/index.php?rest_route=\/wp\/v2\/pages\/104\/revisions\/105"}],"up":[{"embeddable":true,"href":"https:\/\/leslectures.demarie.fr\/index.php?rest_route=\/wp\/v2\/pages\/9"}],"wp:attachment":[{"href":"https:\/\/leslectures.demarie.fr\/index.php?rest_route=%2Fwp%2Fv2%2Fmedia&parent=104"}],"curies":[{"name":"wp","href":"https:\/\/api.w.org\/{rel}","templated":true}]}}