{"id":164,"date":"2020-05-05T12:07:32","date_gmt":"2020-05-05T11:07:32","guid":{"rendered":"http:\/\/leslectures.demarie.fr\/?page_id=164"},"modified":"2020-05-05T12:11:35","modified_gmt":"2020-05-05T11:11:35","slug":"soif-amelie-nothomb","status":"publish","type":"page","link":"https:\/\/leslectures.demarie.fr\/?page_id=164","title":{"rendered":"Soif [Am\u00e9lie Nothomb]"},"content":{"rendered":"<p style=\"text-align: center;\"><a href=\"http:\/\/leslectures.demarie.fr\/wp-content\/uploads\/2020\/01\/soif.jpg\"><img decoding=\"async\" loading=\"lazy\" class=\"alignnone size-full wp-image-164\" src=\"http:\/\/leslectures.demarie.fr\/wp-content\/uploads\/2020\/01\/soif.jpg\" alt=\"\" width=\"195\" height=\"300\"><\/a><\/p>\n<p style=\"text-align: justify;\">R\u00e9sum\u00e9 :<br \/>\n\u00ab <em>Pour \u00e9prouver la soif, il faut \u00eatre vivant<\/em> \u00bb<\/p>\n<p style=\"text-align: justify;\">A mon sens, un chef-d\u2019\u0153uvre. Peut-\u00eatre m\u00eame le meilleur roman \u00e9crit par Am\u00e9lie Nothomb \u00e0 ce jour, et je les ai tous lus. Je ne savais pas \u00e0 quoi m\u2019attendre en l\u2019achetant et je suis tomb\u00e9e de haut en lisant les premi\u00e8res lignes. Il fallait oser. Revisiter la passion du Christ de cette fa\u00e7on, se mettre \u00e0 la place de J\u00e9sus et int\u00e9rioriser sa pens\u00e9e ainsi. On le d\u00e9couvre plus humain que jamais, tout en restant fid\u00e8le \u00e0 l\u2019image que l\u2019on pourrait se faire du Christ et de ses valeurs, de sa fa\u00e7on d\u2019\u00eatre et d\u2019exister. Elle r\u00e9ussit avec brio l\u2019exercice de faire d\u2019un personnage biblique, un v\u00e9ritable personnage de roman, auquel le lecteur pourra alors ais\u00e9ment s\u2019identifier. On plonge avec lui dans ses derni\u00e8res heures de vie et on peut explorer ce m\u00e9lange de sentiments, de peur, d\u2019angoisse, d\u2019amour, de col\u00e8re, de joie et surtout de souffrance. On ressent avec lui la soif et on comprend ce qui le fait se sentir vivant.<\/p>\n<p style=\"text-align: justify;\">C\u2019est une \u0153uvre puissante, complexe. Les mots sont beaux. On a l\u2019impression que chacun a \u00e9t\u00e9 pens\u00e9 longuement, pes\u00e9 et choisi d\u00e9licatement. La langue est \u00e0 l\u2019honneur et la po\u00e9sie qui ressort \u00e0 chaque phrase est un r\u00e9gal litt\u00e9raire. Le roman tout entier d\u00e9gage une force brute, d\u00e9gag\u00e9e par un lyrisme de g\u00e9nie.<\/p>\n<p style=\"text-align: justify;\">\u00ab <em>L\u2019amour est \u00e9nergie et donc mouvement, rien ne stagne en lui, il s\u2019agit de se jeter dans son jaillissement sans se demander comment on va tenir, car il n\u2019est pas \u00e0 l\u2019\u00e9preuve de la vraisemblance.<\/em> \u00bb p38<\/p>\n<p><strong>Conseils de lecture :<\/strong><\/p>\n<p style=\"text-align: justify;\"><strong>\u2013<\/strong><em style=\"font-weight: bold;\">Stupeur et tremblements (Am\u00e9lie Nothomb)<\/em><strong> : <\/strong>Prix de l\u2019Acad\u00e9mie Fran\u00e7aise 1999. L\u2019auteur nous em\u00e8ne avec elle au coeur d\u2019une entreprise japonaise, avec ses r\u00e8gles, ses codes et ses valeurs. Le livre est rythm\u00e9 de l\u2019humour piquant et cynique propre \u00e0 Am\u00e9lie Nothomb, un r\u00e9gal litt\u00e9raire.<\/p>\n<p style=\"text-align: justify;\">R\u00e9sum\u00e9 : \u00ab&nbsp;<em>Au d\u00e9but des ann\u00e9es 1990, la narratrice est embauch\u00e9e par Yumimoto, une puissante firme japonaise. Elle va d\u00e9couvrir \u00e0 ses d\u00e9pens l\u2019implacable rigueur de l\u2019autorit\u00e9 d\u2019entreprise, en m\u00eame temps que les codes de conduite, incompr\u00e9hensibles au profane, qui gouvernent la vie sociale au pays du Soleil levant.<\/em><\/p>\n<p style=\"text-align: justify;\"><em>D\u2019erreurs en maladresses et en \u00e9checs, commence alors pour elle, comme dans un mauvais r\u00eave, la descente inexorable dans les degr\u00e9s de la hi\u00e9rarchie, jusqu\u2019au rang de surveillante des toilettes, celui de l\u2019humiliation derni\u00e8re. Une course absurde vers l\u2019ab\u00eeme \u2013 image de la vie \u2013, o\u00f9 l\u2019humour percutant d\u2019Am\u00e9lie Nothomb fait mouche \u00e0 chaque ligne.<\/em>\u00ab&nbsp;<\/p>\n<p style=\"text-align: justify;\"><strong>\u2013<em>Acide Sulfurique (Am\u00e9lie Nothomb<\/em><em>)<\/em> : <\/strong>Un roman gla\u00e7ant o\u00f9 le voyeurisme et la t\u00e9l\u00e9r\u00e9alit\u00e9 sont pr\u00e9sent\u00e9s sous leur jour le plus malsain.<\/p>\n<p>\u00ab&nbsp;<em>Vint le moment o\u00f9 la souffrance des autres ne leur suffit plus: il leur en fallut le spectacle.<\/em>\u00ab&nbsp;<\/p>\n","protected":false},"excerpt":{"rendered":"<p>R\u00e9sum\u00e9 : \u00ab Pour \u00e9prouver la soif, il faut \u00eatre vivant \u00bb A mon sens, un chef-d\u2019\u0153uvre. Peut-\u00eatre m\u00eame le meilleur roman \u00e9crit par Am\u00e9lie Nothomb \u00e0 ce jour, et je les ai tous lus. Je ne savais pas \u00e0 quoi m\u2019attendre en l\u2019achetant et je suis tomb\u00e9e de haut en lisant les premi\u00e8res lignes. [&hellip;]<\/p>\n","protected":false},"author":1,"featured_media":0,"parent":7,"menu_order":0,"comment_status":"closed","ping_status":"closed","template":"","meta":[],"_links":{"self":[{"href":"https:\/\/leslectures.demarie.fr\/index.php?rest_route=\/wp\/v2\/pages\/164"}],"collection":[{"href":"https:\/\/leslectures.demarie.fr\/index.php?rest_route=\/wp\/v2\/pages"}],"about":[{"href":"https:\/\/leslectures.demarie.fr\/index.php?rest_route=\/wp\/v2\/types\/page"}],"author":[{"embeddable":true,"href":"https:\/\/leslectures.demarie.fr\/index.php?rest_route=\/wp\/v2\/users\/1"}],"replies":[{"embeddable":true,"href":"https:\/\/leslectures.demarie.fr\/index.php?rest_route=%2Fwp%2Fv2%2Fcomments&post=164"}],"version-history":[{"count":1,"href":"https:\/\/leslectures.demarie.fr\/index.php?rest_route=\/wp\/v2\/pages\/164\/revisions"}],"predecessor-version":[{"id":165,"href":"https:\/\/leslectures.demarie.fr\/index.php?rest_route=\/wp\/v2\/pages\/164\/revisions\/165"}],"up":[{"embeddable":true,"href":"https:\/\/leslectures.demarie.fr\/index.php?rest_route=\/wp\/v2\/pages\/7"}],"wp:attachment":[{"href":"https:\/\/leslectures.demarie.fr\/index.php?rest_route=%2Fwp%2Fv2%2Fmedia&parent=164"}],"curies":[{"name":"wp","href":"https:\/\/api.w.org\/{rel}","templated":true}]}}