{"id":167,"date":"2020-05-05T12:14:17","date_gmt":"2020-05-05T11:14:17","guid":{"rendered":"http:\/\/leslectures.demarie.fr\/?page_id=167"},"modified":"2020-05-05T12:14:45","modified_gmt":"2020-05-05T11:14:45","slug":"lodyssee-dhakim-fabien-toulme","status":"publish","type":"page","link":"https:\/\/leslectures.demarie.fr\/?page_id=167","title":{"rendered":"L\u2019Odyss\u00e9e d\u2019Hakim [Fabien Toulm\u00e9]"},"content":{"rendered":"<p style=\"text-align: center;\"><a href=\"http:\/\/leslectures.demarie.fr\/wp-content\/uploads\/2020\/01\/lodyss\u00e9e-dHakim-T1.jpg\"><img decoding=\"async\" loading=\"lazy\" class=\"alignnone wp-image-170\" src=\"http:\/\/leslectures.demarie.fr\/wp-content\/uploads\/2020\/01\/lodyss\u00e9e-dHakim-T1.jpg\" alt=\"\" width=\"159\" height=\"221\"><\/a>  <a href=\"http:\/\/leslectures.demarie.fr\/wp-content\/uploads\/2020\/01\/lodyss\u00e9e-dHakim-T2.jpg\"><img decoding=\"async\" loading=\"lazy\" class=\"alignnone wp-image-171\" src=\"http:\/\/leslectures.demarie.fr\/wp-content\/uploads\/2020\/01\/lodyss\u00e9e-dHakim-T2.jpg\" alt=\"\" width=\"158\" height=\"221\"><\/a><\/p>\n<p>R\u00e9sum\u00e9 du tome 1 :<\/p>\n<p style=\"text-align: justify;\">\u00ab <em>L\u2019histoire vraie d\u2019un homme qui a d\u00fb tout quitter : sa famille, ses amis, sa propre entreprise\u2026 parce que la guerre \u00e9clatait, parce qu\u2019on l\u2019avait tortur\u00e9, parce que le pays voisin semblait pouvoir lui offrir un avenir et la s\u00e9curit\u00e9. Un r\u00e9cit du r\u00e9el, entre espoir et violence, qui raconte comment la guerre vous force \u00e0 abandonner votre terre, ceux que vous aimez et fait de vous un r\u00e9fugi\u00e9. <\/em>\u00bb<\/p>\n<p style=\"text-align: justify;\">Dans ce roman graphique, Fabien Toulm\u00e9 nous emm\u00e8ne dans la vie de Hakim et de sa famille, en Syrie. Un graphisme \u00e9pur\u00e9 et simple, mais en m\u00eame temps percutant, permet de retranscrire l\u2019odyss\u00e9e de cet homme, victime parmi tant d\u2019autres, de la guerre syrienne.<\/p>\n<p style=\"text-align: justify;\">Le t\u00e9moignage est poignant, on s\u2019attache tr\u00e8s vite aux personnes, d\u2019autant que l\u2019on sait qu\u2019elles sont r\u00e9elles et que leur histoire est vraie, v\u00e9cue. On alterne les \u00e9pisodes d\u2019\u00e9changes ancr\u00e9s dans le pr\u00e9sent entre Fabien et Hakim, et les \u00e9pisodes d\u2019histoires, r\u00e9cit de Hakim retranscrit par Fabien, signifi\u00e9s par des changements de couleurs. A travers l\u2019histoire personnelle de Hakim et de sa famille, ces ouvrages nous offrent \u00e9galement une vision int\u00e9rieure du conflit syrien et de son historique, des enjeux politiques et g\u00e9opolitiques, d\u2019une r\u00e9alit\u00e9 de vie sur place et de l\u2019\u00e9volution de la guerre au fil des ann\u00e9es. On a alors un aper\u00e7u de la violence physique et morale subie par les civils.<\/p>\n<p style=\"text-align: justify;\">Mais ces livres sont avant tout t\u00e9moin d\u2019une histoire de vie touchante, authentique et parfois dr\u00f4le. L\u2019auteur a su pr\u00e9server une part de l\u00e9g\u00e8ret\u00e9 et de joie de vivre, o\u00f9 Hakim, malgr\u00e9 les phases de d\u00e9couragement qu\u2019il peut rencontrer, reste toujours positif et continue d\u2019aller de l\u2019avant, pour lui, pour sa famille. Et \u00e7a, en plus d\u2019un bel hommage rendu \u00e0 tous les r\u00e9fugi\u00e9s qui fuient la guerre et une mort certaine, c\u2019est une belle le\u00e7on de vie.<\/p>\n<p>Le tome 3 est \u00e0 para\u00eetre en avril \/ !\\<\/p>\n<p>&nbsp;<\/p>\n<p><u>Conseils de lecture :<\/u><\/p>\n<p style=\"text-align: justify;\"><strong>-Kobane Calling (Zerocalcare) :<\/strong> un roman graphique, t\u00e9moignage qui fait suite au reportage de Zerocalcare \u00e0 Koban\u00e9, o\u00f9 il a rencontr\u00e9 l\u2019arm\u00e9e de femmes kurdes et les r\u00e9sistants en lutte contre Daesh.<\/p>\n<p style=\"text-align: justify;\"><u>R\u00e9sum\u00e9 :<\/u> \u00ab <em>Les c\u0153urs ne sont pas tous les m\u00eames. Ils se mod\u00e8lent et prennent forme au fur et \u00e0 mesure des exp\u00e9riences. Comme un tronc qui pousserait tordu pour s\u2019adapter \u00e0 ce qui l\u2019entoure. Et tout ce qui a model\u00e9 le tien\u2026 Ce qu\u2019on t\u2019a appris, ce qu\u2019on t\u2019a transmis ce qui t\u2019a fait pleurer, ce qui t\u2019a fait rire, le sang qui ne fait qu\u2019un tour et celui qu\u2019on t\u2019a fait cracher. Tout \u00e7a aujourd\u2019hui est \u00e0 Koban\u00e9. \u00bb<\/em><\/p>\n<p><strong>-Amour minuscule (Teresa Radice, Stefano Turconi) :<\/strong> roman graphique plein de po\u00e9sie, qui fait se croiser des histoires bouleversantes. Des sujets sensibles sont abord\u00e9s et l\u2019amour et la solidarit\u00e9 m\u00e8nent la danse, encore une fois.<\/p>\n<p style=\"text-align: justify;\"><u>R\u00e9sum\u00e9 :<\/u> \u00ab <em>Iris est d\u2019origine argentine ; Ismail, syrienne. Ils s\u2019aiment, vivent en Italie et forment le couple id\u00e9al. Mais alors qu\u2019Ismail part en voyage pour r\u00e9gler des affaires familiales, la guerre \u00e9clate en Syrie. Pris dans la tourmente, il se bat pour rentrer au pays. Dans le m\u00eame temps, Iris, elle, d\u00e9couvre qu\u2019elle est enceinte. Mais la communication entre eux est rompue\u2026 Comment savoir si Ismail est encore en vie et s\u2019il va pouvoir un jour revenir ? Comment lui annoncer qu\u2019il va \u00eatre le p\u00e8re de cet \u00ab amour minuscule \u00bb qui pousse dans le ventre d\u2019Iris ? <\/em>\u00bb<\/p>\n<p><strong>-Les portes du n\u00e9ant (Samar Yazbek) :<\/strong> t\u00e9moignage \u00e9crit de cette journaliste et \u00e9crivaine syrienne, qui retourne dans son pays, au p\u00e9ril de sa vie, et nous livre dans une \u00e9criture po\u00e9tique, l\u2019horreur de l\u2019\u00e9volution du conflit syrien.<\/p>\n<p style=\"text-align: justify;\"><u>R\u00e9sum\u00e9 :<\/u> \u00ab <em>Figure de l\u2019opposition au r\u00e9gime de Bachar al-Assad, Samar Yazbek est contrainte de quitter son pays tant aim\u00e9 en juin 2011. Depuis son exil, elle ressent l\u2019urgence de t\u00e9moigner. Au m\u00e9pris du danger, elle retourne clandestinement dans son pays, en s\u2019infiltrant par une br\u00e8che dans la fronti\u00e8re turque. Trois voyages en enfer dans la r\u00e9gion d\u2019Idlib o\u00f9 elle vit de l\u2019int\u00e9rieur l\u2019horreur de la guerre civile, aux c\u00f4t\u00e9s des activistes. Des premi\u00e8res manifestations pacifiques pour la d\u00e9mocratie, \u00e0 la formation de l\u2019Arm\u00e9e Syrienne Libre, jusqu\u2019\u00e0 l\u2019\u00e9mergence de l\u2019\u00c9tat islamique, Samar Yazbek livre un t\u00e9moignage courageux sur le quotidien des combattants, des enfants, des hommes et des femmes ordinaires qui luttent pour survivre. Elle dit l\u2019odeur de la terre apr\u00e8s l\u2019explosion d\u2019une bombe, l\u2019effroi dans le regard des m\u00e8res, les corps mutil\u00e9s ; elle dit l\u2019une des plus grandes trag\u00e9dies du XX\u00e8me si\u00e8cle.<\/em> \u00bb<\/p>\n","protected":false},"excerpt":{"rendered":"<p>R\u00e9sum\u00e9 du tome 1 : \u00ab L\u2019histoire vraie d\u2019un homme qui a d\u00fb tout quitter : sa famille, ses amis, sa propre entreprise\u2026 parce que la guerre \u00e9clatait, parce qu\u2019on l\u2019avait tortur\u00e9, parce que le pays voisin semblait pouvoir lui offrir un avenir et la s\u00e9curit\u00e9. Un r\u00e9cit du r\u00e9el, entre espoir et violence, qui [&hellip;]<\/p>\n","protected":false},"author":1,"featured_media":0,"parent":7,"menu_order":0,"comment_status":"closed","ping_status":"closed","template":"","meta":[],"_links":{"self":[{"href":"https:\/\/leslectures.demarie.fr\/index.php?rest_route=\/wp\/v2\/pages\/167"}],"collection":[{"href":"https:\/\/leslectures.demarie.fr\/index.php?rest_route=\/wp\/v2\/pages"}],"about":[{"href":"https:\/\/leslectures.demarie.fr\/index.php?rest_route=\/wp\/v2\/types\/page"}],"author":[{"embeddable":true,"href":"https:\/\/leslectures.demarie.fr\/index.php?rest_route=\/wp\/v2\/users\/1"}],"replies":[{"embeddable":true,"href":"https:\/\/leslectures.demarie.fr\/index.php?rest_route=%2Fwp%2Fv2%2Fcomments&post=167"}],"version-history":[{"count":1,"href":"https:\/\/leslectures.demarie.fr\/index.php?rest_route=\/wp\/v2\/pages\/167\/revisions"}],"predecessor-version":[{"id":168,"href":"https:\/\/leslectures.demarie.fr\/index.php?rest_route=\/wp\/v2\/pages\/167\/revisions\/168"}],"up":[{"embeddable":true,"href":"https:\/\/leslectures.demarie.fr\/index.php?rest_route=\/wp\/v2\/pages\/7"}],"wp:attachment":[{"href":"https:\/\/leslectures.demarie.fr\/index.php?rest_route=%2Fwp%2Fv2%2Fmedia&parent=167"}],"curies":[{"name":"wp","href":"https:\/\/api.w.org\/{rel}","templated":true}]}}