{"id":172,"date":"2020-05-05T12:21:11","date_gmt":"2020-05-05T11:21:11","guid":{"rendered":"http:\/\/leslectures.demarie.fr\/?page_id=172"},"modified":"2021-01-18T20:16:04","modified_gmt":"2021-01-18T19:16:04","slug":"chanson-douce-leila-slimani","status":"publish","type":"page","link":"https:\/\/leslectures.demarie.fr\/?page_id=172","title":{"rendered":"Chanson douce [Le\u00efla Slimani]"},"content":{"rendered":"<p><a href=\"http:\/\/leslectures.demarie.fr\/wp-content\/uploads\/2020\/01\/chanson-douce.png\"><img decoding=\"async\" loading=\"lazy\" class=\"size-full wp-image-180 aligncenter\" src=\"http:\/\/leslectures.demarie.fr\/wp-content\/uploads\/2020\/01\/chanson-douce.png\" alt=\"\" width=\"198\" height=\"255\"><\/a><\/p>\n<p align=\"justify\"><span style=\"color: #000000;\"><span style=\"font-family: Calibri, sans-serif;\"><span style=\"font-size: medium;\"><b>R\u00e9sum\u00e9 :<\/b> \u00ab <i>\u00abLouise ? Quelle chance vous avez d\u2019\u00eatre tomb\u00e9s sur elle. Elle a \u00e9t\u00e9 comme une seconde m\u00e8re pour mes gar\u00e7ons. \u00c7a a \u00e9t\u00e9 un vrai cr\u00e8ve-c\u0153ur quand nous avons d\u00fb nous en s\u00e9parer. Pour tout vous dire, \u00e0 l\u2019\u00e9poque, j\u2019ai m\u00eame song\u00e9 \u00e0 faire un troisi\u00e8me enfant pour pouvoir la garder.\u00bb Lorsque Myriam d\u00e9cide malgr\u00e9 les r\u00e9ticences de son mari de reprendre son activit\u00e9 au sein d\u2019un cabinet d\u2019avocats, le couple se met \u00e0 la recherche d\u2019une nounou. Apr\u00e8s un casting s\u00e9v\u00e8re, ils engagent Louise et sont conquis par son aisance avec Mila et Adam, et par le soin bient\u00f4t indispensable qu\u2019elle apporte \u00e0 leur foyer, laissant progressivement s\u2019installer le pi\u00e8ge de la d\u00e9pendance mutuelle.<\/i> \u00bb<\/span><\/span><\/span><\/p>\n<p align=\"justify\"><span style=\"color: #000000;\"><span style=\"font-family: Calibri, sans-serif;\"><span style=\"font-size: medium;\">Et bien, \u00e7a faisait longtemps que je n\u2019avais pas d\u00e9vor\u00e9 un roman aussi rapidement. Le premier mot qui me vient en ayant lu les derni\u00e8res lignes de cette \u0153uvre c\u2019est <b>gla\u00e7ant<\/b>. On s\u2019immisce dans la t\u00eate du personnage principal, qui pour une fois n\u2019est pas le gentil de l\u2019histoire, avec une facilit\u00e9 d\u00e9concertante, et les \u00e9motions des personnages, de mani\u00e8re g\u00e9n\u00e9rale, traversent le lecteur de part en part. <\/span><\/span><\/span><\/p>\n<p align=\"justify\"><span style=\"color: #000000;\"><span style=\"font-family: Calibri, sans-serif;\"><span style=\"font-size: medium;\">L\u2019histoire est inspir\u00e9e d\u2019un terrible fait divers, qui a eu lieu \u00e0 Manhattan en 2012. Yoselyn Ortega, 50 ans au moment des faits, tue les deux enfants dont elle avait la charge, L\u00e9o, deux ans, et Lucia, six ans, avec un couteau de cuisine, dans la salle de bain, avant de tenter de mettre fin \u00e0 ses jours en se tranchant la gorge. C\u2019est sur ce tableau morbide que s\u2019ouvre le roman.<\/span><\/span><\/span><\/p>\n<p align=\"justify\"><span style=\"color: #000000;\"><span style=\"font-family: Calibri, sans-serif;\"><span style=\"font-size: medium;\">Une sc\u00e8ne macabre, le cri de d\u00e9sespoir de Myriam qui r\u00e9sonne silencieusement dans nos oreilles. Puis l\u2019histoire commence, remontant au d\u00e9but de la maternit\u00e9 de Myriam. On apprend \u00e0 conna\u00eetre le couple, leurs enfants, les probl\u00e9matiques li\u00e9es \u00e0 la maternit\u00e9 que rencontrent beaucoup de m\u00e8res, l\u2019envie de retrouver du temps pour soi, pour son travail, la culpabilit\u00e9 de ne pas s\u2019occuper de ses enfants soi-m\u00eame. On assiste alors \u00e0 la d\u00e9cision du couple d\u2019engager une nourrice et on rencontre Louise, parfaite sous toutes les coutures. Mais tout de suite, elle a quelque chose d\u00e9rangeant. Assez rapidement, on en vient \u00e0 la d\u00e9tester, c\u2019est \u00e9pidermique. On a envie d\u2019alerter Paul et Myriam, et plus le roman avance, plus \u00e7a devient oppressant. On d\u00e9couvre au fil des pages l\u2019histoire, le pass\u00e9 de Louise, qui ont fit d\u2019elle ce qu\u2019elle est devenue. On comprend, m\u00eame si la compassion et l\u2019empathie pour le personnage sont difficiles \u00e0 ressentir. On voit son incapacit\u00e9 \u00e0 \u00eatre m\u00e8re, \u00e0 \u00eatre ma\u00eetre de sa vie, sa solitude pesante, envahissante et tout cela rejaillit sur son \u00eatre social et sur sa volont\u00e9 d\u2019\u00eatre parfaite au travail.<\/span><\/span><\/span><\/p>\n<p align=\"justify\"><span style=\"color: #000000;\"><span style=\"font-family: Calibri, sans-serif;\"><span style=\"font-size: medium;\">Insidieusement, le lien d\u2019interd\u00e9pendance s\u2019installe entre la nounou, les enfants et la famille. Et m\u00eame si Paul et Myriam sentent \u00e0 plusieurs reprises que quelque chose cloche, ils ont trop besoin d\u2019elle et de la vie qu\u2019elle leur offre pour la renvoyer. Et finalement, la perspective de devoir se s\u00e9parer de cette famille devient pour Louise impossible, tant son implication dans leur quotidien est devenue sa bou\u00e9e de sauvetage, au point qu\u2019elle vit par procuration et qu\u2019elle menace de perdre pied \u00e0 tout instant.<\/span><\/span><\/span><\/p>\n<p align=\"justify\"><span style=\"color: #000000;\"><span style=\"font-family: Calibri, sans-serif;\"><span style=\"font-size: medium;\">On tourne les pages de ce livre avec fr\u00e9n\u00e9sie, impatients de conna\u00eetre les raisons qui ont pouss\u00e9 Louise \u00e0 commettre ce double meurtre atroce, et on entre dans la vie des personnages du roman avec un esp\u00e8ce de voyeurisme d\u00e9licieux, \u00e0 travers un lyrisme sombre et percutant. En tant que parents, on se met sans doute encore plus facilement \u00e0 la place de Paul et Myriam, et on voit le d\u00e9nouement approcher, in\u00e9luctable, la boule au ventre. Pour moi, <u>Chanson douce<\/u> est une tr\u00e8s belle \u0153uvre litt\u00e9raire et sans conteste une r\u00e9ussite.<\/span><\/span><\/span><\/p>\n<p align=\"justify\"><span style=\"color: #000000;\"><span style=\"font-family: Calibri, sans-serif;\"><span style=\"font-size: medium;\"><u>Conseils de lecture :<\/u><\/span><\/span><\/span><\/p>\n<p align=\"justify\"><span style=\"color: #000000;\"><span style=\"font-family: Calibri, sans-serif;\"><span style=\"font-size: medium;\"><b>\u2013 <\/b><\/span><\/span><\/span><span style=\"color: #000000;\"><span style=\"font-family: Calibri, sans-serif;\"><span style=\"font-size: medium;\"><b>Les bonnes (Jean Genet) :<\/b><\/span><\/span><\/span><span style=\"color: #000000;\"><span style=\"font-family: Calibri, sans-serif;\"><span style=\"font-size: medium;\"> \u00ab<\/span><\/span><\/span><span style=\"color: #000000;\"><span style=\"font-family: Calibri, sans-serif;\"><span style=\"font-size: medium;\"><i> <\/i><\/span><\/span><\/span><span style=\"color: #343434;\"><span style=\"font-family: Calibri, sans-serif;\"><span style=\"font-size: medium;\"><i>Genet nous avertit. Il ne faut pas prendre cette trag\u00e9die \u00e0 la lettre : \u00abC\u2019est un conte, c\u2019est-\u00e0-dire une forme de r\u00e9cit all\u00e9gorique.\u00bb \u00abSacr\u00e9es ou non, ces Bonnes sont des monstres. Elles ont vieilli, elles ont maigri dans la douceur de Madame. Elles crachent leurs rages.\u00bb<\/i><\/span><\/span><\/span><span style=\"font-family: Calibri, sans-serif;\"><span style=\"font-size: medium;\"><i><br \/>\n<\/i><\/span><\/span><span style=\"color: #343434;\"><span style=\"font-family: Calibri, sans-serif;\"><span style=\"font-size: medium;\"><i>Les domestiques sont des \u00eatres humili\u00e9s dont la psychologie est perturb\u00e9e. Aust\u00e8res dans leur robe noire et souliers noirs \u00e0 talons plats, les bonnes ont pour univers la cuisine et son \u00e9vier ou la chambre en soupente, dans la mansarde, meubl\u00e9e de deux lits de fer et d\u2019une commode en pitchpin, avec le petit autel \u00e0 la Sainte Vierge et la branche de buis b\u00e9nit.<\/i><\/span><\/span><\/span><span style=\"font-family: Calibri, sans-serif;\"><span style=\"font-size: medium;\"><i><br \/>\n<\/i><\/span><\/span><span style=\"color: #343434;\"><span style=\"font-family: Calibri, sans-serif;\"><span style=\"font-size: medium;\"><i>Genet a r\u00e9ussi cette pi\u00e8ce, Les Bonnes, peut-\u00eatre parce qu\u2019il revivait, \u00e0 l\u2019int\u00e9rieur de ses personnages, en l\u2019\u00e9crivant, sa propre humiliation. <\/i><\/span><\/span><\/span><span style=\"color: #343434;\"><span style=\"font-family: Calibri, sans-serif;\"><span style=\"font-size: medium;\">\u00bb<\/span><\/span><\/span><\/p>\n<p align=\"justify\"><span style=\"color: #343434;\"><span style=\"font-family: Calibri, sans-serif;\"><span style=\"font-size: medium;\"><b>\u2013 Dans le jardin de l\u2019ogre (Le\u00efla Slimani) :<\/b><\/span><\/span><\/span><span style=\"color: #343434;\"><span style=\"font-family: Calibri, sans-serif;\"><span style=\"font-size: medium;\"> \u00ab <\/span><\/span><\/span><span style=\"color: #343434;\"><span style=\"font-family: Calibri, sans-serif;\"><span style=\"font-size: medium;\"><i>Une semaine qu\u2019elle tient. Une semaine qu\u2019elle n\u2019a pas c\u00e9d\u00e9. Ad\u00e8le a \u00e9t\u00e9 sage. En quatre jours, elle a couru trente-deux kilom\u00e8tres. Elle est all\u00e9e de Pigalle aux Champs-\u00c9lys\u00e9es, du mus\u00e9e d\u2019Orsay \u00e0 Bercy. Elle a couru le matin sur les quais d\u00e9serts. La nuit, sur le boulevard Rochechouart et la place de Clichy. Elle n\u2019a pas bu d\u2019alcool et elle s\u2019est couch\u00e9e t\u00f4t.<\/i><\/span><\/span><\/span><\/p>\n<p align=\"justify\"><span style=\"font-family: Calibri, sans-serif;\"><span style=\"font-size: medium;\"><i><span style=\"color: #343434;\">Mais cette nuit, elle en a r\u00eav\u00e9 et n\u2019a pas pu se rendormir. Un r\u00eave moite, interminable, qui s\u2019est introduit en elle comme un souffle d\u2019air chaud. Ad\u00e8le ne peut plus penser qu\u2019\u00e0 \u00e7a. Elle se l\u00e8ve, boit un caf\u00e9 tr\u00e8s fort dans la maison endormie. Debout dans la cuisine, elle se balance d\u2019un pied sur l\u2019autre. Elle fume une cigarette. Sous la douche, elle a envie de se griffer, de se d\u00e9chirer le corps en deux. Elle cogne son front contre le mur. Elle veut qu\u2019on la saisisse, qu\u2019on lui brise le cr\u00e2ne contre la vitre. D\u00e8s qu\u2019elle ferme les yeux, elle entend les bruits, les soupirs, les hurlements, les coups. Un homme nu qui hal\u00e8te, une femme qui jouit. Elle voudrait n\u2019\u00eatre qu\u2019un objet au milieu d\u2019une horde, \u00eatre d\u00e9vor\u00e9e, suc\u00e9e, aval\u00e9e tout enti\u00e8re. Qu\u2019on lui pince les seins, qu\u2019on lui morde le ventre. Elle veut \u00eatre une poup\u00e9e dans le jardin de l\u2019ogre. <\/span><\/i><span style=\"color: #343434;\">\u00bb<\/span><\/span><\/span><\/p>\n","protected":false},"excerpt":{"rendered":"<p>R\u00e9sum\u00e9 : \u00ab \u00abLouise ? Quelle chance vous avez d\u2019\u00eatre tomb\u00e9s sur elle. Elle a \u00e9t\u00e9 comme une seconde m\u00e8re pour mes gar\u00e7ons. \u00c7a a \u00e9t\u00e9 un vrai cr\u00e8ve-c\u0153ur quand nous avons d\u00fb nous en s\u00e9parer. Pour tout vous dire, \u00e0 l\u2019\u00e9poque, j\u2019ai m\u00eame song\u00e9 \u00e0 faire un troisi\u00e8me enfant pour pouvoir la garder.\u00bb Lorsque [&hellip;]<\/p>\n","protected":false},"author":1000,"featured_media":0,"parent":7,"menu_order":0,"comment_status":"closed","ping_status":"closed","template":"","meta":[],"_links":{"self":[{"href":"https:\/\/leslectures.demarie.fr\/index.php?rest_route=\/wp\/v2\/pages\/172"}],"collection":[{"href":"https:\/\/leslectures.demarie.fr\/index.php?rest_route=\/wp\/v2\/pages"}],"about":[{"href":"https:\/\/leslectures.demarie.fr\/index.php?rest_route=\/wp\/v2\/types\/page"}],"author":[{"embeddable":true,"href":"https:\/\/leslectures.demarie.fr\/index.php?rest_route=\/wp\/v2\/users\/1000"}],"replies":[{"embeddable":true,"href":"https:\/\/leslectures.demarie.fr\/index.php?rest_route=%2Fwp%2Fv2%2Fcomments&post=172"}],"version-history":[{"count":1,"href":"https:\/\/leslectures.demarie.fr\/index.php?rest_route=\/wp\/v2\/pages\/172\/revisions"}],"predecessor-version":[{"id":173,"href":"https:\/\/leslectures.demarie.fr\/index.php?rest_route=\/wp\/v2\/pages\/172\/revisions\/173"}],"up":[{"embeddable":true,"href":"https:\/\/leslectures.demarie.fr\/index.php?rest_route=\/wp\/v2\/pages\/7"}],"wp:attachment":[{"href":"https:\/\/leslectures.demarie.fr\/index.php?rest_route=%2Fwp%2Fv2%2Fmedia&parent=172"}],"curies":[{"name":"wp","href":"https:\/\/api.w.org\/{rel}","templated":true}]}}