{"id":179,"date":"2020-06-06T23:45:31","date_gmt":"2020-06-06T22:45:31","guid":{"rendered":"http:\/\/leslectures.demarie.fr\/?page_id=179"},"modified":"2021-06-02T16:15:08","modified_gmt":"2021-06-02T15:15:08","slug":"%ef%bb%bfa-laube-du-renouveau","status":"publish","type":"page","link":"https:\/\/leslectures.demarie.fr\/?page_id=179","title":{"rendered":"\ufeffA l\u2019aube du renouveau"},"content":{"rendered":"\n<p>Le jour venait de se lever. <\/p>\n\n\n\n<p>Le silence environnant r\u00e9sonnait comme un cri silencieux, arrach\u00e9 du c\u0153ur d\u2019un pays malade. M\u00eame les oiseaux n\u2019osaient plus chanter, par crainte, sans doute, de r\u00e9veiller l\u2019enfer qui s\u2019\u00e9tait d\u00e9cha\u00een\u00e9 ces derni\u00e8res heures.<br><br><br><\/p>\n\n\n\n<p>Le silence.<br><br><br><\/p>\n\n\n\n<p>Le silence lourd et pesant, faisait \u00e9cho au vacarme\nassourdissant, qui continuait de hanter leurs tympans ab\u00eem\u00e9s par l\u2019impitoyable\nconcert de d\u00e9flagrations, auquel ils avaient d\u00fb assister.<\/p>\n\n\n\n<p>Cette nuit, une nouvelle fois, les avaient plong\u00e9s\ndans la terreur, seulement berc\u00e9s par les explosions des bombes, la d\u00e9tonation des\narmes \u00e0 feu, le cr\u00e9pitement des tirs de rafales, semant mort et destruction sur\nleur passage. <\/p>\n\n\n\n<p>Les insultes des combattants.<\/p>\n\n\n\n<p>Les vocif\u00e9rations des militaires.<\/p>\n\n\n\n<p>Les cris des femmes.<\/p>\n\n\n\n<p>Les pleurs des enfants.<\/p>\n\n\n\n<p>Les hurlements des bless\u00e9s.<\/p>\n\n\n\n<p>Les r\u00e2les des mourants.<\/p>\n\n\n\n<p>Tout cela s\u2019\u00e9tait tu dans une lente agonie. <br><br><br><\/p>\n\n\n\n<p>Et l\u00e0, parmi les gravats, dans cette pierre blanche,\nimmacul\u00e9e, r\u00e9duite en poussi\u00e8re, teint\u00e9e de noir et de rouge, dans ce vide oppressant\ndu lendemain, dans la lumi\u00e8re timide de l\u2019aube, \u00e9clair\u00e9 par les premiers rayons\nencore froids du soleil, se tient un gar\u00e7on. Il pense \u00e0 son pays en guerre. A\nla peur qui est l\u00e0, omnipr\u00e9sente.<\/p>\n\n\n\n<p>La peur qui te prend aux tripes.<\/p>\n\n\n\n<p>Il pense \u00e0 son pays d\u00e9truit et ravag\u00e9, son beau\npays qu\u2019il aimait tant. Il pense \u00e0 sa culture qui part en fum\u00e9e. Il pense \u00e0 sa\nfamille rest\u00e9e l\u00e0, \u00e0 sa grand-m\u00e8re, trop vieille pour voyager, trop vieille\npour se sauver, \u00e0 ceux d\u00e9j\u00e0 partis, \u00e0 ceux qu\u2019il ne reverra jamais. Il pense \u00e0\nsa solitude dans ce pays qu\u2019il ne reconna\u00eet plus. Aux \u00e9preuves qu\u2019il devra\nencore subir. Il pense \u00e0 ce monde que vont lui laisser les grandes personnes. Ce\nmonde qu\u2019ils sont en train de g\u00e2cher. Pour des choses qu\u2019il ne comprend pas.<\/p>\n\n\n\n<p>Il r\u00eave, petit enfant, \u00e0 un monde meilleur.<\/p>\n\n\n\n<p>Il pense.<\/p>\n\n\n\n<p>Il r\u00eave d\u00e9j\u00e0, si jeune.<\/p>\n","protected":false},"excerpt":{"rendered":"<p>Le jour venait de se lever. Le silence environnant r\u00e9sonnait comme un cri silencieux, arrach\u00e9 du c\u0153ur d\u2019un pays malade. M\u00eame les oiseaux n\u2019osaient plus chanter, par crainte, sans doute, de r\u00e9veiller l\u2019enfer qui s\u2019\u00e9tait d\u00e9cha\u00een\u00e9 ces derni\u00e8res heures. Le silence. Le silence lourd et pesant, faisait \u00e9cho au vacarme assourdissant, qui continuait de hanter [&hellip;]<\/p>\n","protected":false},"author":1,"featured_media":0,"parent":251,"menu_order":0,"comment_status":"closed","ping_status":"closed","template":"","meta":[],"_links":{"self":[{"href":"https:\/\/leslectures.demarie.fr\/index.php?rest_route=\/wp\/v2\/pages\/179"}],"collection":[{"href":"https:\/\/leslectures.demarie.fr\/index.php?rest_route=\/wp\/v2\/pages"}],"about":[{"href":"https:\/\/leslectures.demarie.fr\/index.php?rest_route=\/wp\/v2\/types\/page"}],"author":[{"embeddable":true,"href":"https:\/\/leslectures.demarie.fr\/index.php?rest_route=\/wp\/v2\/users\/1"}],"replies":[{"embeddable":true,"href":"https:\/\/leslectures.demarie.fr\/index.php?rest_route=%2Fwp%2Fv2%2Fcomments&post=179"}],"version-history":[{"count":9,"href":"https:\/\/leslectures.demarie.fr\/index.php?rest_route=\/wp\/v2\/pages\/179\/revisions"}],"predecessor-version":[{"id":266,"href":"https:\/\/leslectures.demarie.fr\/index.php?rest_route=\/wp\/v2\/pages\/179\/revisions\/266"}],"up":[{"embeddable":true,"href":"https:\/\/leslectures.demarie.fr\/index.php?rest_route=\/wp\/v2\/pages\/251"}],"wp:attachment":[{"href":"https:\/\/leslectures.demarie.fr\/index.php?rest_route=%2Fwp%2Fv2%2Fmedia&parent=179"}],"curies":[{"name":"wp","href":"https:\/\/api.w.org\/{rel}","templated":true}]}}