{"id":241,"date":"2021-03-08T23:48:23","date_gmt":"2021-03-08T22:48:23","guid":{"rendered":"http:\/\/leslectures.demarie.fr\/?page_id=241"},"modified":"2021-03-11T14:47:47","modified_gmt":"2021-03-11T13:47:47","slug":"ballet-au-couchant","status":"publish","type":"page","link":"https:\/\/leslectures.demarie.fr\/?page_id=241","title":{"rendered":"Ballet au couchant"},"content":{"rendered":"\n<p><em>Pour&nbsp;accompagner&nbsp;votre&nbsp;lecture<\/em><\/p>\n\n\n\n<p><a href=\"https:\/\/www.youtube.com\/watch?v=kG9bIqtrbZ8\" target=\"_blank\" rel=\"noreferrer noopener\" aria-label=\" (opens in a new tab)\">https:\/\/www.youtube.com\/watch?v=kG9bIqtrbZ8<\/a><\/p>\n\n\n\n<div style=\"height:40px\" aria-hidden=\"true\" class=\"wp-block-spacer\"><\/div>\n\n\n\n<p>Sous le rayon flamboyant<\/p>\n\n\n\n<p>Astre d\u00e9clinant<\/p>\n\n\n\n<p>Etincelle de feu<\/p>\n\n\n\n<p>Paysage couvert d\u2019or<\/p>\n\n\n\n<p>Le monde s\u2019endort tranquille<\/p>\n\n\n\n<p>Tu danses<\/p>\n\n\n\n<div style=\"height:40px\" aria-hidden=\"true\" class=\"wp-block-spacer\"><\/div>\n\n\n\n<p>Mouvements graciles <\/p>\n\n\n\n<p>Tourbillon de l\u00e9g\u00e8ret\u00e9<\/p>\n\n\n\n<p>Envol au gr\u00e8s du vent<\/p>\n\n\n\n<p>Sublime harmonie<\/p>\n\n\n\n<p>M\u00e9lodie cr\u00e9pusculaire<\/p>\n\n\n\n<p>Tu danses<\/p>\n\n\n\n<div style=\"height:40px\" aria-hidden=\"true\" class=\"wp-block-spacer\"><\/div>\n\n\n\n<p>Habit\u00e9 par le son de la terre<\/p>\n\n\n\n<p>L\u2019ombre de ton corps mouvante<\/p>\n\n\n\n<p>Se d\u00e9tache<\/p>\n\n\n\n<p>Ciel ocre<\/p>\n\n\n\n<p>Parfum d\u2019\u00e9t\u00e9 <\/p>\n\n\n\n<p>Tu danses <\/p>\n\n\n\n<div style=\"height:40px\" aria-hidden=\"true\" class=\"wp-block-spacer\"><\/div>\n\n\n\n<p>Souffle de vie<\/p>\n\n\n\n<p>Humble c\u00e9l\u00e9bration de gratitude<\/p>\n\n\n\n<p>Vibration au rythme de la nature<\/p>\n\n\n\n<p>Osmose visc\u00e9rale<\/p>\n\n\n\n<p>Sur le visage, un sourire <\/p>\n\n\n\n<p>Tu danses <\/p>\n","protected":false},"excerpt":{"rendered":"<p>Pour&nbsp;accompagner&nbsp;votre&nbsp;lecture https:\/\/www.youtube.com\/watch?v=kG9bIqtrbZ8 Sous le rayon flamboyant Astre d\u00e9clinant Etincelle de feu Paysage couvert d\u2019or Le monde s\u2019endort tranquille Tu danses Mouvements graciles Tourbillon de l\u00e9g\u00e8ret\u00e9 Envol au gr\u00e8s du vent Sublime harmonie M\u00e9lodie cr\u00e9pusculaire Tu danses Habit\u00e9 par le son de la terre L\u2019ombre de ton corps mouvante Se d\u00e9tache Ciel ocre Parfum d\u2019\u00e9t\u00e9 Tu [&hellip;]<\/p>\n","protected":false},"author":1,"featured_media":0,"parent":31,"menu_order":0,"comment_status":"closed","ping_status":"closed","template":"","meta":[],"_links":{"self":[{"href":"https:\/\/leslectures.demarie.fr\/index.php?rest_route=\/wp\/v2\/pages\/241"}],"collection":[{"href":"https:\/\/leslectures.demarie.fr\/index.php?rest_route=\/wp\/v2\/pages"}],"about":[{"href":"https:\/\/leslectures.demarie.fr\/index.php?rest_route=\/wp\/v2\/types\/page"}],"author":[{"embeddable":true,"href":"https:\/\/leslectures.demarie.fr\/index.php?rest_route=\/wp\/v2\/users\/1"}],"replies":[{"embeddable":true,"href":"https:\/\/leslectures.demarie.fr\/index.php?rest_route=%2Fwp%2Fv2%2Fcomments&post=241"}],"version-history":[{"count":4,"href":"https:\/\/leslectures.demarie.fr\/index.php?rest_route=\/wp\/v2\/pages\/241\/revisions"}],"predecessor-version":[{"id":249,"href":"https:\/\/leslectures.demarie.fr\/index.php?rest_route=\/wp\/v2\/pages\/241\/revisions\/249"}],"up":[{"embeddable":true,"href":"https:\/\/leslectures.demarie.fr\/index.php?rest_route=\/wp\/v2\/pages\/31"}],"wp:attachment":[{"href":"https:\/\/leslectures.demarie.fr\/index.php?rest_route=%2Fwp%2Fv2%2Fmedia&parent=241"}],"curies":[{"name":"wp","href":"https:\/\/api.w.org\/{rel}","templated":true}]}}