{"id":251,"date":"2021-05-20T14:24:40","date_gmt":"2021-05-20T13:24:40","guid":{"rendered":"http:\/\/leslectures.demarie.fr\/?page_id=251"},"modified":"2021-06-02T16:18:50","modified_gmt":"2021-06-02T15:18:50","slug":"ateliers-decriture","status":"publish","type":"page","link":"https:\/\/leslectures.demarie.fr\/?page_id=251","title":{"rendered":"Ateliers d&rsquo;\u00e9criture"},"content":{"rendered":"\n<h2><a href=\"https:\/\/leslectures.demarie.fr\/?page_id=267\">Echange avec moi-m\u00eame<\/a><\/h2>\n\n\n\n<h2><a href=\"https:\/\/leslectures.demarie.fr\/?page_id=260\">Morceaux de pens\u00e9es<\/a><\/h2>\n\n\n\n<h2><a href=\"https:\/\/leslectures.demarie.fr\/?page_id=204\">P\u00e9rigrinations \u00e0 l&rsquo;aube<\/a><\/h2>\n\n\n\n<h2><a href=\"https:\/\/leslectures.demarie.fr\/?page_id=179\">A l&rsquo;aube du renouveau<\/a><\/h2>\n\n\n\n<h2><a href=\"http:\/\/leslectures.demarie.fr\/?page_id=45\">Voyage futur en enfance<\/a><\/h2>\n\n\n\n<h2><a href=\"http:\/\/leslectures.demarie.fr\/?page_id=52\">Exercice de style \u00e0 la Queneau<\/a><\/h2>\n","protected":false},"excerpt":{"rendered":"<p>Echange avec moi-m\u00eame Morceaux de pens\u00e9es P\u00e9rigrinations \u00e0 l&rsquo;aube A l&rsquo;aube du renouveau Voyage futur en enfance Exercice de style \u00e0 la Queneau<\/p>\n","protected":false},"author":1,"featured_media":0,"parent":11,"menu_order":0,"comment_status":"closed","ping_status":"closed","template":"","meta":[],"_links":{"self":[{"href":"https:\/\/leslectures.demarie.fr\/index.php?rest_route=\/wp\/v2\/pages\/251"}],"collection":[{"href":"https:\/\/leslectures.demarie.fr\/index.php?rest_route=\/wp\/v2\/pages"}],"about":[{"href":"https:\/\/leslectures.demarie.fr\/index.php?rest_route=\/wp\/v2\/types\/page"}],"author":[{"embeddable":true,"href":"https:\/\/leslectures.demarie.fr\/index.php?rest_route=\/wp\/v2\/users\/1"}],"replies":[{"embeddable":true,"href":"https:\/\/leslectures.demarie.fr\/index.php?rest_route=%2Fwp%2Fv2%2Fcomments&post=251"}],"version-history":[{"count":3,"href":"https:\/\/leslectures.demarie.fr\/index.php?rest_route=\/wp\/v2\/pages\/251\/revisions"}],"predecessor-version":[{"id":269,"href":"https:\/\/leslectures.demarie.fr\/index.php?rest_route=\/wp\/v2\/pages\/251\/revisions\/269"}],"up":[{"embeddable":true,"href":"https:\/\/leslectures.demarie.fr\/index.php?rest_route=\/wp\/v2\/pages\/11"}],"wp:attachment":[{"href":"https:\/\/leslectures.demarie.fr\/index.php?rest_route=%2Fwp%2Fv2%2Fmedia&parent=251"}],"curies":[{"name":"wp","href":"https:\/\/api.w.org\/{rel}","templated":true}]}}