{"id":281,"date":"2021-06-11T15:13:22","date_gmt":"2021-06-11T14:13:22","guid":{"rendered":"http:\/\/leslectures.demarie.fr\/?page_id=281"},"modified":"2021-08-20T08:20:48","modified_gmt":"2021-08-20T07:20:48","slug":"humanite-une-histoire-optimiste-rutger-bregman","status":"publish","type":"page","link":"https:\/\/leslectures.demarie.fr\/?page_id=281","title":{"rendered":"Humanit\u00e9 &#8211; Une histoire optimiste [Rutger Bregman]"},"content":{"rendered":"\n<div class=\"wp-block-image\"><figure class=\"aligncenter is-resized\"><img decoding=\"async\" loading=\"lazy\" src=\"https:\/\/images-na.ssl-images-amazon.com\/images\/I\/51hmP81WIUL.jpg\" alt=\"\" width=\"214\" height=\"335\"\/><\/figure><\/div>\n\n\n\n<p>D\u2019habitude j\u2019\u00e9cris\nun article apr\u00e8s avoir termin\u00e9 un livre, mais l\u00e0\u2026 je ne voulais pas attendre\npour vous parler de ce fabuleux ouvrage que j\u2019ai d\u00e9couvert. L\u2019auteur, Rutger\nBregman est un \u00e9crivain et historien n\u00e9erlandais. Il a notamment contribu\u00e9 \u00e0\nd\u00e9velopper et populariser la notion de revenu universel. Il \u00e9crit d\u2019ailleurs en\n2017 un ouvrage en ce sens \u00ab&nbsp;<em>Utopies r\u00e9alistes<\/em>&nbsp;\u00bb, o\u00f9 il d\u00e9fend\ncette id\u00e9e de revenu universel, mais aussi l\u2019abolition des fronti\u00e8res et la\nsemaine de quinze heures.<\/p>\n\n\n\n<p>Ce livre, c\u2019est\nd\u2019abord un livre qui fait du bien. Qui redonne de l\u2019espoir quand on est fatigu\u00e9\nde l\u2019humanit\u00e9. L\u2019id\u00e9e principale de son \u00e9crit, c\u2019est que l\u2019\u00eatre humain est bon,\nprofond\u00e9ment bon. Selon lui, le prisme de l\u2019Histoire, qui tend \u00e0 d\u00e9montrer qu\u2019au\ncontraire l\u2019Homme a \u00e9t\u00e9 capable des pires cruaut\u00e9s et que sa motivation\nprincipale est individualiste, est faux. A travers des articles scientifiques,\ndes \u00e9tudes, des t\u00e9moignages \u00e0 travers l\u2019Histoire de l\u2019humanit\u00e9, l\u2019auteur va\nnous montrer que tant en communaut\u00e9 que lors de situation de crise, l\u2019Homme fait\npreuve de bont\u00e9, d\u2019organisation, de solidarit\u00e9, de calme, de tol\u00e9rance et de\nrespect mutuel. <\/p>\n\n\n\n<p>Il y aborde des th\u00e9ories comme la \u00ab\u00a0psychologie des foules\u00a0\u00bb de Gustave Le Bon qui explique qu\u2019en temps de crise, l\u2019Homme descend de plusieurs degr\u00e9s sur l\u2019\u00e9chelle de la civilisation et que se r\u00e9v\u00e8le la vraie nature de l\u2019Homme, c\u00e9dant \u00e0 la panique et \u00e0 la violence. On revoit aussi la th\u00e9orie du vernis qui expose que l\u2019humanit\u00e9, de nature profond\u00e9ment et g\u00e9n\u00e9tiquement \u00e9go\u00efste est recouverte d\u2019une fine couche de vernis, la bont\u00e9 humaine, la notion de proph\u00e9tie autor\u00e9alisatrice (les choses peuvent devenir vraies si nous y croyons), l\u2019effet placebo et nocebo\u00a0(si on croit que les gens sont mauvais, on va r\u00e9agir en fonction de cette croyance\u00a0: \u00ab\u00a0<em>ce que l\u2019on pr\u00e9suppose chez l\u2019autre, c\u2019est ce que l\u2019on suscite<\/em>\u00a0\u00bb)\u2026 A chaque fois, Bregman va d\u00e9construire, par ses recherches, \u00e0 travers l\u2019Histoire et les faits scientifiques, ces diff\u00e9rents concepts pour nous amener, avec simplicit\u00e9, fluidit\u00e9 et naturel, vers une vision beaucoup plus positive, belle et optimiste de l\u2019humanit\u00e9. <\/p>\n\n\n\n<p>Je prends\nbeaucoup de notes \u00e0 la lecture de ce livre, ce qui fait que \u00e7a avance doucement,\nmais j\u2019ai bien l\u2019intention d\u2019en faire un article synth\u00e9tique plus complet pour vous\nle partager. Vraiment, je vous le conseille c\u2019est une p\u00e9pite \u00e0 d\u00e9guster\ntranquillement. Un brin de soleil sur l\u2019avenir parfois sombre qu\u2019on nous pr\u00e9dit\npour notre monde.<\/p>\n","protected":false},"excerpt":{"rendered":"<p>D\u2019habitude j\u2019\u00e9cris un article apr\u00e8s avoir termin\u00e9 un livre, mais l\u00e0\u2026 je ne voulais pas attendre pour vous parler de ce fabuleux ouvrage que j\u2019ai d\u00e9couvert. L\u2019auteur, Rutger Bregman est un \u00e9crivain et historien n\u00e9erlandais. Il a notamment contribu\u00e9 \u00e0 d\u00e9velopper et populariser la notion de revenu universel. Il \u00e9crit d\u2019ailleurs en 2017 un ouvrage [&hellip;]<\/p>\n","protected":false},"author":1,"featured_media":0,"parent":7,"menu_order":0,"comment_status":"closed","ping_status":"closed","template":"","meta":[],"_links":{"self":[{"href":"https:\/\/leslectures.demarie.fr\/index.php?rest_route=\/wp\/v2\/pages\/281"}],"collection":[{"href":"https:\/\/leslectures.demarie.fr\/index.php?rest_route=\/wp\/v2\/pages"}],"about":[{"href":"https:\/\/leslectures.demarie.fr\/index.php?rest_route=\/wp\/v2\/types\/page"}],"author":[{"embeddable":true,"href":"https:\/\/leslectures.demarie.fr\/index.php?rest_route=\/wp\/v2\/users\/1"}],"replies":[{"embeddable":true,"href":"https:\/\/leslectures.demarie.fr\/index.php?rest_route=%2Fwp%2Fv2%2Fcomments&post=281"}],"version-history":[{"count":3,"href":"https:\/\/leslectures.demarie.fr\/index.php?rest_route=\/wp\/v2\/pages\/281\/revisions"}],"predecessor-version":[{"id":326,"href":"https:\/\/leslectures.demarie.fr\/index.php?rest_route=\/wp\/v2\/pages\/281\/revisions\/326"}],"up":[{"embeddable":true,"href":"https:\/\/leslectures.demarie.fr\/index.php?rest_route=\/wp\/v2\/pages\/7"}],"wp:attachment":[{"href":"https:\/\/leslectures.demarie.fr\/index.php?rest_route=%2Fwp%2Fv2%2Fmedia&parent=281"}],"curies":[{"name":"wp","href":"https:\/\/api.w.org\/{rel}","templated":true}]}}