{"id":31,"date":"2014-06-19T14:14:20","date_gmt":"2014-06-19T13:14:20","guid":{"rendered":"http:\/\/leslectures.demarie.fr\/?page_id=31"},"modified":"2022-08-14T01:12:47","modified_gmt":"2022-08-14T00:12:47","slug":"poesie","status":"publish","type":"page","link":"https:\/\/leslectures.demarie.fr\/?page_id=31","title":{"rendered":"Po\u00e9sie"},"content":{"rendered":"<h1><a href=\"https:\/\/leslectures.demarie.fr\/?page_id=377\">Errance nocturne<\/a><\/h1>\n<h1><a href=\"http:\/\/leslectures.demarie.fr\/?page_id=367\">Au bout du chemin<\/a><\/h1>\n<h1><a href=\"https:\/\/leslectures.demarie.fr\/?page_id=316\">Sur une balan\u00e7oire<\/a><\/h1>\n<h1><a href=\"https:\/\/leslectures.demarie.fr\/?page_id=307\">Les yeux au ciel<\/a><\/h1>\n<h1><a href=\"https:\/\/leslectures.demarie.fr\/?page_id=241\">Ballet au couchant<\/a><\/h1>\n<h1><a href=\"https:\/\/leslectures.demarie.fr\/?page_id=215\">D\u00e9flagration<\/a><\/h1>\n<h1><a href=\"https:\/\/leslectures.demarie.fr\/?page_id=195\">M\u00e9lancolie d&rsquo;automne<\/a><\/h1>\n<h1><a href=\"https:\/\/leslectures.demarie.fr\/?page_id=146\">Aurore polaire<\/a><\/h1>\n<h1><a href=\"https:\/\/leslectures.demarie.fr\/?page_id=87\">Pause printani\u00e8re<\/a><\/h1>\n<h1><a href=\"http:\/\/leslectures.demarie.fr\/?page_id=57\">Pause<\/a><\/h1>\n","protected":false},"excerpt":{"rendered":"<p>Errance nocturne Au bout du chemin Sur une balan\u00e7oire Les yeux au ciel Ballet au couchant D\u00e9flagration M\u00e9lancolie d&rsquo;automne Aurore polaire Pause printani\u00e8re Pause<\/p>\n","protected":false},"author":1,"featured_media":0,"parent":11,"menu_order":0,"comment_status":"open","ping_status":"open","template":"","meta":[],"_links":{"self":[{"href":"https:\/\/leslectures.demarie.fr\/index.php?rest_route=\/wp\/v2\/pages\/31"}],"collection":[{"href":"https:\/\/leslectures.demarie.fr\/index.php?rest_route=\/wp\/v2\/pages"}],"about":[{"href":"https:\/\/leslectures.demarie.fr\/index.php?rest_route=\/wp\/v2\/types\/page"}],"author":[{"embeddable":true,"href":"https:\/\/leslectures.demarie.fr\/index.php?rest_route=\/wp\/v2\/users\/1"}],"replies":[{"embeddable":true,"href":"https:\/\/leslectures.demarie.fr\/index.php?rest_route=%2Fwp%2Fv2%2Fcomments&post=31"}],"version-history":[{"count":8,"href":"https:\/\/leslectures.demarie.fr\/index.php?rest_route=\/wp\/v2\/pages\/31\/revisions"}],"predecessor-version":[{"id":382,"href":"https:\/\/leslectures.demarie.fr\/index.php?rest_route=\/wp\/v2\/pages\/31\/revisions\/382"}],"up":[{"embeddable":true,"href":"https:\/\/leslectures.demarie.fr\/index.php?rest_route=\/wp\/v2\/pages\/11"}],"wp:attachment":[{"href":"https:\/\/leslectures.demarie.fr\/index.php?rest_route=%2Fwp%2Fv2%2Fmedia&parent=31"}],"curies":[{"name":"wp","href":"https:\/\/api.w.org\/{rel}","templated":true}]}}