{"id":328,"date":"2021-09-09T10:33:27","date_gmt":"2021-09-09T09:33:27","guid":{"rendered":"http:\/\/leslectures.demarie.fr\/?page_id=328"},"modified":"2021-09-09T11:13:14","modified_gmt":"2021-09-09T10:13:14","slug":"les-deux-vies-de-baudouin-fabien-toulme","status":"publish","type":"page","link":"https:\/\/leslectures.demarie.fr\/?page_id=328","title":{"rendered":"Les deux vies de Baudouin [Fabien Toulm\u00e9]"},"content":{"rendered":"\n<div class=\"wp-block-image\"><figure class=\"aligncenter is-resized\"><img decoding=\"async\" loading=\"lazy\" src=\"https:\/\/www.bedetheque.com\/media\/Couvertures\/Couv_296133.jpg\" alt=\"\" width=\"272\" height=\"360\"\/><\/figure><\/div>\n\n\n\n<p>En commen\u00e7ant <u>Les deux vies de Baudouin<\/u>, je me suis dit : &laquo;&nbsp;Oh non, je ne vais pas <strong>encore<\/strong> \u00e9crire un billet sur Fabien Toulm\u00e9 !&nbsp;&raquo;. Ben rat\u00e9, il n&rsquo;a pas qu&rsquo;\u00e0 \u00eatre si dou\u00e9 ! Parce qu&rsquo;en fait, en refermant le livre, j&rsquo;avais pris une sacr\u00e9e claque, le coeur serr\u00e9, la gorge nou\u00e9e par l&rsquo;\u00e9motion et, avouons-le, les larmes qui coulaient sur les joues.<\/p>\n\n\n\n<div style=\"height:20px\" aria-hidden=\"true\" class=\"wp-block-spacer\"><\/div>\n\n\n\n<p>Baudouin, c&rsquo;est un mec qui ne vit pas, ou plut\u00f4t qui subit sa vie. Enferm\u00e9 dans un boulot qui ne lui pla\u00eet pas (juriste dans une grosse bo\u00eete parisienne), dans une vie morne o\u00f9 il habite seul avec son chat, dans l&rsquo;appartement qu&rsquo;il rembourse gr\u00e2ce \u00e0 son job &laquo;&nbsp;bien pay\u00e9&nbsp;&raquo;, son quotidien se r\u00e9sume \u00e0 m\u00e9tro-boulot-dodo. Pas de loisirs, pas de sorties. Pourtant, on sent qu&rsquo;il r\u00eave Baudouin, d&rsquo;autre chose, d&rsquo;une autre vie, d&rsquo;explorer ses passions qu&rsquo;il a fini par \u00e9teindre. Son truc, c&rsquo;est la musique, le rock. Mais aujourd&rsquo;hui il ne chante plus que sous la douche le matin. <\/p>\n\n\n\n<div style=\"height:20px\" aria-hidden=\"true\" class=\"wp-block-spacer\"><\/div>\n\n\n\n<p>On d\u00e9couvre rapidement son grand fr\u00e8re, Luc, revenu de mission au B\u00e9nin, o\u00f9 il travaille comme m\u00e9decin pour une ONG. Luc, c&rsquo;est tout le contraire de Baudouin. Sociable, un tantinet d\u00e9sinvolte, il aime s\u00e9duire et croque la vie \u00e0 pleines dents, libre et affranchi des regards ext\u00e9rieurs. Il d\u00e9boule dans le quotidien bien rang\u00e9 de Baudouin et tente un peu de le sortir de sa routine sans grand succ\u00e8s. On entraper\u00e7oit tout de m\u00eame un Baudouin qui aspire \u00e0 vivre autrement, nostalgique de son amour de la musique, r\u00eavant d&rsquo;une jolie rencontre amoureuse, comme une envie de s&rsquo;\u00e9chapper de cette routine si fade de laquelle il se sent prisonnier. Parce qu&rsquo;il a envie Baudouin, mais il a peur, peur de quitter cette vie rassurante et confortable, peur de l&rsquo;inconnu, peur de ne pas \u00eatre \u00e0 la hauteur. <\/p>\n\n\n\n<div style=\"height:20px\" aria-hidden=\"true\" class=\"wp-block-spacer\"><\/div>\n\n\n\n<p>Et un matin, sous la douche, il se d\u00e9couvre une petite boule, juste sous l&rsquo;aisselle, une petite boule qui n&rsquo;\u00e9tait pas l\u00e0 avant. Un peu inquiet mais pas non plus effray\u00e9, il laisse passer quelques jours. Il finit par en parler \u00e0 son fr\u00e8re, qui lui propose un rendez-vous avec un ami \u00e0 lui, un canc\u00e9rologue tr\u00e8s r\u00e9put\u00e9, juste pour le rassurer. Mais voil\u00e0, apr\u00e8s quelques analyse, le verdict tombe, cruel et sans appel. Cette petite boule, c&rsquo;est la partie immerg\u00e9e de l&rsquo;iceberg. Baudouin est atteint d&rsquo;un cancer en phase terminale, il ne lui reste plus que quelques mois \u00e0 vivre. <\/p>\n\n\n\n<div style=\"height:20px\" aria-hidden=\"true\" class=\"wp-block-spacer\"><\/div>\n\n\n\n<p>C&rsquo;est un coup de tonnerre pour Baudouin. Il s&rsquo;effondre. Qui ne le ferait pas ceci dit ? Il a le choix entre tenter de pousser la dead line de quelques semaines, quelques mois tout au plus, en subissant des traitements lourds et source de souffrance&#8230; Ou profiter \u00e0 fond de ce qu&rsquo;il lui reste \u00e0 vivre. Au d\u00e9but, Baudouin se renferme, se d\u00e9cidant \u00e0 attendre la mort au fond de son canap\u00e9 avec son chat et de la musique triste comme seule compagnie&#8230; Mais c&rsquo;est sans compter sur Luc qui vient le chercher par la peau des fesses et gr\u00e2ce \u00e0 une bouteille de ros\u00e9, le pousse \u00e0 franchir le pas enfin pour vivre cette vie qu&rsquo;il a toujours effleur\u00e9e du doigt sans jamais oser y entrer.<\/p>\n\n\n\n<div style=\"height:20px\" aria-hidden=\"true\" class=\"wp-block-spacer\"><\/div>\n\n\n\n<p>Alors enfin, on voit Baudouin prendre le taureau par les cornes, quitter son boulot, envoyer royalement chier son coll\u00e8gue qu&rsquo;il n&rsquo;avait jamais aim\u00e9, renouer un lien fort avec ses parents tout en assumant ses choix et actions, mettre son appartement parisien en location et il repart avec son fr\u00e8re, au B\u00e9nin. <\/p>\n\n\n\n<div style=\"height:20px\" aria-hidden=\"true\" class=\"wp-block-spacer\"><\/div>\n\n\n\n<p>Ce voyage, c&rsquo;est le d\u00e9but de sa nouvelle vie, o\u00f9 enfin il se d\u00e9couvre, se permet de vivre, de vivre pleinement et se laisse \u00eatre comme il a envie d&rsquo;\u00eatre. Bien s\u00fbr, il t\u00e2tonne, il tr\u00e9buche parfois, mais il avance Baudouin. Il fait tout ce qu&rsquo;il a toujours r\u00eav\u00e9 de faire et il le fait bien. Enfin, il vit, il vit vraiment. <\/p>\n\n\n\n<div style=\"height:20px\" aria-hidden=\"true\" class=\"wp-block-spacer\"><\/div>\n\n\n\n<p>On suit alors l&rsquo;\u00e9volution et la transformation de Baudouin, gr\u00e2ce \u00e0 cette nouvelle vie dans laquelle son fr\u00e8re l&rsquo;a pouss\u00e9, comme du haut d&rsquo;un pont. On alterne tout au long du livre, les moments pr\u00e9sent et les moments pass\u00e9s (avec un tr\u00e8s beau changement de ton dans les couleurs), o\u00f9 on comprend un peu son histoire, sa construction et o\u00f9 on saisit l&rsquo;importance de l&rsquo;\u00e9mancipation qu&rsquo;il est en train de vivre au moment de l&rsquo;histoire.<\/p>\n\n\n\n<div style=\"height:20px\" aria-hidden=\"true\" class=\"wp-block-spacer\"><\/div>\n\n\n\n<p>Cette \u00e9mancipation, cette libert\u00e9, c&rsquo;est sans doute le plus beau cadeau, la plus belle preuve d&rsquo;amour que son fr\u00e8re puisse lui faire. M\u00eame si le cadre est tragique, s&rsquo;il se lance \u00e0 corps perdu dans une vie qui lui correspond totalement alors qu&rsquo;il ne lui reste plus que quelques mois \u00e0 vivre, on sent qu&rsquo;il est enfin heureux. L&rsquo;histoire est magnifique, les personnages attachants et touchants, et la fin est bouleversante. C&rsquo;est un tr\u00e8s beau moment de litt\u00e9rature, une p\u00e9pite \u00e0 lire et surtout \u00e0 partager. Et enfin, et surtout, c&rsquo;est une extraordinaire le\u00e7on de vie. <\/p>\n\n\n\n<div style=\"height:26px\" aria-hidden=\"true\" class=\"wp-block-spacer\"><\/div>\n\n\n\n<p>Et Monsieur Toulm\u00e9, merci pour \u00e7a.<\/p>\n","protected":false},"excerpt":{"rendered":"<p>En commen\u00e7ant Les deux vies de Baudouin, je me suis dit : &laquo;&nbsp;Oh non, je ne vais pas encore \u00e9crire un billet sur Fabien Toulm\u00e9 !&nbsp;&raquo;. Ben rat\u00e9, il n&rsquo;a pas qu&rsquo;\u00e0 \u00eatre si dou\u00e9 ! Parce qu&rsquo;en fait, en refermant le livre, j&rsquo;avais pris une sacr\u00e9e claque, le coeur serr\u00e9, la gorge nou\u00e9e par [&hellip;]<\/p>\n","protected":false},"author":1,"featured_media":0,"parent":7,"menu_order":0,"comment_status":"closed","ping_status":"closed","template":"","meta":[],"_links":{"self":[{"href":"https:\/\/leslectures.demarie.fr\/index.php?rest_route=\/wp\/v2\/pages\/328"}],"collection":[{"href":"https:\/\/leslectures.demarie.fr\/index.php?rest_route=\/wp\/v2\/pages"}],"about":[{"href":"https:\/\/leslectures.demarie.fr\/index.php?rest_route=\/wp\/v2\/types\/page"}],"author":[{"embeddable":true,"href":"https:\/\/leslectures.demarie.fr\/index.php?rest_route=\/wp\/v2\/users\/1"}],"replies":[{"embeddable":true,"href":"https:\/\/leslectures.demarie.fr\/index.php?rest_route=%2Fwp%2Fv2%2Fcomments&post=328"}],"version-history":[{"count":2,"href":"https:\/\/leslectures.demarie.fr\/index.php?rest_route=\/wp\/v2\/pages\/328\/revisions"}],"predecessor-version":[{"id":335,"href":"https:\/\/leslectures.demarie.fr\/index.php?rest_route=\/wp\/v2\/pages\/328\/revisions\/335"}],"up":[{"embeddable":true,"href":"https:\/\/leslectures.demarie.fr\/index.php?rest_route=\/wp\/v2\/pages\/7"}],"wp:attachment":[{"href":"https:\/\/leslectures.demarie.fr\/index.php?rest_route=%2Fwp%2Fv2%2Fmedia&parent=328"}],"curies":[{"name":"wp","href":"https:\/\/api.w.org\/{rel}","templated":true}]}}