{"id":377,"date":"2022-08-14T01:08:30","date_gmt":"2022-08-14T00:08:30","guid":{"rendered":"http:\/\/leslectures.demarie.fr\/?page_id=377"},"modified":"2022-08-14T01:11:41","modified_gmt":"2022-08-14T00:11:41","slug":"errance-nocturne","status":"publish","type":"page","link":"https:\/\/leslectures.demarie.fr\/?page_id=377","title":{"rendered":"Errance Nocturne"},"content":{"rendered":"\n<div class=\"wp-block-image\"><figure class=\"aligncenter is-resized\"><img decoding=\"async\" loading=\"lazy\" src=\"https:\/\/upload.wikimedia.org\/wikipedia\/commons\/thumb\/2\/21\/Vincent_Willem_van_Gogh_-_Cafe_Terrace_at_Night_%28Yorck%29.jpg\/383px-Vincent_Willem_van_Gogh_-_Cafe_Terrace_at_Night_%28Yorck%29.jpg\" alt=\"\" width=\"248\" height=\"312\"\/><\/figure><\/div>\n\n\n\n<p>Sous la vo\u00fbte \u00e9toil\u00e9e des astres scintillants,<br>\nLa douceur de ce soir rafra\u00eechit l\u2019air ambiant.<br>\nQuand claquent les talons sur les pav\u00e9s br\u00fblants,<br>\nS\u2019envolent au gr\u00e8s du vent les rires des passants.<\/p>\n\n\n\n<div style=\"height:12px\" aria-hidden=\"true\" class=\"wp-block-spacer\"><\/div>\n\n\n\n<p>A ce temps estival vivant et chaleureux,<br>\nDonnant au brouhaha un son m\u00e9lodieux,<br>\nRetrouver, familier, ce qui nous rend heureux ;<br>\nNous gonfle le c\u0153ur d\u2019instants si pr\u00e9cieux.<\/p>\n\n\n\n<div style=\"height:20px\" aria-hidden=\"true\" class=\"wp-block-spacer\"><\/div>\n\n\n\n<p>Le tintement des verres fait \u00e9cho aux couverts,<br>\nFredonnant ce long chant, orchestre symphonique,<br>\nFait vibrer nos \u00e2mes, fantastique et unique.<\/p>\n\n\n\n<div style=\"height:20px\" aria-hidden=\"true\" class=\"wp-block-spacer\"><\/div>\n\n\n\n<p>Attabl\u00e9, vagabond &#8211; il para\u00eet loin l\u2019hiver !<br>\nMon regard d\u00e9ambule \u00e0 travers les couleurs<br>\nDe la vie qui diffuse un moment de bonheur. <\/p>\n","protected":false},"excerpt":{"rendered":"<p>Sous la vo\u00fbte \u00e9toil\u00e9e des astres scintillants, La douceur de ce soir rafra\u00eechit l\u2019air ambiant. Quand claquent les talons sur les pav\u00e9s br\u00fblants, S\u2019envolent au gr\u00e8s du vent les rires des passants. A ce temps estival vivant et chaleureux, Donnant au brouhaha un son m\u00e9lodieux, Retrouver, familier, ce qui nous rend heureux ; Nous gonfle [&hellip;]<\/p>\n","protected":false},"author":1,"featured_media":0,"parent":0,"menu_order":0,"comment_status":"closed","ping_status":"closed","template":"","meta":[],"_links":{"self":[{"href":"https:\/\/leslectures.demarie.fr\/index.php?rest_route=\/wp\/v2\/pages\/377"}],"collection":[{"href":"https:\/\/leslectures.demarie.fr\/index.php?rest_route=\/wp\/v2\/pages"}],"about":[{"href":"https:\/\/leslectures.demarie.fr\/index.php?rest_route=\/wp\/v2\/types\/page"}],"author":[{"embeddable":true,"href":"https:\/\/leslectures.demarie.fr\/index.php?rest_route=\/wp\/v2\/users\/1"}],"replies":[{"embeddable":true,"href":"https:\/\/leslectures.demarie.fr\/index.php?rest_route=%2Fwp%2Fv2%2Fcomments&post=377"}],"version-history":[{"count":4,"href":"https:\/\/leslectures.demarie.fr\/index.php?rest_route=\/wp\/v2\/pages\/377\/revisions"}],"predecessor-version":[{"id":381,"href":"https:\/\/leslectures.demarie.fr\/index.php?rest_route=\/wp\/v2\/pages\/377\/revisions\/381"}],"wp:attachment":[{"href":"https:\/\/leslectures.demarie.fr\/index.php?rest_route=%2Fwp%2Fv2%2Fmedia&parent=377"}],"curies":[{"name":"wp","href":"https:\/\/api.w.org\/{rel}","templated":true}]}}