{"id":45,"date":"2014-10-14T21:04:27","date_gmt":"2014-10-14T20:04:27","guid":{"rendered":"http:\/\/leslectures.demarie.fr\/?page_id=45"},"modified":"2021-06-02T16:16:08","modified_gmt":"2021-06-02T15:16:08","slug":"voyage-futur-en-enfance","status":"publish","type":"page","link":"https:\/\/leslectures.demarie.fr\/?page_id=45","title":{"rendered":"Voyage futur en enfance"},"content":{"rendered":"<p style=\"text-align: justify;\" align=\"center\">Je descendrai les trois marches du bus avec mon petit sac sur le dos, vaillamment, tel un conqu\u00e9rant d\u00e9couvrant sa terre, tandis que papa portera les lourdes valises que maman se sera acharn\u00e9e \u00e0 remplir, elle-m\u00eame tirant mon petit fr\u00e8re par la main, son doudou serr\u00e9 entre ses petits doigts. Il fera tr\u00e8s chaud, autour de nous s\u2019\u00e9tendront les champs de colza et de tournesols et une fois le bus parti, nous n\u2019entendrons plus que le chant des cigales et le p\u00e9piement des oiseaux.<\/p>\n<p style=\"text-align: justify;\">Nous marcherons alors sur le bord de la chauss\u00e9e, avan\u00e7ant contre les herbes hautes et \u00e9vitant soigneusement les orties et les ronces. Puis nous trouverons un petit chemin parsem\u00e9 de cailloux blancs, ceux qui laissent des traces partout\u00a0!\u00a0 Je r\u00e9colterai en marchant les premi\u00e8res m\u00fbres de l\u2019\u00e9t\u00e9, que je m\u2019empresserai aussit\u00f4t de go\u00fbter, songeant d\u00e9j\u00e0 avec joie et d\u00e9lectation aux futures tartes et confitures, dont l\u2019odeur embaumera la cuisine. Maman me grondera un peu d\u2019avoir d\u00e9j\u00e0 mes mains toutes t\u00e2ch\u00e9es, mais je lui donnerai la derni\u00e8re m\u00fbre de ma pr\u00e9cieuse r\u00e9colte et elle ne sera plus f\u00e2ch\u00e9e.<\/p>\n<p style=\"text-align: justify;\">C\u2019est l\u00e0 que nous arriverons au vieux portail en fer forg\u00e9, celui un peu rouill\u00e9, qui grince lorsqu\u2019on l\u2019ouvre. Dans le jardin, les herbes auront tellement pouss\u00e9 qu\u2019elles me d\u00e9passeront. Je serai alors aventuri\u00e8re luttant pour sa survie, dans l\u2019espoir d\u2019atteindre les marches en pierre grise du perron, victorieuse d\u2019avoir triomph\u00e9 de cette jungle impitoyable. Nous investirons tous la maison, ouvrant les volets en bois au verni \u00e9caill\u00e9, retirant les tissus blancs des meubles endormis par l\u2019hiver pass\u00e9. Je courrai jusqu\u2019\u00e0 ma chambre, me jetant sur mon petit lit, qui sentira cette odeur propre aux vieilles b\u00e2tisses, un m\u00e9lange de poussi\u00e8re et de renferm\u00e9\u2026 Mais on adore.<\/p>\n<p style=\"text-align: justify;\">J\u2019emm\u00e8nerai mon petit fr\u00e8re \u00e0 la d\u00e9couverte du petit bois derri\u00e8re la maison et nous passerons l\u2019apr\u00e8s-midi \u00e0 sauver des princesses en d\u00e9tresse et \u00e0 combattre des dragons effrayants au p\u00e9ril de notre vie. Je lui montrerai mes cachettes secr\u00e8tes et lui raconterai les anecdotes fabuleuses de chaque endroit, un lutin par ci, un magicien par-l\u00e0, un m\u00e9chant troll ou encore un cavalier sur sa libellule\u2026 Puis la Reine Maman nous appellera \u00e0 table et nous arriverons devant de grands bols de soupe fumante. Apr\u00e8s ce r\u00e9confortant repas qui r\u00e9compensera nos aventures de la journ\u00e9e, Papa nous racontera une histoire devant la chemin\u00e9e allum\u00e9e, dont les flammes dansantes et cr\u00e9pitantes \u00e9claireront doucement la pi\u00e8ce.<\/p>\n<p style=\"text-align: justify;\">Enfin, nous rejoindrons les draps propres et frais que Maman aura install\u00e9s. J\u2019enfouirai ma t\u00eate dans l\u2019oreiller moelleux, les r\u00eaves d\u00e9j\u00e0 envahissant mon cerveau tombant dans les limbes du sommeil. Dans un dernier moment de lucidit\u00e9 \u00e9veill\u00e9e, je songerai avec plaisir aux vacances merveilleuses dont je viendrai de passer la premi\u00e8re journ\u00e9e\u2026<\/p>\n","protected":false},"excerpt":{"rendered":"<p>Je descendrai les trois marches du bus avec mon petit sac sur le dos, vaillamment, tel un conqu\u00e9rant d\u00e9couvrant sa terre, tandis que papa portera les lourdes valises que maman se sera acharn\u00e9e \u00e0 remplir, elle-m\u00eame tirant mon petit fr\u00e8re par la main, son doudou serr\u00e9 entre ses petits doigts. Il fera tr\u00e8s chaud, autour [&hellip;]<\/p>\n","protected":false},"author":1,"featured_media":0,"parent":251,"menu_order":0,"comment_status":"open","ping_status":"closed","template":"","meta":[],"_links":{"self":[{"href":"https:\/\/leslectures.demarie.fr\/index.php?rest_route=\/wp\/v2\/pages\/45"}],"collection":[{"href":"https:\/\/leslectures.demarie.fr\/index.php?rest_route=\/wp\/v2\/pages"}],"about":[{"href":"https:\/\/leslectures.demarie.fr\/index.php?rest_route=\/wp\/v2\/types\/page"}],"author":[{"embeddable":true,"href":"https:\/\/leslectures.demarie.fr\/index.php?rest_route=\/wp\/v2\/users\/1"}],"replies":[{"embeddable":true,"href":"https:\/\/leslectures.demarie.fr\/index.php?rest_route=%2Fwp%2Fv2%2Fcomments&post=45"}],"version-history":[{"count":1,"href":"https:\/\/leslectures.demarie.fr\/index.php?rest_route=\/wp\/v2\/pages\/45\/revisions"}],"predecessor-version":[{"id":46,"href":"https:\/\/leslectures.demarie.fr\/index.php?rest_route=\/wp\/v2\/pages\/45\/revisions\/46"}],"up":[{"embeddable":true,"href":"https:\/\/leslectures.demarie.fr\/index.php?rest_route=\/wp\/v2\/pages\/251"}],"wp:attachment":[{"href":"https:\/\/leslectures.demarie.fr\/index.php?rest_route=%2Fwp%2Fv2%2Fmedia&parent=45"}],"curies":[{"name":"wp","href":"https:\/\/api.w.org\/{rel}","templated":true}]}}