{"id":52,"date":"2015-02-15T11:15:03","date_gmt":"2015-02-15T10:15:03","guid":{"rendered":"http:\/\/leslectures.demarie.fr\/?page_id=52"},"modified":"2021-06-02T16:15:43","modified_gmt":"2021-06-02T15:15:43","slug":"exercice-de-style-a-la-queneau","status":"publish","type":"page","link":"https:\/\/leslectures.demarie.fr\/?page_id=52","title":{"rendered":"Exercice de style \u00e0 la Queneau"},"content":{"rendered":"<p style=\"text-align: center;\"><em>R\u00e9\u00e9criture d&rsquo;un texte sur le th\u00e8me de l&rsquo;humour<\/em><\/p>\n<p style=\"text-align: justify;\">C&rsquo;est vendredi soir, fin de semaine, enfin le weekend ! Et pas n&rsquo;importe lequel : P\u00e2ques. Repas chez m\u00e9m\u00e9, recherches des \u0153ufs en chocolat, dans le jardin, \u00e0 moiti\u00e9 fondus par le soleil, avec les enfants, bref, le bonheur quoi !<\/p>\n<p style=\"text-align: justify;\">Fin de journ\u00e9e, gare Montparnasse, heure de pointe, le pied total : des gens partout, qui crient, qui r\u00e2lent (mais pas moi !), des enfants qui pleurent\u2026 Douce m\u00e9lodie \u00e0 mes oreilles apr\u00e8s une journ\u00e9e harassante de travail. Comme d&rsquo;habitude \u00e0 la SNCF, le train en partance pour Granville (oui parce que comme je ne suis pas maso, je pars en plus en Normandie, le nord pour moi, histoire d&rsquo;\u00eatre s\u00fbre d&rsquo;avoir beau ET chaud). Donc bref, ce train est en retard. Il para\u00eet qu&rsquo;en Suisse, ils s&rsquo;excusent platement s&rsquo;il y a plus de deux minutes de retard par rapport \u00e0 l&rsquo;heure pr\u00e9vue\u2026 Ils devraient prendre exemple, les gens seraient peut-\u00eatre plus d\u00e9tendus. Et pour combler le tout, le train est bien entendu complet\u2026 bah voyons ! Forc\u00e9ment, \u00e7a va \u00eatre encore la croix et la banni\u00e8re pour trouver une place assisse, mais on se d\u00e9tend, on respire un grand coupe et on y va.<\/p>\n<p style=\"text-align: justify;\">Enfin le train est l\u00e0, je tente donc de me glisser entre un monsieur bibendum et un geek m\u00e9talleux apparemment fan du Helfest, en t\u00e9moignent ses nombreux bracelets, pour atteindre mon compartiment bond\u00e9. Mais ils ne partent pas dans le sud normalement les gens ? C&rsquo;est quoi, une nouvelle mode ? &laquo;&nbsp;Vos vacances dans le Nord, \u00e7a vous rend plus fort !&nbsp;&raquo; Mouais. A d&rsquo;autres.<\/p>\n<p style=\"text-align: justify;\">Et c&rsquo;est l\u00e0, en m&rsquo;asseyant (joie bonheur) que j&rsquo;aper\u00e7ois cette femme. Bon d&rsquo;habitude je ne suis pas m\u00e9disante, mais l\u00e0, l\u00e0 \u00e7a vaut le d\u00e9tour quand m\u00eame. Vous vous rappelez du monsieur bibendum de tout \u00e0 l&rsquo;heure ? Et ben l\u00e0, j&rsquo;ai madame. Et encore, si \u00e7a s&rsquo;arr\u00eatait l\u00e0\u2026 Il y a des femmes fortes tr\u00e8s jolies et qui savent se mettre en valeur. Mais l\u00e0 non. Vraiment, non. Un chapeau de paille trop petit recouvre avec peine une t\u00eate rougeaude et des cheveux gras, tandis que sa robe \u00e0 fleurs\u2026 robe avec de jolies couleurs acidul\u00e9es d&rsquo;ailleurs, mais malheureusement, l\u00e0, \u00e7a fait l&rsquo;effet d&rsquo;un filet mignon dont on aurait trop serr\u00e9 les ficelles. Une quadra qui se veut f\u00e9minine mais qui est loin, que dis-je, tr\u00e8s loin (c&rsquo;est un cap, une p\u00e9ninsule !) de l&rsquo;\u00eatre. Courte sur pattes, voir tass\u00e9e sur elle-m\u00eame, \u00e7a n&rsquo;arrange pas les choses. Et enfin, pour couronner le tout, sa mine patibulaire ferait s&rsquo;abstenir n&rsquo;importe qui de lui demander l&rsquo;heure. Il y a des chiens, ils aboient mais ne mordent pas, et bien elle, on a l&rsquo;impression que c&rsquo;est le contraire.<\/p>\n<p style=\"text-align: justify;\">Et comme si \u00e7a ne suffisait pas, \u00e7a serait trop beau\u2026 Elle ruine mon r\u00eave de voyage calme en sortant son t\u00e9l\u00e9phone. La voix colle bien au personnage. Forte, grave, un vocabulaire de poissonni\u00e8re, l&rsquo;odeur qui va avec, bref la typique provinciale du fin fond du trou du cul du monde qui rejoint son pays. Je cherche un moment tous les moyens possibles pour la faire taire, repensant un instant au meurtre \u00e0 la petite cuill\u00e8re, avant de revenir plus raisonnablement \u00e0 l&rsquo;id\u00e9e de balancer le portable par la fen\u00eatre. Mais finalement, j&rsquo;opte pour une attente plus ou moins patiente\u2026 Parce que d&rsquo;un, je n&rsquo;ai pas de petite cuill\u00e8re, de deux je ne voudrais pas me faire mordre en l&rsquo;approchant de trop pr\u00e8s et de trois, vous l&rsquo;ouvrez comment la fen\u00eatre dans le TGV vous ? Voil\u00e0, voil\u00e0, pour l&rsquo;id\u00e9e brillante, on repassera. Heureusement pour mes tympans\u2026 et tous ceux des autres voyageurs, un homme perd en route son self-control et se met \u00e0 aboyer contre la bonne femme, qui d&rsquo;abord surprise, ne se laisse pas faire, faut pas r\u00eaver\u2026 et se met \u00e0 crier encore plus fort, oui c&rsquo;est possible ! Au comble du d\u00e9sespoir, je sors mes boules Quies sous le regard amus\u00e9 de certains passagers et finit par m&rsquo;endormir, assouvie du silence int\u00e9rieur de mes oreilles.<\/p>\n<p style=\"text-align: justify;\">Le lendemain, je d\u00e9cide d&rsquo;\u00e9chapper \u00e0 l&rsquo;odeur de renferm\u00e9 de la maison familiale en cheminant tranquillement AU CALME, sur le sentier des douaniers. Soudain comble de l&rsquo;horreur, je LA vois, au loin : la robe \u00e0 fleur ! Mais pourquoi moi ? Qu&rsquo;est-ce que j&rsquo;ai bien pu faire pour m\u00e9riter \u00e7a ? Quelqu&rsquo;un m&rsquo;en veut, c&rsquo;est oblig\u00e9\u00a0 ! Finalement, le renferm\u00e9 c&rsquo;\u00e9tait pas si mal\u2026 Tiens, \u00e7a m&rsquo;apprendra. Bref, je me dis qu&rsquo;elle va me reconna\u00eetre, ou pire ! M&rsquo;aborder. Je crois qu&rsquo;entre le personnage, l&rsquo;haleine de baleine et la voix criarde, je deviendrais en m\u00eame temps aveugle, sourde et anosme (oui ce mot existe, non je ne l&rsquo;ai pas invent\u00e9, \u00e7a veut dire que je n&rsquo;aurai plus d&rsquo;odorat). Donc je me demande comment les \u00e9viter sans que \u00e7a ne se remarque. Ah oui, parce qu&rsquo;ils sont deux !\u00a0 Madame et Monsieur, un petit gros tout bouffi\u2026 \u00e7a on peut dire qu&rsquo;ils se sont\u00a0 trouv\u00e9s ces deux l\u00e0 ! Mais bient\u00f4t, il est trop tard pour m&rsquo;enfuir, ils sont \u00e0 ma hauteur. Je m&rsquo;attends avec r\u00e9signation \u00e0 perdre trois de mes sens d&rsquo;un coup, mais non, non, ils ne me calculent m\u00eame pas. Du coup, un peu maso sur les bords, je ralentis le pas, curieuse de savoir le sujet au centre de leur attention.<\/p>\n<p style=\"text-align: justify;\">Le fameux repas de P\u00e2ques ! Effectivement, \u00e7a semble logique lors du weekend de P\u00e2ques. Et tendis que Monsieur tente vainement, de sa petite voix fluette, de d\u00e9fendre une id\u00e9e un peu novatrice, Madame lui rabat le caquet en insistant sur le traditionnel Agneau de P\u00e2ques. Et ben, c&rsquo;est pas tout \u00e7a, mais je crois que je vais aller retrouver mes \u0153ufs en chocolat moi !<\/p>\n","protected":false},"excerpt":{"rendered":"<p>R\u00e9\u00e9criture d&rsquo;un texte sur le th\u00e8me de l&rsquo;humour C&rsquo;est vendredi soir, fin de semaine, enfin le weekend ! Et pas n&rsquo;importe lequel : P\u00e2ques. Repas chez m\u00e9m\u00e9, recherches des \u0153ufs en chocolat, dans le jardin, \u00e0 moiti\u00e9 fondus par le soleil, avec les enfants, bref, le bonheur quoi ! Fin de journ\u00e9e, gare Montparnasse, heure [&hellip;]<\/p>\n","protected":false},"author":1,"featured_media":0,"parent":251,"menu_order":0,"comment_status":"open","ping_status":"closed","template":"","meta":[],"_links":{"self":[{"href":"https:\/\/leslectures.demarie.fr\/index.php?rest_route=\/wp\/v2\/pages\/52"}],"collection":[{"href":"https:\/\/leslectures.demarie.fr\/index.php?rest_route=\/wp\/v2\/pages"}],"about":[{"href":"https:\/\/leslectures.demarie.fr\/index.php?rest_route=\/wp\/v2\/types\/page"}],"author":[{"embeddable":true,"href":"https:\/\/leslectures.demarie.fr\/index.php?rest_route=\/wp\/v2\/users\/1"}],"replies":[{"embeddable":true,"href":"https:\/\/leslectures.demarie.fr\/index.php?rest_route=%2Fwp%2Fv2%2Fcomments&post=52"}],"version-history":[{"count":1,"href":"https:\/\/leslectures.demarie.fr\/index.php?rest_route=\/wp\/v2\/pages\/52\/revisions"}],"predecessor-version":[{"id":53,"href":"https:\/\/leslectures.demarie.fr\/index.php?rest_route=\/wp\/v2\/pages\/52\/revisions\/53"}],"up":[{"embeddable":true,"href":"https:\/\/leslectures.demarie.fr\/index.php?rest_route=\/wp\/v2\/pages\/251"}],"wp:attachment":[{"href":"https:\/\/leslectures.demarie.fr\/index.php?rest_route=%2Fwp%2Fv2%2Fmedia&parent=52"}],"curies":[{"name":"wp","href":"https:\/\/api.w.org\/{rel}","templated":true}]}}