{"id":57,"date":"2015-02-15T14:54:06","date_gmt":"2015-02-15T13:54:06","guid":{"rendered":"http:\/\/leslectures.demarie.fr\/?page_id=57"},"modified":"2015-02-15T15:11:24","modified_gmt":"2015-02-15T14:11:24","slug":"pause","status":"publish","type":"page","link":"https:\/\/leslectures.demarie.fr\/?page_id=57","title":{"rendered":"Pause"},"content":{"rendered":"<p align=\"center\">Cet encadr\u00e9 transparent froid mais envo\u00fbtant<\/p>\n<p align=\"center\">Toujours nous appelle, promesse de voyages<\/p>\n<p align=\"center\">\u00c9ternels, sans cesse \u00e9chapp\u00e9s d&rsquo;un temps sans \u00e2ge<\/p>\n<p align=\"center\">Attire nos regards r\u00eavant comme un aimant<\/p>\n<p>&nbsp;<\/p>\n<p align=\"center\">Rouge orange et jaune, je me perds dans le\u00a0 vent<\/p>\n<p align=\"center\">Le vent tourbillonnant de ces couleurs sauvages<\/p>\n<p align=\"center\">Me happent et m&rsquo;entra\u00eenent tr\u00e8s loin de ce carnage<\/p>\n<p align=\"center\">S&rsquo;envole mon esprit au-del\u00e0 du levant.<\/p>\n<p>&nbsp;<\/p>\n<p align=\"center\">Dans les songes oubli\u00e9s de mon inconscient<\/p>\n<p align=\"center\">Je replonge avec d\u00e9lectation profonde<\/p>\n<p align=\"center\">Savourant le temps pass\u00e9 \u00e0 chaque seconde<\/p>\n<p>&nbsp;<\/p>\n<p align=\"center\">Il est l\u00e0 ce bout de verre insignifiant<\/p>\n<p align=\"center\">Pourtant pr\u00e9sent, une lunette sur le monde<\/p>\n<p align=\"center\">Ouverture pour les \u00e2mes qui vagabondent.<\/p>\n","protected":false},"excerpt":{"rendered":"<p>Cet encadr\u00e9 transparent froid mais envo\u00fbtant Toujours nous appelle, promesse de voyages \u00c9ternels, sans cesse \u00e9chapp\u00e9s d&rsquo;un temps sans \u00e2ge Attire nos regards r\u00eavant comme un aimant &nbsp; Rouge orange et jaune, je me perds dans le\u00a0 vent Le vent tourbillonnant de ces couleurs sauvages Me happent et m&rsquo;entra\u00eenent tr\u00e8s loin de ce carnage S&rsquo;envole [&hellip;]<\/p>\n","protected":false},"author":1,"featured_media":0,"parent":31,"menu_order":0,"comment_status":"open","ping_status":"open","template":"","meta":[],"_links":{"self":[{"href":"https:\/\/leslectures.demarie.fr\/index.php?rest_route=\/wp\/v2\/pages\/57"}],"collection":[{"href":"https:\/\/leslectures.demarie.fr\/index.php?rest_route=\/wp\/v2\/pages"}],"about":[{"href":"https:\/\/leslectures.demarie.fr\/index.php?rest_route=\/wp\/v2\/types\/page"}],"author":[{"embeddable":true,"href":"https:\/\/leslectures.demarie.fr\/index.php?rest_route=\/wp\/v2\/users\/1"}],"replies":[{"embeddable":true,"href":"https:\/\/leslectures.demarie.fr\/index.php?rest_route=%2Fwp%2Fv2%2Fcomments&post=57"}],"version-history":[{"count":7,"href":"https:\/\/leslectures.demarie.fr\/index.php?rest_route=\/wp\/v2\/pages\/57\/revisions"}],"predecessor-version":[{"id":71,"href":"https:\/\/leslectures.demarie.fr\/index.php?rest_route=\/wp\/v2\/pages\/57\/revisions\/71"}],"up":[{"embeddable":true,"href":"https:\/\/leslectures.demarie.fr\/index.php?rest_route=\/wp\/v2\/pages\/31"}],"wp:attachment":[{"href":"https:\/\/leslectures.demarie.fr\/index.php?rest_route=%2Fwp%2Fv2%2Fmedia&parent=57"}],"curies":[{"name":"wp","href":"https:\/\/api.w.org\/{rel}","templated":true}]}}