{"id":7,"date":"2014-06-19T09:22:49","date_gmt":"2014-06-19T08:22:49","guid":{"rendered":"http:\/\/leslectures.demarie.fr\/?page_id=7"},"modified":"2022-08-14T23:47:38","modified_gmt":"2022-08-14T22:47:38","slug":"les-critiques","status":"publish","type":"page","link":"https:\/\/leslectures.demarie.fr\/?page_id=7","title":{"rendered":"Les critiques"},"content":{"rendered":"<h1><a href=\"https:\/\/leslectures.demarie.fr\/?page_id=388\">At Eternity&rsquo;s Gate &#8211; Julian Schnabel<\/a><\/h1>\n<h1><a href=\"https:\/\/leslectures.demarie.fr\/?page_id=328\">Les deux vies de Baudouin &#8211; Fabien Toulm\u00e9<\/a><\/h1>\n<h1><a href=\"https:\/\/leslectures.demarie.fr\/?page_id=281\">Humanit\u00e9 &#8211; Une histoire optimiste &#8211; Rutger Bregman<\/a><\/h1>\n<h1><a href=\"https:\/\/leslectures.demarie.fr\/?page_id=172\">Chanson douce &#8211; Le\u00efla Slimani<\/a><\/h1>\n<h1><a href=\"https:\/\/leslectures.demarie.fr\/?page_id=167\">L&rsquo;Odyss\u00e9e d&rsquo;Hakim &#8211; Fabien Toulm\u00e9<\/a><\/h1>\n<h1><a href=\"https:\/\/leslectures.demarie.fr\/?page_id=164\">Soif &#8211; Am\u00e9lie Nothomb<\/a><\/h1>\n<h1><span style=\"color: #00ccff;\"><a href=\"http:\/\/leslectures.demarie.fr\/?page_id=23\">Lost in J\u00e9rusalem &#8211; Katia Chapoutier<\/a><\/span><\/h1>\n<h1><a href=\"http:\/\/leslectures.demarie.fr\/?page_id=72\">Les mots qu&rsquo;on ne me dit pas &#8211; V\u00e9ronique Poulain<\/a><\/h1>\n<h1><a title=\"La Patience du Diable\" href=\"http:\/\/leslectures.demarie.fr\/?page_id=99\">La Patience du Diable &#8211; Maxime Chattam<\/a><\/h1>\n<h1><a title=\"Le Coma des Mortels\" href=\"http:\/\/leslectures.demarie.fr\/?page_id=113\">Le Coma des Mortels &#8211; Maxime Chattam<\/a><\/h1>\n","protected":false},"excerpt":{"rendered":"<p>At Eternity&rsquo;s Gate &#8211; Julian Schnabel Les deux vies de Baudouin &#8211; Fabien Toulm\u00e9 Humanit\u00e9 &#8211; Une histoire optimiste &#8211; Rutger Bregman Chanson douce &#8211; Le\u00efla Slimani L&rsquo;Odyss\u00e9e d&rsquo;Hakim &#8211; Fabien Toulm\u00e9 Soif &#8211; Am\u00e9lie Nothomb Lost in J\u00e9rusalem &#8211; Katia Chapoutier Les mots qu&rsquo;on ne me dit pas &#8211; V\u00e9ronique Poulain La Patience du [&hellip;]<\/p>\n","protected":false},"author":1,"featured_media":0,"parent":0,"menu_order":0,"comment_status":"open","ping_status":"open","template":"","meta":[],"_links":{"self":[{"href":"https:\/\/leslectures.demarie.fr\/index.php?rest_route=\/wp\/v2\/pages\/7"}],"collection":[{"href":"https:\/\/leslectures.demarie.fr\/index.php?rest_route=\/wp\/v2\/pages"}],"about":[{"href":"https:\/\/leslectures.demarie.fr\/index.php?rest_route=\/wp\/v2\/types\/page"}],"author":[{"embeddable":true,"href":"https:\/\/leslectures.demarie.fr\/index.php?rest_route=\/wp\/v2\/users\/1"}],"replies":[{"embeddable":true,"href":"https:\/\/leslectures.demarie.fr\/index.php?rest_route=%2Fwp%2Fv2%2Fcomments&post=7"}],"version-history":[{"count":9,"href":"https:\/\/leslectures.demarie.fr\/index.php?rest_route=\/wp\/v2\/pages\/7\/revisions"}],"predecessor-version":[{"id":390,"href":"https:\/\/leslectures.demarie.fr\/index.php?rest_route=\/wp\/v2\/pages\/7\/revisions\/390"}],"wp:attachment":[{"href":"https:\/\/leslectures.demarie.fr\/index.php?rest_route=%2Fwp%2Fv2%2Fmedia&parent=7"}],"curies":[{"name":"wp","href":"https:\/\/api.w.org\/{rel}","templated":true}]}}