{"id":72,"date":"2015-02-15T15:32:47","date_gmt":"2015-02-15T14:32:47","guid":{"rendered":"http:\/\/leslectures.demarie.fr\/?page_id=72"},"modified":"2015-02-15T16:08:16","modified_gmt":"2015-02-15T15:08:16","slug":"les-mots-quon-ne-me-dit-pas-veronique-poulain","status":"publish","type":"page","link":"https:\/\/leslectures.demarie.fr\/?page_id=72","title":{"rendered":"Les mots qu&rsquo;on ne me dit pas [V\u00e9ronique Poulain]"},"content":{"rendered":"<p style=\"text-align: center;\"><strong>Les mots qu&rsquo;on ne dit pas &#8211; V\u00e9ronique Poulain (\u00e9ditions Stock)<\/strong><\/p>\n<p style=\"text-align: center;\"><a href=\"http:\/\/leslectures.demarie.fr\/wp-content\/uploads\/2015\/02\/1507-1.jpg\"><img decoding=\"async\" loading=\"lazy\" class=\"alignnone size-full wp-image-73\" alt=\"1507-1\" src=\"http:\/\/leslectures.demarie.fr\/wp-content\/uploads\/2015\/02\/1507-1.jpg\" width=\"168\" height=\"272\" \/><\/a><\/p>\n<p style=\"text-align: justify;\"><em>R\u00e9sum\u00e9 :<\/em><\/p>\n<p style=\"text-align: justify;\"><em>\u201c Salut, bande d\u2019encul\u00e9s ! \u201d<\/em><br \/>\n<em>C\u2019est comme \u00e7a que je salue mes parents quand je rentre \u00e0 la maison.<\/em><br \/>\n<em>Mes copains me croient jamais quand je leur dis qu\u2019ils sont sourds.<\/em><br \/>\n<em>Je vais leur prouver que je dis vrai.<\/em><br \/>\n<em>\u201c Salut, bande d\u2019encul\u00e9s ! \u201d Et ma m\u00e8re vient m\u2019embrasser tendrement. \u00bb<\/em><\/p>\n<p><em>Sans tabou, avec un humour corrosif, elle raconte.<\/em><br \/>\n<em>Son p\u00e8re, sourd-muet.<\/em><br \/>\n<em>Sa m\u00e8re, sourde-muette.<\/em><br \/>\n<em>L\u2019oncle Guy, sourd lui aussi, comme un pot.<\/em><br \/>\n<em>Le quotidien.<\/em><br \/>\n<em>Les sorties.<\/em><br \/>\n<em>Les vacances.<\/em><br \/>\n<em>Le sexe.<\/em><br \/>\n<em>D\u2019un \u00e9cart\u00e8lement entre deux mondes, elle fait une richesse. De ce qui aurait pu \u00eatre un drame, une com\u00e9die.<\/em><br \/>\n<em>D\u2019une famille diff\u00e9rente, un livre pas comme les autres<\/em>.<\/p>\n<p>&nbsp;<\/p>\n<p style=\"text-align: justify;\">C&rsquo;est un t\u00e9moignage grandeur nature que nous propose ici V\u00e9ronique Poulain, de la vie d&rsquo;une entendante dans une famille de sourds. Elle nous emm\u00e8ne avec elle au c\u0153ur de ce qu&rsquo;a \u00e9t\u00e9 son quotidien pendant son enfance et son adolescence, les coulisse d&rsquo;une vie qu&rsquo;on n&rsquo;imagine pas, qu&rsquo;on ne conna\u00eet pas.<\/p>\n<p style=\"text-align: justify;\">Ce livre ne se lit pas, il se d\u00e9vore. Les phrases sont courtes, vives. Le vocabulaire est cru parfois, spontan\u00e9. Au contraire du titre, l&rsquo;auteur n&rsquo;a pas peur de dire les choses, ce qui fait qu&rsquo;on lit l&rsquo;histoire comme si on l&rsquo;entendait nous la raconter. C&rsquo;est vivant.<\/p>\n<p style=\"text-align: justify;\">Un livre facile \u00e0 lire, un plaisir de lecture, qui l\u00e8ve st\u00e9r\u00e9otypes et pr\u00e9jug\u00e9s pour donner une image sans tabous sur un handicap que l&rsquo;on conna\u00eet, il faut le dire, bien mal.<\/p>\n","protected":false},"excerpt":{"rendered":"<p>Les mots qu&rsquo;on ne dit pas &#8211; V\u00e9ronique Poulain (\u00e9ditions Stock) R\u00e9sum\u00e9 : \u201c Salut, bande d\u2019encul\u00e9s ! \u201d C\u2019est comme \u00e7a que je salue mes parents quand je rentre \u00e0 la maison. Mes copains me croient jamais quand je leur dis qu\u2019ils sont sourds. Je vais leur prouver que je dis vrai. \u201c Salut, [&hellip;]<\/p>\n","protected":false},"author":1,"featured_media":0,"parent":7,"menu_order":0,"comment_status":"open","ping_status":"open","template":"","meta":[],"_links":{"self":[{"href":"https:\/\/leslectures.demarie.fr\/index.php?rest_route=\/wp\/v2\/pages\/72"}],"collection":[{"href":"https:\/\/leslectures.demarie.fr\/index.php?rest_route=\/wp\/v2\/pages"}],"about":[{"href":"https:\/\/leslectures.demarie.fr\/index.php?rest_route=\/wp\/v2\/types\/page"}],"author":[{"embeddable":true,"href":"https:\/\/leslectures.demarie.fr\/index.php?rest_route=\/wp\/v2\/users\/1"}],"replies":[{"embeddable":true,"href":"https:\/\/leslectures.demarie.fr\/index.php?rest_route=%2Fwp%2Fv2%2Fcomments&post=72"}],"version-history":[{"count":2,"href":"https:\/\/leslectures.demarie.fr\/index.php?rest_route=\/wp\/v2\/pages\/72\/revisions"}],"predecessor-version":[{"id":79,"href":"https:\/\/leslectures.demarie.fr\/index.php?rest_route=\/wp\/v2\/pages\/72\/revisions\/79"}],"up":[{"embeddable":true,"href":"https:\/\/leslectures.demarie.fr\/index.php?rest_route=\/wp\/v2\/pages\/7"}],"wp:attachment":[{"href":"https:\/\/leslectures.demarie.fr\/index.php?rest_route=%2Fwp%2Fv2%2Fmedia&parent=72"}],"curies":[{"name":"wp","href":"https:\/\/api.w.org\/{rel}","templated":true}]}}