{"id":77,"date":"2015-02-15T16:07:47","date_gmt":"2015-02-15T15:07:47","guid":{"rendered":"http:\/\/leslectures.demarie.fr\/?page_id=77"},"modified":"2015-02-15T16:07:57","modified_gmt":"2015-02-15T15:07:57","slug":"petronille-amelie-nothomb","status":"publish","type":"page","link":"https:\/\/leslectures.demarie.fr\/?page_id=77","title":{"rendered":"P\u00e9tronille [Am\u00e9lie Nothomb]"},"content":{"rendered":"<p style=\"text-align: center;\"><strong>P\u00e9tronille &#8211; Am\u00e9lie Nothomb (\u00e9ditions Albin Michel)<\/strong><\/p>\n<p style=\"text-align: center;\"><img decoding=\"async\" loading=\"lazy\" class=\"aligncenter\" alt=\"\" src=\"http:\/\/www.albin-michel.fr\/images\/couv\/1\/1\/3\/9782226258311m.jpg\" width=\"200\" height=\"307\" \/><\/p>\n<p style=\"text-align: justify;\"><em>\u00ab\u00a0Au premier regard je la trouvai si jeune que je la pris pour un gar\u00e7on de quinze ans.\u00a0\u00bb<\/em><\/p>\n<p style=\"text-align: justify;\"><em>\u00abL&rsquo;ivresse ne s&rsquo;improvise pas. Elle rel\u00e8ve de l&rsquo;art, qui exige don et souci. Boire au hasard ne m\u00e8ne nulle part.\u00bb<\/em><\/p>\n<p style=\"text-align: justify;\">Encore une fois, Am\u00e9lie Nothomb nous emm\u00e8ne dans une histoire presque autobiographique, \u00e0 la recherche d&rsquo;une compagne de beuverie.Toujours avec un style d\u00e9cal\u00e9 et son humour qui lui est propre, on suit ses aventures le sourire aux l\u00e8vres, avec l&rsquo;envie constante de tourner les pages pour d\u00e9couvrir la suite. Un r\u00e9cit plein de rebondissements inattendus, et d&rsquo;anecdotes cocasses. Un coup de c\u0153ur pour moi, comme toujours !<\/p>\n<p style=\"text-align: justify;\"><strong>Quelques liens d&rsquo;articles :<\/strong><\/p>\n<p style=\"text-align: justify;\"><a href=\"http:\/\/www.lexpress.fr\/culture\/livre\/petronille-d-amelie-nothomb-passe-le-test-de-la-page-99_1568887.html\">L&rsquo;express<\/a><\/p>\n<p style=\"text-align: justify;\"><a href=\"http:\/\/www.lefigaro.fr\/livres\/2014\/09\/04\/03005-20140904ARTFIG00037-amelie-nothomb-petronille-le-champagne-de-l-amitie.php\">Le Figaro<\/a><\/p>\n<p style=\"text-align: justify;\"><a href=\"http:\/\/bibliobs.nouvelobs.com\/rentree-litteraire-2014\/20140917.OBS9398\/amelie-nothomb-je-suis-toujours-enceinte.html\">Bibliobs<\/a><\/p>\n<p style=\"text-align: justify;\"><a href=\"http:\/\/salon-litteraire.com\/fr\/amelie-nothomb\/review\/1898360-amelie-nothomb-petronille-l-ame-s-ur-et-le-champagne\">Salon litt\u00e9raire<\/a><\/p>\n","protected":false},"excerpt":{"rendered":"<p>P\u00e9tronille &#8211; Am\u00e9lie Nothomb (\u00e9ditions Albin Michel) \u00ab\u00a0Au premier regard je la trouvai si jeune que je la pris pour un gar\u00e7on de quinze ans.\u00a0\u00bb \u00abL&rsquo;ivresse ne s&rsquo;improvise pas. Elle rel\u00e8ve de l&rsquo;art, qui exige don et souci. Boire au hasard ne m\u00e8ne nulle part.\u00bb Encore une fois, Am\u00e9lie Nothomb nous emm\u00e8ne dans une histoire [&hellip;]<\/p>\n","protected":false},"author":1,"featured_media":0,"parent":9,"menu_order":0,"comment_status":"open","ping_status":"open","template":"","meta":[],"_links":{"self":[{"href":"https:\/\/leslectures.demarie.fr\/index.php?rest_route=\/wp\/v2\/pages\/77"}],"collection":[{"href":"https:\/\/leslectures.demarie.fr\/index.php?rest_route=\/wp\/v2\/pages"}],"about":[{"href":"https:\/\/leslectures.demarie.fr\/index.php?rest_route=\/wp\/v2\/types\/page"}],"author":[{"embeddable":true,"href":"https:\/\/leslectures.demarie.fr\/index.php?rest_route=\/wp\/v2\/users\/1"}],"replies":[{"embeddable":true,"href":"https:\/\/leslectures.demarie.fr\/index.php?rest_route=%2Fwp%2Fv2%2Fcomments&post=77"}],"version-history":[{"count":1,"href":"https:\/\/leslectures.demarie.fr\/index.php?rest_route=\/wp\/v2\/pages\/77\/revisions"}],"predecessor-version":[{"id":78,"href":"https:\/\/leslectures.demarie.fr\/index.php?rest_route=\/wp\/v2\/pages\/77\/revisions\/78"}],"up":[{"embeddable":true,"href":"https:\/\/leslectures.demarie.fr\/index.php?rest_route=\/wp\/v2\/pages\/9"}],"wp:attachment":[{"href":"https:\/\/leslectures.demarie.fr\/index.php?rest_route=%2Fwp%2Fv2%2Fmedia&parent=77"}],"curies":[{"name":"wp","href":"https:\/\/api.w.org\/{rel}","templated":true}]}}