{"id":91,"date":"2016-12-19T15:27:55","date_gmt":"2016-12-19T14:27:55","guid":{"rendered":"http:\/\/leslectures.demarie.fr\/?page_id=91"},"modified":"2016-12-19T15:45:33","modified_gmt":"2016-12-19T14:45:33","slug":"le-diner-de-pierre","status":"publish","type":"page","link":"https:\/\/leslectures.demarie.fr\/?page_id=91","title":{"rendered":"Repas surprise pour noces d&rsquo;\u00e9tain"},"content":{"rendered":"<p style=\"text-align: justify;\" align=\"center\">Charlotte posa le dernier canap\u00e9 sur le plat, avant de le ranger au frigo. Alors qu\u2019elle retournait vers la table de sa cuisine, la jeune femme passa devant le miroir accroch\u00e9 \u00e0 la porte donnant sur le salon. Elle s\u2019arr\u00eata un instant, jaugea son maquillage, et se f\u00e9licita du r\u00e9sultat. Malgr\u00e9 trois grossesses et la quarantaine avanc\u00e9e, elle se trouvait encore un charme tout \u00e0 fait respectable. Elle go\u00fbta au silence et au calme de la pi\u00e8ce. Elle jeta un coup d\u2019\u0153il distrait \u00e0 la vieille t\u00e9l\u00e9vision \u00e0 tubes cathodiques diffusant le journal r\u00e9gional. Elle s\u2019\u00e9tait montr\u00e9e r\u00e9ticente \u00e0 l\u2019id\u00e9e de cette t\u00e9l\u00e9, la jugeant trop abrutissante. Souvent, elle repensait avec nostalgie \u00e0 la petite radio \u00e0 batterie qui ne g\u00e2chait pas chaque repas par des images accablantes. Mais les enfants avaient insist\u00e9 et Jean, son cher et tendre \u00e9poux, avait fini par c\u00e9der. Le temps o\u00f9 ils se racontaient leur journ\u00e9e, tous attabl\u00e9s, \u00e9tait r\u00e9volu. Avec les ann\u00e9es, le maudit appareil s\u2019\u00e9tait retrouv\u00e9 allum\u00e9 en permanence, m\u00eame si aucun des membres de la famille n\u2019y pr\u00eatait plus attention. Et plus personne ne parlait. Sauf la t\u00e9l\u00e9.<\/p>\n<p style=\"text-align: justify;\">Elle posa un tas de vaisselle sale dans le lavabo. \u00ab\u00a0\u00c9vier\u00a0\u00bb se corrigea-t-elle. L\u2019homme qu\u2019elle avait \u00e9pous\u00e9 dix ans plus t\u00f4t, professeur agr\u00e9g\u00e9 au d\u00e9partement des Sciences, \u00e0 l\u2019universit\u00e9 Pierre et Marie Curie de Paris, ne supportait pas l\u2019impr\u00e9cision verbale. Dans l\u2019esprit de Jean, elle, simple petite infirmi\u00e8re, ne pouvait pas comprendre les subtilit\u00e9s techniques du vocabulaire. Il r\u00e9ussissait \u00e0 placer tout naturellement des mots tels que polym\u00e8re ou plantigrade dans la conversation. Soudain, son thorax se comprima. Elle suffoqua. Au comble de l\u2019\u00e9nervement, la jeune femme inspira un grand coup. L&rsquo;odeur app\u00e9tissante de la viande cuite au four vint lui titiller les narines. Un sourire nouveau naquit sur ses l\u00e8vres.<\/p>\n<p style=\"text-align: justify;\">Elle acheva de dresser la table. Ce soir ils f\u00eataient leurs dix ans de mariage en compagnie d\u2019un couple d\u2019amis. Mais son mari n\u2019\u00e9tait pas l\u00e0. On allait encore lui demander o\u00f9 il se trouvait. Et cela allait encore agacer Charlotte. Parce que depuis qu\u2019elle avait d\u00e9cid\u00e9 de sortir avec cet homme, puis de se fiancer, et enfin de l\u2019\u00e9pouser, elle n\u2019existait plus. Jean, Jean, Jean\u2026 elle vivait dans son ombre, continuellement. Mais ce soir, par son absence, ce serait elle qui brillerait. Aujourd\u2019hui, elle en avait assez d\u2019\u00eatre la femme de Jean, l\u2019\u00e9pouse du professeur. Aujourd\u2019hui, elle allait de nouveau \u00eatre Charlotte.<\/p>\n<p style=\"text-align: justify;\">Vingt heures. On sonna \u00e0 la porte. Le tablier encore accroch\u00e9 au cou, la jeune femme alla ouvrir, tout sourire :<\/p>\n<p style=\"text-align: justify;\">-Charles, Liliane, pile \u00e0 l\u2019heure\u2026 je ne sais pas comment vous faites !<\/p>\n<p style=\"text-align: justify;\">Liliane rit puis tendit un bouquet de tulipes jaunes \u00e0 son amie. Elle \u00e9tait toujours \u00e9l\u00e9gante, impeccablement coiff\u00e9e en toutes circonstances et savait, par une ma\u00eetrise totale de l\u2019art du maquillage, mettre en valeur sa beaut\u00e9. Quant \u00e0 Charles, il r\u00e9pondit, un air amus\u00e9 peint sur le visage :<\/p>\n<p style=\"text-align: justify;\">-En fait, on arrive toujours en avance, on reste cach\u00e9s dans la voiture et on sort en chronom\u00e9trant le temps qu\u2019il nous reste avant de sonner.<\/p>\n<p style=\"text-align: justify;\">Il se mit \u00e0 rire \u00e0 son tour, mais Charlotte soup\u00e7onnait un fond de v\u00e9rit\u00e9 dans cette blague. A l\u2019image de sa femme, Charles \u00e9tait charmant et tr\u00e8s classe dans son costume trois pi\u00e8ces, sans cravate, d\u00e9contract\u00e9 chic. En comparaison, l\u2019h\u00f4tesse se sentit un brin sale et mal fagot\u00e9e. Charles et Liliane \u00e9taient des amis de longue date de Jean. Charlotte avait appris \u00e0 les appr\u00e9cier. Les bras charg\u00e9s de fleurs, elle entra\u00eena ses invit\u00e9s dans la cuisine. Elle sortit un vase et disposa ce joli bouquet. Charles se pencha vers le four et huma le fumet qui s\u2019en \u00e9chappait.<\/p>\n<p style=\"text-align: justify;\">-Et bien, tu t\u2019es d\u00e9men\u00e9e, \u00e7a sent rudement bon !<\/p>\n<p style=\"text-align: justify;\">Puis avisant les trois couverts :<\/p>\n<p style=\"text-align: justify;\">-Tu as mis tes enfants \u00e0 la porte ? Et Jean n\u2019est pas encore rentr\u00e9 du travail\u00a0? Pourtant, dix ans \u00e7a se f\u00eate\u00a0!<\/p>\n<p style=\"text-align: justify;\">Charlotte prit un air d\u00e9sol\u00e9 et hocha la t\u00eate :<\/p>\n<p style=\"text-align: justify;\">-Clarisse, Sophie et Maxime dorment chez des amis et Jean\u2026 Jean vous demande de l\u2019excuser, mais il a eu une r\u00e9union impr\u00e9vue avec ses doctorants. Il risque de finir tard. Je lui mettrai une assiette de c\u00f4t\u00e9.<\/p>\n<p style=\"text-align: justify;\">Elle demanda \u00e0 son tour :<\/p>\n<p style=\"text-align: justify;\">-Et vous, vous avez perdu Aristophane en cours de route ?<\/p>\n<p style=\"text-align: justify;\">-Non, le pauvre, il a fait du cheval d\u2019ar\u00e7on \u00e0 l\u2019\u00e9cole aujourd\u2019hui, et il est mal tomb\u00e9, il s\u2019est foul\u00e9 la cheville. Nous l\u2019avons donc laiss\u00e9 \u00e0 notre baby-sitter.<\/p>\n<p style=\"text-align: justify;\">La jeune femme ouvrit des yeux ronds \u00e0 l\u2019\u00e9vocation de cet accident peu commun et d\u00e9bita les banalit\u00e9s d\u2019usage. Mais la vie de ce pauvre gar\u00e7on dans son ensemble ne devait pas \u00eatre dr\u00f4le. Ses parents l\u2019avaient affubl\u00e9 d\u2019un pr\u00e9nom impossible ! A vrai dire, elle trouvait ridicule cette course au m\u2019as-tu vu, dans le but de montrer que son enfant \u00e9tait sup\u00e9rieur, d\u2019une autre classe. Ah \u00e7a\u2026 il devait le sentir qu\u2019il \u00e9tait diff\u00e9rent. Charles reprit\u00a0:<\/p>\n<p style=\"text-align: justify;\">-C\u2019est vraiment dommage que Jean ne soit pas l\u00e0 ce soir, j\u2019avais quelques id\u00e9es \u00e0 lui exposer sur notre dernier projet.<\/p>\n<p style=\"text-align: justify;\">Charlotte s\u2019effor\u00e7ait de garder le sourire.<\/p>\n<p style=\"text-align: justify;\">-Je suis certaine que tu le verras assez vite, je ne m\u2019en fais pas.<\/p>\n<p style=\"text-align: justify;\">-Oui, tu as raison.<\/p>\n<p style=\"text-align: justify;\">D\u2019un coup, Charlotte fron\u00e7a les sourcils, cherchant l\u2019origine de son malaise. La t\u00e9l\u00e9. Agac\u00e9e de l\u2019avoir oubli\u00e9e, elle l\u2019\u00e9teignit prestement. Il faudrait qu\u2019elle d\u00e9m\u00e9nage, s\u00fbrement \u00e0 l\u2019\u00e9tranger. Et vite. Parce qu\u2019on allait se poser des questions. \u00a0Mais elle se f\u00e9licitait de son ing\u00e9niosit\u00e9. Ce soir, enfin, elle se sentait revivre, elle se sentait libre. Il manquait juste un petit quelque chose pour que tout soit parfait. Elle proposa \u00e0 ses invit\u00e9s de passer \u00e0 table. Une fois l\u2019ap\u00e9ritif et l\u2019entr\u00e9e engloutis, elle retira le plat du four, qui embaumait \u00e0 pr\u00e9sent toute la cuisine. Elle servit \u00e0 chacun une g\u00e9n\u00e9reuse tranche de r\u00f4ti, tendre \u00e0 souhait, bien juteuse, accompagn\u00e9e d\u2019une belle ratatouille d\u2019\u00e9t\u00e9. Liliane s\u2019extasia :<\/p>\n<p style=\"text-align: justify;\">-Mon Dieu Charlotte, tu nous as pr\u00e9par\u00e9 un festin ! Jean ne sait pas ce qu\u2019il rate !<\/p>\n<p style=\"text-align: justify;\">-Merci Liliane, tu es adorable.<\/p>\n<p style=\"text-align: justify;\">Un nouveau sourire \u00e9claira son visage.<\/p>\n<p style=\"text-align: justify;\">-Bon app\u00e9tit mes amis.<\/p>\n<p style=\"text-align: justify;\">Et elle enfourna et savoura une premi\u00e8re bouch\u00e9e de viande. La cuisse de Jean \u00e9tait d\u00e9cid\u00e9ment d\u00e9licieuse.<\/p>\n<p>&nbsp;<\/p>\n<p align=\"right\">Marie NOUSSE<\/p>\n","protected":false},"excerpt":{"rendered":"<p>Charlotte posa le dernier canap\u00e9 sur le plat, avant de le ranger au frigo. Alors qu\u2019elle retournait vers la table de sa cuisine, la jeune femme passa devant le miroir accroch\u00e9 \u00e0 la porte donnant sur le salon. Elle s\u2019arr\u00eata un instant, jaugea son maquillage, et se f\u00e9licita du r\u00e9sultat. Malgr\u00e9 trois grossesses et la [&hellip;]<\/p>\n","protected":false},"author":1,"featured_media":0,"parent":33,"menu_order":0,"comment_status":"open","ping_status":"open","template":"","meta":[],"_links":{"self":[{"href":"https:\/\/leslectures.demarie.fr\/index.php?rest_route=\/wp\/v2\/pages\/91"}],"collection":[{"href":"https:\/\/leslectures.demarie.fr\/index.php?rest_route=\/wp\/v2\/pages"}],"about":[{"href":"https:\/\/leslectures.demarie.fr\/index.php?rest_route=\/wp\/v2\/types\/page"}],"author":[{"embeddable":true,"href":"https:\/\/leslectures.demarie.fr\/index.php?rest_route=\/wp\/v2\/users\/1"}],"replies":[{"embeddable":true,"href":"https:\/\/leslectures.demarie.fr\/index.php?rest_route=%2Fwp%2Fv2%2Fcomments&post=91"}],"version-history":[{"count":6,"href":"https:\/\/leslectures.demarie.fr\/index.php?rest_route=\/wp\/v2\/pages\/91\/revisions"}],"predecessor-version":[{"id":144,"href":"https:\/\/leslectures.demarie.fr\/index.php?rest_route=\/wp\/v2\/pages\/91\/revisions\/144"}],"up":[{"embeddable":true,"href":"https:\/\/leslectures.demarie.fr\/index.php?rest_route=\/wp\/v2\/pages\/33"}],"wp:attachment":[{"href":"https:\/\/leslectures.demarie.fr\/index.php?rest_route=%2Fwp%2Fv2%2Fmedia&parent=91"}],"curies":[{"name":"wp","href":"https:\/\/api.w.org\/{rel}","templated":true}]}}