{"id":99,"date":"2015-06-14T20:23:50","date_gmt":"2015-06-14T19:23:50","guid":{"rendered":"http:\/\/leslectures.demarie.fr\/?page_id=99"},"modified":"2015-06-14T20:23:50","modified_gmt":"2015-06-14T19:23:50","slug":"la-patience-du-diable-maxime-chattam","status":"publish","type":"page","link":"https:\/\/leslectures.demarie.fr\/?page_id=99","title":{"rendered":"La patience du Diable [Maxime Chattam]"},"content":{"rendered":"<p style=\"text-align: center;\" align=\"center\"><strong>La patience du Diable \u2013 Maxime Chattam (\u00e9ditions Albin Michel)<\/strong><\/p>\n<p style=\"text-align: center;\">\u00a0<img decoding=\"async\" loading=\"lazy\" class=\"alignnone\" alt=\"\" src=\"http:\/\/www.babelio.com\/couv\/CVT_La-patience-du-diable_9892.jpeg\" width=\"200\" height=\"302\" \/><\/p>\n<p style=\"text-align: justify;\">R\u00e9sum\u00e9 : &laquo;&nbsp;<em>Le Mal peut-il contaminer ceux qui le traquent ?<\/em><\/p>\n<p style=\"text-align: justify;\"><em>Un go-fast pris en flag qui transporte bien pire que de la drogue\u2026 Deux ados qui tirent sur les passagers d\u2019un TGV lanc\u00e9 \u00e0 pleine vitesse\u2026 Des gens ordinaires d\u00e9couverts morts\u2026 de terreur. Le Diable m\u00e8ne le bal, le monde est devenu fou. Lieutenant \u00e0 la Section de Recherche de Paris, Ludivine Vancker comprend bient\u00f4t qu\u2019un fil sanglant relie ces faits divers. Rien ne pourra l\u2019emp\u00eacher de remonter la piste \u00e0 sa source. Aux racines de la peur<\/em>.&nbsp;&raquo;<\/p>\n<p style=\"text-align: justify;\">Encore une fois, Maxime Chattam nous emm\u00e8ne au c\u0153ur d&rsquo;une enqu\u00eate palpitante contre le Mal dans sa forme la plus diabolique. Si le roman, comme d&rsquo;habitude, ne manque pas de rebondissements en tous genres, j&rsquo;ai eu un peu plus de mal \u00e0 y rentrer que d&rsquo;habitude, trouvant quelques longueurs par moments. Cependant, une fois plong\u00e9s avec Ludivine et ses co\u00e9quipiers, on ne l\u00e2che plus le livre, tournant les pages avec fr\u00e9n\u00e9sie, avides de conna\u00eetre la suite de l&rsquo;histoire.<\/p>\n<p style=\"text-align: justify;\">Le fond de l&rsquo;histoire fait \u00e9cho \u00e0 une certaine forme de mal-\u00eatre install\u00e9 de nos jours, et un sentiment de ras-le-bol de la situation sociale qui nous entoure. Bien s\u00fbre le monde ne va pas si mal mais Maxime Chattam a une nouvelle fois su implanter son histoire de telle mani\u00e8re, que \u00e7a en devient effrayant de r\u00e9alit\u00e9. Et on se retrouve d&rsquo;autant plus plong\u00e9 au c\u0153ur de l&rsquo;histoire. On s&rsquo;imagine \u00e0 ces endroits avec ces gens perdus, qui se retrouvent victime d&rsquo;une folie, d&rsquo;une fr\u00e9n\u00e9sie meurtri\u00e8re, d&rsquo;une explosion du mal dans la soci\u00e9t\u00e9. Ici Chattam joue plus sur le sentiment d&rsquo;angoisse psychologique que sur le trash qui caract\u00e9risait particuli\u00e8rement La Conjuration Primitive.<\/p>\n<p style=\"text-align: justify;\">Les personnages sont fid\u00e8les \u00e0 ceux qu&rsquo;on a connu et \u00e0 qui on a pu s&rsquo;attacher durant le roman pr\u00e9c\u00e9dent, incluant cependant de nouvelles t\u00eates toutes aussi int\u00e9ressantes, comme Guilhem par exemple, nouvel acolyte de Segnon et Ludivine. Cependant ce n&rsquo;est pas r\u00e9ellement une suite de La Conjuration Primitive et peut se lire comme un one-shot. Comme d&rsquo;habitude, les m\u00e9chants sont de vrais m\u00e9chants, tordus, cruels et sans piti\u00e9. On plonge au c\u0153ur du mal. Qui est d&rsquo;ailleurs la ligne directrice de tout le roman.<\/p>\n<p style=\"text-align: justify;\">On ne cesse, jusqu&rsquo;\u00e0 la fin, de se poser la question de la r\u00e9elle pr\u00e9sence du Diable \u00e0 travers tous ces actes de violence. Pas du Diable physique bien s\u00fbr, mais d&rsquo;une implantation en chacun, ne demandant qu&rsquo;une situation de crise pour nous sauter au visage et avoir une emprise certaine sur le choix des actes qui suivront.<\/p>\n<p style=\"text-align: justify;\">&laquo;&nbsp;<em>Croyez vous le diable idiot, jeune femme ? S&rsquo;il apparaissait sous une forme fantastique, t\u00e9moignant de ses pouvoirs abominables, que se passerait-il d&rsquo;apr\u00e8s vous ? Le monde entier, face \u00e0 la preuve irr\u00e9futable de son existence, prendrait garde, deviendrait vigilant et s&rsquo;allierait pour lutter contre lui ! Alors tant qu&rsquo;il agit dans l&rsquo;ombre, insidieusement, en tirant les ficelles du mal subtilement, l\u00e0 il demeure une menace permanente, cach\u00e9e, plus forte. Le diable est immortel, ne l&rsquo;oubliez jamais ! Il a appris de ses erreur pass\u00e9es, il a vu notre monde \u00e9voluer et cela a probablement influenc\u00e9 en partie ses d\u00e9veloppements. Il est l\u00e0, plus pr\u00e9sent que jamais, fomentant le chaos, pr\u00e9parant notre chute et son av\u00e8nement\u2026 Il sait qu&rsquo;il a pour lui notre nature versatile, nos doutes et la direction qu&rsquo;a prise notre soci\u00e9t\u00e9. <strong>Tout ce qu&rsquo;il a faire, c&rsquo;est semer ses graines et attendre. La patience du diable, mademoiselle, c&rsquo;est sa meilleure arme contre nous !<\/strong> [\u2026] Lorsque le mal s&rsquo;insinue en l&rsquo;homme, c&rsquo;est un poison qui se distille, il n&rsquo;est bient\u00f4t plus possible de le drainer. Tout ce qu&rsquo;il faut faire, c&rsquo;est l&rsquo;\u00e9carter au plus vite des autres avant qu&rsquo;il ne propage son propre venin. <strong>Le mal est contagieux, ma ch\u00e8re, et nous en sommes les porteurs<\/strong>.<\/em>&nbsp;&raquo; (p250-251).<\/p>\n<p style=\"text-align: justify;\">Comme d&rsquo;habitude, un tr\u00e8s bon thriller, qui nous promet plusieurs heures d&rsquo;angoisses et quelques insomnies\u2026<\/p>\n<p style=\"text-align: justify;\">\n<p style=\"text-align: justify;\"><span style=\"text-decoration: underline;\"><strong>Conseils de lecture<\/strong><\/span><strong> :<\/strong><\/p>\n<p style=\"text-align: justify;\">&#8211;<strong><em>La Conjuration Primitive (Maxime<\/em><em> Chattam)<\/em><\/strong> :\u00a0De Paris \u00e0 Qu\u00e9bec en passant par la Pologne et l\u2019Ecosse, Maxime Chattam nous plonge dans cette terrifiante Conjuration primitive au c\u0153ur des pires d\u00e9viances de la nature humaine.<\/p>\n<p style=\"text-align: justify;\"><span style=\"text-decoration: underline;\">R\u00e9sum\u00e9 :<\/span> &laquo;&nbsp;<em>Et si seul le Mal pouvait combattre le Mal ?<\/em><br \/>\n<em>Une v\u00e9ritable \u00e9pid\u00e9mie de meurtres ravage la France.<\/em><br \/>\n<em>D\u2019un endroit \u00e0 l\u2019autre, les sc\u00e8nes de crime semblent se r\u00e9pondre. Comme un langage ou un jeu.<\/em><br \/>\n<em>Plusieurs tueurs sont-ils \u00e0 l\u2019\u0153uvre ? Se connaissent-ils ?<\/em><br \/>\n<em>Tr\u00e8s vite, l\u2019hexagone ne leur suffit plus : l\u2019Europe enti\u00e8re devient l\u2019enjeu de leur monstrueuse comp\u00e9tition.<\/em><br \/>\n<em>Pour mettre fin \u00e0 cette escalade de l\u2019horreur, pour tenter de comprendre, une brigade pas tout \u00e0 fait comme les autres, \u00e9paul\u00e9e par un c\u00e9l\u00e8bre profiler.<\/em>&laquo;&nbsp;<\/p>\n<p style=\"text-align: justify;\">&#8211;<em><strong>Miserere (Jean-Christophe Grang\u00e9)<\/strong><\/em><strong>\u00a0<\/strong>: \u00a0Du pur Grang\u00e9, complexe, tourment\u00e9, baroque. Un de ses meilleurs thrillers, peut-\u00eatre le plus inqui\u00e9tant, qui m\u00eale enfance, torture (des bourreaux nazis aux bourreaux chiliens), exp\u00e9rimentations scientifiques ultimes et musique&#8230; (Babelio)<\/p>\n<p style=\"text-align: justify;\"><span style=\"text-decoration: underline;\">R\u00e9sum\u00e9 :<\/span> &laquo;&nbsp;<em>Ce sont des enfants. <\/em><\/p>\n<p style=\"text-align: justify;\"><em>Ils ont la puret\u00e9 des diamants les plus parfaits. <\/em><\/p>\n<p style=\"text-align: justify;\"><em>Aucune ombre. <\/em><\/p>\n<p style=\"text-align: justify;\"><em>Aucune inclusion. <\/em><\/p>\n<p style=\"text-align: justify;\"><em>Aucune Faille. <\/em><\/p>\n<p style=\"text-align: justify;\"><em>Mais leur puret\u00e9 est celle du Mal.<\/em>&laquo;&nbsp;<\/p>\n","protected":false},"excerpt":{"rendered":"<p>La patience du Diable \u2013 Maxime Chattam (\u00e9ditions Albin Michel) \u00a0 R\u00e9sum\u00e9 : &laquo;&nbsp;Le Mal peut-il contaminer ceux qui le traquent ? Un go-fast pris en flag qui transporte bien pire que de la drogue\u2026 Deux ados qui tirent sur les passagers d\u2019un TGV lanc\u00e9 \u00e0 pleine vitesse\u2026 Des gens ordinaires d\u00e9couverts morts\u2026 de terreur. [&hellip;]<\/p>\n","protected":false},"author":1,"featured_media":0,"parent":7,"menu_order":0,"comment_status":"open","ping_status":"open","template":"","meta":[],"_links":{"self":[{"href":"https:\/\/leslectures.demarie.fr\/index.php?rest_route=\/wp\/v2\/pages\/99"}],"collection":[{"href":"https:\/\/leslectures.demarie.fr\/index.php?rest_route=\/wp\/v2\/pages"}],"about":[{"href":"https:\/\/leslectures.demarie.fr\/index.php?rest_route=\/wp\/v2\/types\/page"}],"author":[{"embeddable":true,"href":"https:\/\/leslectures.demarie.fr\/index.php?rest_route=\/wp\/v2\/users\/1"}],"replies":[{"embeddable":true,"href":"https:\/\/leslectures.demarie.fr\/index.php?rest_route=%2Fwp%2Fv2%2Fcomments&post=99"}],"version-history":[{"count":2,"href":"https:\/\/leslectures.demarie.fr\/index.php?rest_route=\/wp\/v2\/pages\/99\/revisions"}],"predecessor-version":[{"id":119,"href":"https:\/\/leslectures.demarie.fr\/index.php?rest_route=\/wp\/v2\/pages\/99\/revisions\/119"}],"up":[{"embeddable":true,"href":"https:\/\/leslectures.demarie.fr\/index.php?rest_route=\/wp\/v2\/pages\/7"}],"wp:attachment":[{"href":"https:\/\/leslectures.demarie.fr\/index.php?rest_route=%2Fwp%2Fv2%2Fmedia&parent=99"}],"curies":[{"name":"wp","href":"https:\/\/api.w.org\/{rel}","templated":true}]}}